{"id":1893,"date":"2022-05-25T01:40:48","date_gmt":"2022-05-24T23:40:48","guid":{"rendered":"https:\/\/mascasascruilles.cat\/?page_id=1893"},"modified":"2024-07-12T10:48:58","modified_gmt":"2024-07-12T08:48:58","slug":"taller-tints-naturals-llana","status":"publish","type":"page","link":"https:\/\/mascasascruilles.cat\/en\/taller-tints-naturals-llana\/","title":{"rendered":"Natural wool dyes workshop"},"content":{"rendered":"\n<p><style>\/*! elementor - v3.12.1 - 02-04-2023 *\/<br \/>\n.elementor-heading-title{padding:0;margin:0;line-height:1}.elementor-widget-heading .elementor-heading-title[class*=elementor-size-]>a{color:inherit;font-size:inherit;line-height:inherit}.elementor-widget-heading .elementor-heading-title.elementor-size-small{font-size:15px}.elementor-widget-heading .elementor-heading-title.elementor-size-medium{font-size:19px}.elementor-widget-heading .elementor-heading-title.elementor-size-large{font-size:29px}.elementor-widget-heading .elementor-heading-title.elementor-size-xl{font-size:39px}.elementor-widget-heading .elementor-heading-title.elementor-size-xxl{font-size:59px}<\/style><\/p>\n\n\n<style>.wp-block-kadence-advancedheading.kt-adv-heading_8bc0c3-13, .wp-block-kadence-advancedheading.kt-adv-heading_8bc0c3-13[data-kb-block=\"kb-adv-heading_8bc0c3-13\"]{margin-bottom:var(--global-kb-spacing-sm, 1.5rem);text-align:center;font-style:normal;}.wp-block-kadence-advancedheading.kt-adv-heading_8bc0c3-13 mark.kt-highlight, .wp-block-kadence-advancedheading.kt-adv-heading_8bc0c3-13[data-kb-block=\"kb-adv-heading_8bc0c3-13\"] mark.kt-highlight{font-style:normal;color:#f76a0c;-webkit-box-decoration-break:clone;box-decoration-break:clone;padding-top:0px;padding-right:0px;padding-bottom:0px;padding-left:0px;}.wp-block-kadence-advancedheading.kt-adv-heading_8bc0c3-13 img.kb-inline-image, .wp-block-kadence-advancedheading.kt-adv-heading_8bc0c3-13[data-kb-block=\"kb-adv-heading_8bc0c3-13\"] img.kb-inline-image{width:150px;vertical-align:baseline;}<\/style>\n<h2 class=\"kt-adv-heading_8bc0c3-13 wp-block-kadence-advancedheading\" data-kb-block=\"kb-adv-heading_8bc0c3-13\">Taller d&#8217;introducci\u00f3 a les plantes tint\u00f2ties i la seva aplicacio en llana<style>\/*! elementor - v3.12.1 - 02-04-2023 *\/&amp;amp;lt;br \/> .elementor-widget-image{text-align:center}.elementor-widget-image a{display:inline-block}.elementor-widget-image a img[src$=\".svg\"]{width:48px}.elementor-widget-image img{vertical-align:middle;display:inline-block}<\/style><\/h2>\n\n\n\n<figure class=\"wp-block-image\"><img decoding=\"async\" src=\"https:\/\/mascasascruilles.cat\/wp-content\/uploads\/2022\/05\/@MasCasasCruilles-Llana-tint-natural-768x1024.jpg\" alt=\"\"\/><\/figure>\n\n\n\n<p><strong>Coneix el proc\u00e9s de tint de llana natural amb elements bot\u00e0nics!<\/strong><\/p>\n\n\n\n<p>Els tints naturals o tints vegetals s\u00f3n pigments naturals que s&#8217;extreuen de fonts naturals, com ara les fulles de les plantes. Els tints naturals permeten tenyir materials org\u00e0nics, com la llana o el cot\u00f3, per\u00f2 no teixits sint\u00e8tics. El gran avantatge d&#8217;aquest tipus de tints \u00e9s que podem fer-los a casa. I fins i tot experimentar amb aquells elements que tenim al nostre abast per aconseguir colors \u00fanics.<\/p>\n\n\n\n<p>A Mas Casas us oferim la possibilitat de participar en un taller matinal d&#8217;introducci\u00f3 a les plantes tint\u00f2riques i la seva aplicaci\u00f3 en llana amb els seg\u00fcent temari:<\/p>\n\n\n\n<ol class=\"wp-block-list\">\n<li>Material tintori. Farem servir dos o tres tints: fulles de ceba, herba mate, alvocat.<\/li>\n\n\n\n<li>Proc\u00e9s d&#8217;extracci\u00f3 del tint. T\u00e8cniques i proc\u00e9s senzill.<\/li>\n\n\n\n<li>Proc\u00e9s de mordentat. T\u00e8cniques i metodologia de mordentat amb alum.<\/li>\n\n\n\n<li>Proc\u00e9s de tint de la llana. T\u00e8cniques i metodologia de tints bot\u00e0nics.<\/li>\n\n\n\n<li>Modificadors i ecoprint. T\u00e8cniques i materials per modificar els colors amb elements naturals i per fer estampaci\u00f3 natural.<\/li>\n<\/ol>\n\n\n\n<p>El taller estar\u00e0 condu\u00eft per Martha Pelayo, de Creacions Lapali.<\/p>\n\n\n\n<ul class=\"wp-block-list\">\n<li>35\u20ac per persona amb el material incl\u00f2s. Activitat recomanada a partir de 12 anys.<\/li>\n\n\n\n<li>Activitat en catal\u00e0, castell\u00e0 i angl\u00e8s.<\/li>\n\n\n\n<li>No s\u2019admeten animals de companyia a la finca, excepte els gossos pigall.<\/li>\n\n\n\n<li>Possibilitat d\u2019organitzar l&#8217;experi\u00e8ncia altres dies no programats amb un m\u00ednim de 4 persones. En aquest cas, cal contactar-nos directament.<\/li>\n<\/ul>\n","protected":false},"excerpt":{"rendered":"<p>Introduction workshop to dyeing plants and their application in wool Learn about the process of dyeing natural wool with botanical elements! Natural dyes or vegetable dyes are natural pigments that are extracted from natural sources, such as plant leaves. Natural dyes allow you to dye organic materials, such as wool or...<\/p>","protected":false},"author":3,"featured_media":0,"parent":0,"menu_order":28,"comment_status":"closed","ping_status":"closed","template":"","meta":{"_kad_blocks_custom_css":"","_kad_blocks_head_custom_js":"","_kad_blocks_body_custom_js":"","_kad_blocks_footer_custom_js":"","_kadence_starter_templates_imported_post":false,"_kad_post_transparent":"","_kad_post_title":"","_kad_post_layout":"","_kad_post_sidebar_id":"","_kad_post_content_style":"","_kad_post_vertical_padding":"","_kad_post_feature":"","_kad_post_feature_position":"","_kad_post_header":false,"_kad_post_footer":false,"_kad_post_classname":"","footnotes":""},"class_list":["post-1893","page","type-page","status-publish","hentry"],"yoast_head":"<!-- This site is optimized with the Yoast SEO plugin v27.5 - https:\/\/yoast.com\/product\/yoast-seo-wordpress\/ -->\n<title>Taller tints naturals llana - Mas Casas Cru\u00eflles<\/title>\n<meta name=\"robots\" content=\"index, follow, max-snippet:-1, max-image-preview:large, max-video-preview:-1\" \/>\n<link rel=\"canonical\" href=\"https:\/\/mascasascruilles.cat\/en\/taller-tints-naturals-llana\/\" \/>\n<meta property=\"og:locale\" content=\"en_GB\" \/>\n<meta property=\"og:type\" content=\"article\" \/>\n<meta property=\"og:title\" content=\"Taller tints naturals llana - Mas Casas Cru\u00eflles\" \/>\n<meta property=\"og:description\" content=\"Taller d&#8217;introducci\u00f3 a les plantes tint\u00f2ties i la seva aplicacio en llana Coneix el proc\u00e9s de tint de llana natural amb elements bot\u00e0nics! Els tints naturals o tints vegetals s\u00f3n pigments naturals que s&#8217;extreuen de fonts naturals, com ara les fulles de les plantes. Els tints naturals permeten tenyir materials org\u00e0nics, com la llana o...\" \/>\n<meta property=\"og:url\" content=\"https:\/\/mascasascruilles.cat\/en\/taller-tints-naturals-llana\/\" \/>\n<meta property=\"og:site_name\" content=\"Mas Casas Cru\u00eflles\" \/>\n<meta property=\"article:modified_time\" content=\"2024-07-12T08:48:58+00:00\" \/>\n<meta property=\"og:image\" content=\"https:\/\/mascasascruilles.cat\/wp-content\/uploads\/2022\/05\/@MasCasasCruilles-Llana-tint-natural-768x1024.jpg\" \/>\n<meta name=\"twitter:card\" content=\"summary_large_image\" \/>\n<meta name=\"twitter:label1\" content=\"Estimated reading time\" \/>\n\t<meta name=\"twitter:data1\" content=\"1 minute\" \/>\n<script type=\"application\/ld+json\" class=\"yoast-schema-graph\">{\"@context\":\"https:\\\/\\\/schema.org\",\"@graph\":[{\"@type\":\"WebPage\",\"@id\":\"https:\\\/\\\/mascasascruilles.cat\\\/taller-tints-naturals-llana\\\/\",\"url\":\"https:\\\/\\\/mascasascruilles.cat\\\/taller-tints-naturals-llana\\\/\",\"name\":\"Taller tints naturals llana - Mas Casas Cru\u00eflles\",\"isPartOf\":{\"@id\":\"https:\\\/\\\/mascasascruilles.cat\\\/#website\"},\"primaryImageOfPage\":{\"@id\":\"https:\\\/\\\/mascasascruilles.cat\\\/taller-tints-naturals-llana\\\/#primaryimage\"},\"image\":{\"@id\":\"https:\\\/\\\/mascasascruilles.cat\\\/taller-tints-naturals-llana\\\/#primaryimage\"},\"thumbnailUrl\":\"https:\\\/\\\/mascasascruilles.cat\\\/wp-content\\\/uploads\\\/2022\\\/05\\\/@MasCasasCruilles-Llana-tint-natural-768x1024.jpg\",\"datePublished\":\"2022-05-24T23:40:48+00:00\",\"dateModified\":\"2024-07-12T08:48:58+00:00\",\"breadcrumb\":{\"@id\":\"https:\\\/\\\/mascasascruilles.cat\\\/taller-tints-naturals-llana\\\/#breadcrumb\"},\"inLanguage\":\"en-GB\",\"potentialAction\":[{\"@type\":\"ReadAction\",\"target\":[\"https:\\\/\\\/mascasascruilles.cat\\\/taller-tints-naturals-llana\\\/\"]}]},{\"@type\":\"ImageObject\",\"inLanguage\":\"en-GB\",\"@id\":\"https:\\\/\\\/mascasascruilles.cat\\\/taller-tints-naturals-llana\\\/#primaryimage\",\"url\":\"https:\\\/\\\/mascasascruilles.cat\\\/wp-content\\\/uploads\\\/2022\\\/05\\\/@MasCasasCruilles-Llana-tint-natural-768x1024.jpg\",\"contentUrl\":\"https:\\\/\\\/mascasascruilles.cat\\\/wp-content\\\/uploads\\\/2022\\\/05\\\/@MasCasasCruilles-Llana-tint-natural-768x1024.jpg\"},{\"@type\":\"BreadcrumbList\",\"@id\":\"https:\\\/\\\/mascasascruilles.cat\\\/taller-tints-naturals-llana\\\/#breadcrumb\",\"itemListElement\":[{\"@type\":\"ListItem\",\"position\":1,\"name\":\"Inici\",\"item\":\"https:\\\/\\\/mascasascruilles.cat\\\/\"},{\"@type\":\"ListItem\",\"position\":2,\"name\":\"Taller tints naturals llana\"}]},{\"@type\":\"WebSite\",\"@id\":\"https:\\\/\\\/mascasascruilles.cat\\\/#website\",\"url\":\"https:\\\/\\\/mascasascruilles.cat\\\/\",\"name\":\"Mas Casas Cru\u00eflles\",\"description\":\"Granja familiar amb ovelles a Empord\u00e0\",\"publisher\":{\"@id\":\"https:\\\/\\\/mascasascruilles.cat\\\/#organization\"},\"potentialAction\":[{\"@type\":\"SearchAction\",\"target\":{\"@type\":\"EntryPoint\",\"urlTemplate\":\"https:\\\/\\\/mascasascruilles.cat\\\/?s={search_term_string}\"},\"query-input\":{\"@type\":\"PropertyValueSpecification\",\"valueRequired\":true,\"valueName\":\"search_term_string\"}}],\"inLanguage\":\"en-GB\"},{\"@type\":\"Organization\",\"@id\":\"https:\\\/\\\/mascasascruilles.cat\\\/#organization\",\"name\":\"Mas Casas Cru\u00eflles\",\"url\":\"https:\\\/\\\/mascasascruilles.cat\\\/\",\"logo\":{\"@type\":\"ImageObject\",\"inLanguage\":\"en-GB\",\"@id\":\"https:\\\/\\\/mascasascruilles.cat\\\/#\\\/schema\\\/logo\\\/image\\\/\",\"url\":\"https:\\\/\\\/mascasascruilles.cat\\\/wp-content\\\/uploads\\\/2022\\\/02\\\/cropped-logo_mascasas_negre.jpg\",\"contentUrl\":\"https:\\\/\\\/mascasascruilles.cat\\\/wp-content\\\/uploads\\\/2022\\\/02\\\/cropped-logo_mascasas_negre.jpg\",\"width\":756,\"height\":756,\"caption\":\"Mas Casas Cru\u00eflles\"},\"image\":{\"@id\":\"https:\\\/\\\/mascasascruilles.cat\\\/#\\\/schema\\\/logo\\\/image\\\/\"}}]}<\/script>\n<!-- \/ Yoast SEO plugin. -->","yoast_head_json":{"title":"Taller tints naturals llana - Mas Casas Cru\u00eflles","robots":{"index":"index","follow":"follow","max-snippet":"max-snippet:-1","max-image-preview":"max-image-preview:large","max-video-preview":"max-video-preview:-1"},"canonical":"https:\/\/mascasascruilles.cat\/en\/taller-tints-naturals-llana\/","og_locale":"en_GB","og_type":"article","og_title":"Taller tints naturals llana - Mas Casas Cru\u00eflles","og_description":"Taller d&#8217;introducci\u00f3 a les plantes tint\u00f2ties i la seva aplicacio en llana Coneix el proc\u00e9s de tint de llana natural amb elements bot\u00e0nics! Els tints naturals o tints vegetals s\u00f3n pigments naturals que s&#8217;extreuen de fonts naturals, com ara les fulles de les plantes. Els tints naturals permeten tenyir materials org\u00e0nics, com la llana o...","og_url":"https:\/\/mascasascruilles.cat\/en\/taller-tints-naturals-llana\/","og_site_name":"Mas Casas Cru\u00eflles","article_modified_time":"2024-07-12T08:48:58+00:00","og_image":[{"url":"https:\/\/mascasascruilles.cat\/wp-content\/uploads\/2022\/05\/@MasCasasCruilles-Llana-tint-natural-768x1024.jpg","type":"","width":"","height":""}],"twitter_card":"summary_large_image","twitter_misc":{"Estimated reading time":"1 minute"},"schema":{"@context":"https:\/\/schema.org","@graph":[{"@type":"WebPage","@id":"https:\/\/mascasascruilles.cat\/taller-tints-naturals-llana\/","url":"https:\/\/mascasascruilles.cat\/taller-tints-naturals-llana\/","name":"Taller tints naturals llana - Mas Casas Cru\u00eflles","isPartOf":{"@id":"https:\/\/mascasascruilles.cat\/#website"},"primaryImageOfPage":{"@id":"https:\/\/mascasascruilles.cat\/taller-tints-naturals-llana\/#primaryimage"},"image":{"@id":"https:\/\/mascasascruilles.cat\/taller-tints-naturals-llana\/#primaryimage"},"thumbnailUrl":"https:\/\/mascasascruilles.cat\/wp-content\/uploads\/2022\/05\/@MasCasasCruilles-Llana-tint-natural-768x1024.jpg","datePublished":"2022-05-24T23:40:48+00:00","dateModified":"2024-07-12T08:48:58+00:00","breadcrumb":{"@id":"https:\/\/mascasascruilles.cat\/taller-tints-naturals-llana\/#breadcrumb"},"inLanguage":"en-GB","potentialAction":[{"@type":"ReadAction","target":["https:\/\/mascasascruilles.cat\/taller-tints-naturals-llana\/"]}]},{"@type":"ImageObject","inLanguage":"en-GB","@id":"https:\/\/mascasascruilles.cat\/taller-tints-naturals-llana\/#primaryimage","url":"https:\/\/mascasascruilles.cat\/wp-content\/uploads\/2022\/05\/@MasCasasCruilles-Llana-tint-natural-768x1024.jpg","contentUrl":"https:\/\/mascasascruilles.cat\/wp-content\/uploads\/2022\/05\/@MasCasasCruilles-Llana-tint-natural-768x1024.jpg"},{"@type":"BreadcrumbList","@id":"https:\/\/mascasascruilles.cat\/taller-tints-naturals-llana\/#breadcrumb","itemListElement":[{"@type":"ListItem","position":1,"name":"Inici","item":"https:\/\/mascasascruilles.cat\/"},{"@type":"ListItem","position":2,"name":"Taller tints naturals llana"}]},{"@type":"WebSite","@id":"https:\/\/mascasascruilles.cat\/#website","url":"https:\/\/mascasascruilles.cat\/","name":"Mas Casas Cru\u00eflles","description":"Family farm with sheep in Empord\u00e0","publisher":{"@id":"https:\/\/mascasascruilles.cat\/#organization"},"potentialAction":[{"@type":"SearchAction","target":{"@type":"EntryPoint","urlTemplate":"https:\/\/mascasascruilles.cat\/?s={search_term_string}"},"query-input":{"@type":"PropertyValueSpecification","valueRequired":true,"valueName":"search_term_string"}}],"inLanguage":"en-GB"},{"@type":"Organization","@id":"https:\/\/mascasascruilles.cat\/#organization","name":"Mas Casas Cru\u00eflles","url":"https:\/\/mascasascruilles.cat\/","logo":{"@type":"ImageObject","inLanguage":"en-GB","@id":"https:\/\/mascasascruilles.cat\/#\/schema\/logo\/image\/","url":"https:\/\/mascasascruilles.cat\/wp-content\/uploads\/2022\/02\/cropped-logo_mascasas_negre.jpg","contentUrl":"https:\/\/mascasascruilles.cat\/wp-content\/uploads\/2022\/02\/cropped-logo_mascasas_negre.jpg","width":756,"height":756,"caption":"Mas Casas Cru\u00eflles"},"image":{"@id":"https:\/\/mascasascruilles.cat\/#\/schema\/logo\/image\/"}}]}},"taxonomy_info":[],"featured_image_src_large":false,"author_info":{"display_name":"mascasascruilles","author_link":"https:\/\/mascasascruilles.cat\/en\/author\/mascasascruilles\/"},"comment_info":0,"_links":{"self":[{"href":"https:\/\/mascasascruilles.cat\/en\/wp-json\/wp\/v2\/pages\/1893","targetHints":{"allow":["GET"]}}],"collection":[{"href":"https:\/\/mascasascruilles.cat\/en\/wp-json\/wp\/v2\/pages"}],"about":[{"href":"https:\/\/mascasascruilles.cat\/en\/wp-json\/wp\/v2\/types\/page"}],"author":[{"embeddable":true,"href":"https:\/\/mascasascruilles.cat\/en\/wp-json\/wp\/v2\/users\/3"}],"replies":[{"embeddable":true,"href":"https:\/\/mascasascruilles.cat\/en\/wp-json\/wp\/v2\/comments?post=1893"}],"version-history":[{"count":0,"href":"https:\/\/mascasascruilles.cat\/en\/wp-json\/wp\/v2\/pages\/1893\/revisions"}],"wp:attachment":[{"href":"https:\/\/mascasascruilles.cat\/en\/wp-json\/wp\/v2\/media?parent=1893"}],"curies":[{"name":"wp","href":"https:\/\/api.w.org\/{rel}","templated":true}]}}