{"id":30,"date":"2022-02-07T16:10:33","date_gmt":"2022-02-07T16:10:33","guid":{"rendered":"https:\/\/mascasascruilles.cat\/index.php\/dia-esquilada\/"},"modified":"2024-07-12T10:48:57","modified_gmt":"2024-07-12T08:48:57","slug":"dia-esquilada","status":"publish","type":"page","link":"https:\/\/mascasascruilles.cat\/en\/dia-esquilada\/","title":{"rendered":"Shear Day"},"content":{"rendered":"<style>\/*! elementor - v3.13.2 - 11-05-2023 *\/<br \/>\n.elementor-heading-title{padding:0;margin:0;line-height:1}.elementor-widget-heading .elementor-heading-title[class*=elementor-size-]>a{color:inherit;font-size:inherit;line-height:inherit}.elementor-widget-heading .elementor-heading-title.elementor-size-small{font-size:15px}.elementor-widget-heading .elementor-heading-title.elementor-size-medium{font-size:19px}.elementor-widget-heading .elementor-heading-title.elementor-size-large{font-size:29px}.elementor-widget-heading .elementor-heading-title.elementor-size-xl{font-size:39px}.elementor-widget-heading .elementor-heading-title.elementor-size-xxl{font-size:59px}<\/style>\n<h2>DIA DE L&#8217;ESQUILADA<br \/>\nLA FESTA DE LA LLANA<\/h2>\n<style>\/*! elementor - v3.13.2 - 11-05-2023 *\/<br \/>\n.elementor-widget-image{text-align:center}.elementor-widget-image a{display:inline-block}.elementor-widget-image a img[src$=\".svg\"]{width:48px}.elementor-widget-image img{vertical-align:middle;display:inline-block}<\/style>\n<p><img loading=\"lazy\" decoding=\"async\" src=\"https:\/\/mascasascruilles.cat\/wp-content\/uploads\/2022\/02\/@MasCasasCruilles-detall-esquilada-1024x614-1.jpg\" sizes=\"auto, (max-width: 1024px) 100vw, 1024px\" srcset=\"https:\/\/mascasascruilles.cat\/wp-content\/uploads\/2022\/02\/@MasCasasCruilles-detall-esquilada-1024x614-1.jpg 1024w, https:\/\/mascasascruilles.cat\/wp-content\/uploads\/2022\/02\/@MasCasasCruilles-detall-esquilada-1024x614-1-300x180.jpg 300w, https:\/\/mascasascruilles.cat\/wp-content\/uploads\/2022\/02\/@MasCasasCruilles-detall-esquilada-1024x614-1-768x461.jpg 768w, https:\/\/mascasascruilles.cat\/wp-content\/uploads\/2022\/02\/@MasCasasCruilles-detall-esquilada-1024x614-1-600x360.jpg 600w, https:\/\/mascasascruilles.cat\/wp-content\/uploads\/2022\/02\/elementor\/thumbs\/@MasCasasCruilles-detall-esquilada-1024x614-1-pk6dh7ifeluyql37144oln1ntowz3vxsnw0d0hdygo.jpg 500w\" alt=\"\" width=\"1024\" height=\"614\" \/><\/p>\n<p><strong style=\"font-size: 14px;\">Coneix el proc\u00e9s de la llana, de l\u2019ovella fins a un producte final<\/strong><\/p>\n<p style=\"color: #212121; font-family: Roboto, RobotoDraft, Helvetica, Arial, sans-serif; font-size: 14px; font-style: normal; font-variant-ligatures: normal; font-variant-caps: normal; font-weight: 400; white-space: pre-wrap;\">La llana \u00e9s una fibra natural que s\u2019obt\u00e9 de les ovelles mitjan\u00e7ant un proc\u00e9s anomenat esquella. Els esquiladors professionals tallen la llana molt a prop de la pell amb esquiladores mec\u00e0niques. Les ovelles no pateixen, al contrari, agraeixen l\u2019alliberament de pes i capa per passar un estiu m\u00e9s fresc. Les nostres ovelles s\u2019esquilen un cop l\u2019any, a la primavera (normalment al maig). En temps antics, l\u2019esquilada durava varis dies i quan s&#8217;acabava es celebrava amb un bon \u00e0pat.<\/p>\n<p style=\"color: #212121; font-family: Roboto, RobotoDraft, Helvetica, Arial, sans-serif; font-size: 14px; font-style: normal; font-variant-ligatures: normal; font-variant-caps: normal; font-weight: 400; white-space: pre-wrap;\">El dia de l&#8217;esquilada a Mas Casas es converteix en una festa de la llana, una oportunitat per aprendre i gaudir d&#8217;aquest material i tots els oficis que l&#8217;envolten, sol\/a o acompanyat\/da de la fam\u00edlia i\/o amics.<\/p>\n<p style=\"color: #212121; font-family: Roboto, RobotoDraft, Helvetica, Arial, sans-serif; font-size: 14px; font-style: normal; font-variant-ligatures: normal; font-variant-caps: normal; font-weight: 400; white-space: pre-wrap;\">Oferim la possibilitat de visitar Mas Casas Cru\u00eflles el dia de l\u2019esquilada, durant el qual es pot:<\/p>\n<ul>\n<li style=\"color: #212121; font-family: Roboto, RobotoDraft, Helvetica, Arial, sans-serif; font-size: 14px; font-style: normal; font-variant-ligatures: normal; font-variant-caps: normal; font-weight: 400; white-space: pre-wrap;\">Veure com treballen els esquiladors<\/li>\n<li style=\"color: #212121; font-family: Roboto, RobotoDraft, Helvetica, Arial, sans-serif; font-size: 14px; font-style: normal; font-variant-ligatures: normal; font-variant-caps: normal; font-weight: 400; white-space: pre-wrap;\">Aprendre sobre la llana, les seves propietats i els seus usos actuals<\/li>\n<li style=\"color: #212121; font-family: Roboto, RobotoDraft, Helvetica, Arial, sans-serif; font-size: 14px; font-style: normal; font-variant-ligatures: normal; font-variant-caps: normal; font-weight: 400; white-space: pre-wrap;\">Participar en diversos tallers per cardar, enfeltrar, teixir&#8230; amb artesans\/nes<\/li>\n<li style=\"color: #212121; font-family: Roboto, RobotoDraft, Helvetica, Arial, sans-serif; font-size: 14px; font-style: normal; font-variant-ligatures: normal; font-variant-caps: normal; font-weight: 400; white-space: pre-wrap;\">Con\u00e8ixer el nostre projecte de ramaderia sostenible<\/li>\n<li>Tastar els nostres productes l\u00e0ctics<\/li>\n<li style=\"font-variant-ligatures: normal; font-variant-caps: normal; font-family: Roboto, RobotoDraft, Helvetica, Arial, sans-serif; font-size: 14px; font-style: normal; font-weight: 400; color: #212121; white-space: pre-wrap;\">Gaudir d&#8217;un espai a l&#8217;aire lliure sol\/a, en fam\u00edlia i\/o amics<\/li>\n<li style=\"font-variant-ligatures: normal; font-variant-caps: normal; font-family: Roboto, RobotoDraft, Helvetica, Arial, sans-serif; font-size: 14px; font-style: normal; font-weight: 400; color: #212121; white-space: pre-wrap;\">Comprar productes al voltant d&#8217;una ovella<\/li>\n<\/ul>\n<ul>\n<li>Propera edici\u00f3: diumenge 4 de maig de 2025 (de 10h a 14h)<\/li>\n<li>Places limitades.<\/li>\n<li>No s&#8217;admeten animals de companyia a la finca, excepte els gossos pigall.<\/li>\n<li>Activitat per a totes les edats.<\/li>\n<li>Activitat a l&#8217;aire lliure.<\/li>\n<\/ul>\n<p><img decoding=\"async\" title=\"@MasCasasCruilles Dia Esquilada 2023 taller El Talleret del Clot filar web\" src=\"https:\/\/mascasascruilles.cat\/wp-content\/uploads\/elementor\/thumbs\/@MasCasasCruilles-Dia-Esquilada-2023-taller-El-Talleret-del-Clot-filar-web-q6k25a2act8c80pgviadggq2f1efz8sufzyxlazb20.jpg\" alt=\"@MasCasasCruilles Dia Esquilada 2023 taller El Talleret del Clot filar web\" \/><br \/>\n<img decoding=\"async\" title=\"@MasCasasCruilles-Esquilada-tocant-llana-bruta-p9vxffxw6k7n0lvos7phkn09ipp0dd35cko2wn4pfc\" src=\"https:\/\/mascasascruilles.cat\/wp-content\/uploads\/elementor\/thumbs\/@MasCasasCruilles-Esquilada-tocant-llana-bruta-p9vxffxw6k7n0lvos7phkn09ipp0dd35cko2wn4pfc-pk6df1htncw5yy8iooencoqeiplid0c2p5v1y8wu0w.jpg\" alt=\"@MasCasasCruilles-Esquilada-tocant-llana-bruta-p9vxffxw6k7n0lvos7phkn09ipp0dd35cko2wn4pfc\" \/><br \/>\n<img decoding=\"async\" title=\"@MasCasasCruilles Dia Esquilada 2023 Siglantana web\" src=\"https:\/\/mascasascruilles.cat\/wp-content\/uploads\/elementor\/thumbs\/@MasCasasCruilles-Dia-Esquilada-2023-Siglantana-web-q6k24t56xsl6f1e1maz37kzrq3pu4oxodo86yboe60.jpg\" alt=\"@MasCasasCruilles Dia Esquilada 2023 Siglantana web\" \/><br \/>\n<img decoding=\"async\" title=\"@MasCasasCruilles Dia Esquilada 2023 taller O Textil teler web\" src=\"https:\/\/mascasascruilles.cat\/wp-content\/uploads\/elementor\/thumbs\/@MasCasasCruilles-Dia-Esquilada-2023-taller-O-Textil-teler-web-q6k23bke48ju19jvb5tcrgihv51wxy0z6b1iljvu0o.jpg\" alt=\"@MasCasasCruilles Dia Esquilada 2023 taller O Textil teler web\" \/><br \/>\n<img decoding=\"async\" title=\"@MasCasasCruilles Dia Esquilada 2023 taller cardar web\" src=\"https:\/\/mascasascruilles.cat\/wp-content\/uploads\/elementor\/thumbs\/@MasCasasCruilles-Dia-Esquilada-2023-taller-cardar-web-q6k244pe03nq16djl0eser5sa32akk8nmb9kh4omns.jpg\" alt=\"@MasCasasCruilles Dia Esquilada 2023 taller cardar web\" \/><br \/>\n<img decoding=\"async\" title=\"@MasCasasCruilles Dia Esquilada 2023 global web\" src=\"https:\/\/mascasascruilles.cat\/wp-content\/uploads\/elementor\/thumbs\/@MasCasasCruilles-Dia-Esquilada-2023-global-web-q6k267wh6uintzcbdwwxy86nswrnocj6kngev9l4u0.jpg\" alt=\"@MasCasasCruilles Dia Esquilada 2023 global web\" \/><\/p>\n<style>\/*! elementor - v3.13.2 - 11-05-2023 *\/<br \/>\n.elementor-widget-divider{--divider-border-style:none;--divider-border-width:1px;--divider-color:#0c0d0e;--divider-icon-size:20px;--divider-element-spacing:10px;--divider-pattern-height:24px;--divider-pattern-size:20px;--divider-pattern-url:none;--divider-pattern-repeat:repeat-x}.elementor-widget-divider .elementor-divider{display:flex}.elementor-widget-divider .elementor-divider__text{font-size:15px;line-height:1;max-width:95%}.elementor-widget-divider .elementor-divider__element{margin:0 var(--divider-element-spacing);flex-shrink:0}.elementor-widget-divider .elementor-icon{font-size:var(--divider-icon-size)}.elementor-widget-divider .elementor-divider-separator{display:flex;margin:0;direction:ltr}.elementor-widget-divider--view-line_icon .elementor-divider-separator,.elementor-widget-divider--view-line_text .elementor-divider-separator{align-items:center}.elementor-widget-divider--view-line_icon .elementor-divider-separator:after,.elementor-widget-divider--view-line_icon .elementor-divider-separator:before,.elementor-widget-divider--view-line_text .elementor-divider-separator:after,.elementor-widget-divider--view-line_text .elementor-divider-separator:before{display:block;content:\"\";border-bottom:0;flex-grow:1;border-top:var(--divider-border-width) var(--divider-border-style) var(--divider-color)}.elementor-widget-divider--element-align-left .elementor-divider .elementor-divider-separator>.elementor-divider__svg:first-of-type{flex-grow:0;flex-shrink:100}.elementor-widget-divider--element-align-left .elementor-divider-separator:before{content:none}.elementor-widget-divider--element-align-left .elementor-divider__element{margin-left:0}.elementor-widget-divider--element-align-right .elementor-divider .elementor-divider-separator>.elementor-divider__svg:last-of-type{flex-grow:0;flex-shrink:100}.elementor-widget-divider--element-align-right .elementor-divider-separator:after{content:none}.elementor-widget-divider--element-align-right .elementor-divider__element{margin-right:0}.elementor-widget-divider:not(.elementor-widget-divider--view-line_text):not(.elementor-widget-divider--view-line_icon) .elementor-divider-separator{border-top:var(--divider-border-width) var(--divider-border-style) var(--divider-color)}.elementor-widget-divider--separator-type-pattern{--divider-border-style:none}.elementor-widget-divider--separator-type-pattern.elementor-widget-divider--view-line .elementor-divider-separator,.elementor-widget-divider--separator-type-pattern:not(.elementor-widget-divider--view-line) .elementor-divider-separator:after,.elementor-widget-divider--separator-type-pattern:not(.elementor-widget-divider--view-line) .elementor-divider-separator:before,.elementor-widget-divider--separator-type-pattern:not([class*=elementor-widget-divider--view]) .elementor-divider-separator{width:100%;min-height:var(--divider-pattern-height);-webkit-mask-size:var(--divider-pattern-size) 100%;mask-size:var(--divider-pattern-size) 100%;-webkit-mask-repeat:var(--divider-pattern-repeat);mask-repeat:var(--divider-pattern-repeat);background-color:var(--divider-color);-webkit-mask-image:var(--divider-pattern-url);mask-image:var(--divider-pattern-url)}.elementor-widget-divider--no-spacing{--divider-pattern-size:auto}.elementor-widget-divider--bg-round{--divider-pattern-repeat:round}.rtl .elementor-widget-divider .elementor-divider__text{direction:rtl}.e-con-inner>.elementor-widget-divider,.e-con>.elementor-widget-divider{width:var(--container-widget-width,100%);--flex-grow:var(--container-widget-flex-grow)}<\/style>\n<h2>TAMB\u00c9 ET POT INTERESSAR&#8230;<\/h2>\n<p><a href=\"https:\/\/mascasascruilles.cat\/llana-ovella\/\"><br \/>\n<img decoding=\"async\" title=\"@MasCasasCruilles-Coixins-farcits-ow8vm5e614the09kcr54ose3c0nw9h2fymlvffo69k\" src=\"https:\/\/mascasascruilles.cat\/wp-content\/uploads\/elementor\/thumbs\/@MasCasasCruilles-Coixins-farcits-ow8vm5e614the09kcr54ose3c0nw9h2fymlvffo69k-pk67fmtbg60lbz4mikeiy1llpvbce36j2zr8pgary8.jpg\" alt=\"@MasCasasCruilles-Coixins-farcits-ow8vm5e614the09kcr54ose3c0nw9h2fymlvffo69k\" \/> <\/a><\/p>\n<h2><a href=\"http:\/\/mas-casas.local\/llana-ovella\/\">LLANA D&#8217;OVELLA<\/a><\/h2>\n<p><a href=\"https:\/\/mascasascruilles.cat\/taller-sabo-enfeltrat\/\"><br \/>\n<img decoding=\"async\" title=\"@MasCasasCruilles taller sabo mans infants horitzontal\" src=\"https:\/\/mascasascruilles.cat\/wp-content\/uploads\/elementor\/thumbs\/@MasCasasCruilles-taller-sabo-mans-infants-horitzontal-scaled-pm77skrezuyck0xgnzmyhs1of4qbcjrkx6fddukmgo.jpg\" alt=\"@MasCasasCruilles taller sabo mans infants horitzontal\" \/> <\/a><\/p>\n<h2><a href=\"https:\/\/mascasascruilles.cat\/taller-sabo-enfeltrat\/\">TALLER SAB\u00d3 ENFELTRAT<br \/>\nRESIDU CERO<\/a><\/h2>\n<p><a href=\"https:\/\/mascasascruilles.cat\/taller-tints-naturals-llana\/\"><br \/>\n<img decoding=\"async\" title=\"@MasCasasCruilles Llana tint natural\" src=\"https:\/\/mascasascruilles.cat\/wp-content\/uploads\/elementor\/thumbs\/@MasCasasCruilles-Llana-tint-natural-scaled-ppb1w2qrog7a5m7wsdw9aaue8adwxij5x3f5cdbyk8.jpg\" alt=\"@MasCasasCruilles Llana tint natural\" \/> <\/a><\/p>\n<h2><a href=\"https:\/\/mascasascruilles.cat\/taller-tints-naturals-llana\/\">TALLER TINTS NATURALS APLICATS A LA LLANA<\/a><\/h2>\n","protected":false},"excerpt":{"rendered":"<p>SHEARING DAY THE WOOL FESTIVAL Learn about the wool process, from the sheep to a final product. Wool is a natural fiber that is obtained from sheep through a process called shearing. Professional shearers cut the wool very close to the skin with mechanical shears. Sheep don&#039;t\u2026<\/p>","protected":false},"author":3,"featured_media":0,"parent":0,"menu_order":9,"comment_status":"closed","ping_status":"closed","template":"","meta":{"_kad_blocks_custom_css":"","_kad_blocks_head_custom_js":"","_kad_blocks_body_custom_js":"","_kad_blocks_footer_custom_js":"","_kadence_starter_templates_imported_post":false,"_kad_post_transparent":"","_kad_post_title":"","_kad_post_layout":"","_kad_post_sidebar_id":"","_kad_post_content_style":"","_kad_post_vertical_padding":"","_kad_post_feature":"","_kad_post_feature_position":"","_kad_post_header":false,"_kad_post_footer":false,"_kad_post_classname":"","footnotes":""},"class_list":["post-30","page","type-page","status-publish","hentry"],"yoast_head":"<!-- This site is optimized with the Yoast SEO plugin v27.4 - https:\/\/yoast.com\/product\/yoast-seo-wordpress\/ -->\n<title>Dia Esquilada - Mas Casas Cru\u00eflles<\/title>\n<meta name=\"robots\" content=\"index, follow, max-snippet:-1, max-image-preview:large, max-video-preview:-1\" \/>\n<link rel=\"canonical\" href=\"https:\/\/mascasascruilles.cat\/en\/dia-esquilada\/\" \/>\n<meta property=\"og:locale\" content=\"en_GB\" \/>\n<meta property=\"og:type\" content=\"article\" \/>\n<meta property=\"og:title\" content=\"Dia Esquilada - Mas Casas Cru\u00eflles\" \/>\n<meta property=\"og:description\" content=\"DIA DE L&#8217;ESQUILADA LA FESTA DE LA LLANA Coneix el proc\u00e9s de la llana, de l\u2019ovella fins a un producte final La llana \u00e9s una fibra natural que s\u2019obt\u00e9 de les ovelles mitjan\u00e7ant un proc\u00e9s anomenat esquella. Els esquiladors professionals tallen la llana molt a prop de la pell amb esquiladores mec\u00e0niques. Les ovelles no...\" \/>\n<meta property=\"og:url\" content=\"https:\/\/mascasascruilles.cat\/en\/dia-esquilada\/\" \/>\n<meta property=\"og:site_name\" content=\"Mas Casas Cru\u00eflles\" \/>\n<meta property=\"article:modified_time\" content=\"2024-07-12T08:48:57+00:00\" \/>\n<meta property=\"og:image\" content=\"https:\/\/mascasascruilles.cat\/wp-content\/uploads\/2022\/02\/@MasCasasCruilles-detall-esquilada-1024x614-1.jpg\" \/>\n<meta name=\"twitter:card\" content=\"summary_large_image\" \/>\n<meta name=\"twitter:label1\" content=\"Estimated reading time\" \/>\n\t<meta name=\"twitter:data1\" content=\"4 minutes\" \/>\n<script type=\"application\/ld+json\" class=\"yoast-schema-graph\">{\"@context\":\"https:\\\/\\\/schema.org\",\"@graph\":[{\"@type\":\"WebPage\",\"@id\":\"https:\\\/\\\/mascasascruilles.cat\\\/dia-esquilada\\\/\",\"url\":\"https:\\\/\\\/mascasascruilles.cat\\\/dia-esquilada\\\/\",\"name\":\"Dia Esquilada - Mas Casas Cru\u00eflles\",\"isPartOf\":{\"@id\":\"https:\\\/\\\/mascasascruilles.cat\\\/#website\"},\"primaryImageOfPage\":{\"@id\":\"https:\\\/\\\/mascasascruilles.cat\\\/dia-esquilada\\\/#primaryimage\"},\"image\":{\"@id\":\"https:\\\/\\\/mascasascruilles.cat\\\/dia-esquilada\\\/#primaryimage\"},\"thumbnailUrl\":\"https:\\\/\\\/mascasascruilles.cat\\\/wp-content\\\/uploads\\\/2022\\\/02\\\/@MasCasasCruilles-detall-esquilada-1024x614-1.jpg\",\"datePublished\":\"2022-02-07T16:10:33+00:00\",\"dateModified\":\"2024-07-12T08:48:57+00:00\",\"breadcrumb\":{\"@id\":\"https:\\\/\\\/mascasascruilles.cat\\\/dia-esquilada\\\/#breadcrumb\"},\"inLanguage\":\"en-GB\",\"potentialAction\":[{\"@type\":\"ReadAction\",\"target\":[\"https:\\\/\\\/mascasascruilles.cat\\\/dia-esquilada\\\/\"]}]},{\"@type\":\"ImageObject\",\"inLanguage\":\"en-GB\",\"@id\":\"https:\\\/\\\/mascasascruilles.cat\\\/dia-esquilada\\\/#primaryimage\",\"url\":\"https:\\\/\\\/mascasascruilles.cat\\\/wp-content\\\/uploads\\\/2022\\\/02\\\/@MasCasasCruilles-detall-esquilada-1024x614-1.jpg\",\"contentUrl\":\"https:\\\/\\\/mascasascruilles.cat\\\/wp-content\\\/uploads\\\/2022\\\/02\\\/@MasCasasCruilles-detall-esquilada-1024x614-1.jpg\"},{\"@type\":\"BreadcrumbList\",\"@id\":\"https:\\\/\\\/mascasascruilles.cat\\\/dia-esquilada\\\/#breadcrumb\",\"itemListElement\":[{\"@type\":\"ListItem\",\"position\":1,\"name\":\"Inici\",\"item\":\"https:\\\/\\\/mascasascruilles.cat\\\/\"},{\"@type\":\"ListItem\",\"position\":2,\"name\":\"Dia Esquilada\"}]},{\"@type\":\"WebSite\",\"@id\":\"https:\\\/\\\/mascasascruilles.cat\\\/#website\",\"url\":\"https:\\\/\\\/mascasascruilles.cat\\\/\",\"name\":\"Mas Casas Cru\u00eflles\",\"description\":\"Granja familiar amb ovelles a Empord\u00e0\",\"publisher\":{\"@id\":\"https:\\\/\\\/mascasascruilles.cat\\\/#organization\"},\"potentialAction\":[{\"@type\":\"SearchAction\",\"target\":{\"@type\":\"EntryPoint\",\"urlTemplate\":\"https:\\\/\\\/mascasascruilles.cat\\\/?s={search_term_string}\"},\"query-input\":{\"@type\":\"PropertyValueSpecification\",\"valueRequired\":true,\"valueName\":\"search_term_string\"}}],\"inLanguage\":\"en-GB\"},{\"@type\":\"Organization\",\"@id\":\"https:\\\/\\\/mascasascruilles.cat\\\/#organization\",\"name\":\"Mas Casas Cru\u00eflles\",\"url\":\"https:\\\/\\\/mascasascruilles.cat\\\/\",\"logo\":{\"@type\":\"ImageObject\",\"inLanguage\":\"en-GB\",\"@id\":\"https:\\\/\\\/mascasascruilles.cat\\\/#\\\/schema\\\/logo\\\/image\\\/\",\"url\":\"https:\\\/\\\/mascasascruilles.cat\\\/wp-content\\\/uploads\\\/2022\\\/02\\\/cropped-logo_mascasas_negre.jpg\",\"contentUrl\":\"https:\\\/\\\/mascasascruilles.cat\\\/wp-content\\\/uploads\\\/2022\\\/02\\\/cropped-logo_mascasas_negre.jpg\",\"width\":756,\"height\":756,\"caption\":\"Mas Casas Cru\u00eflles\"},\"image\":{\"@id\":\"https:\\\/\\\/mascasascruilles.cat\\\/#\\\/schema\\\/logo\\\/image\\\/\"}}]}<\/script>\n<!-- \/ Yoast SEO plugin. -->","yoast_head_json":{"title":"Dia Esquilada - Mas Casas Cru\u00eflles","robots":{"index":"index","follow":"follow","max-snippet":"max-snippet:-1","max-image-preview":"max-image-preview:large","max-video-preview":"max-video-preview:-1"},"canonical":"https:\/\/mascasascruilles.cat\/en\/dia-esquilada\/","og_locale":"en_GB","og_type":"article","og_title":"Dia Esquilada - Mas Casas Cru\u00eflles","og_description":"DIA DE L&#8217;ESQUILADA LA FESTA DE LA LLANA Coneix el proc\u00e9s de la llana, de l\u2019ovella fins a un producte final La llana \u00e9s una fibra natural que s\u2019obt\u00e9 de les ovelles mitjan\u00e7ant un proc\u00e9s anomenat esquella. Els esquiladors professionals tallen la llana molt a prop de la pell amb esquiladores mec\u00e0niques. Les ovelles no...","og_url":"https:\/\/mascasascruilles.cat\/en\/dia-esquilada\/","og_site_name":"Mas Casas Cru\u00eflles","article_modified_time":"2024-07-12T08:48:57+00:00","og_image":[{"url":"https:\/\/mascasascruilles.cat\/wp-content\/uploads\/2022\/02\/@MasCasasCruilles-detall-esquilada-1024x614-1.jpg","type":"","width":"","height":""}],"twitter_card":"summary_large_image","twitter_misc":{"Estimated reading time":"4 minutes"},"schema":{"@context":"https:\/\/schema.org","@graph":[{"@type":"WebPage","@id":"https:\/\/mascasascruilles.cat\/dia-esquilada\/","url":"https:\/\/mascasascruilles.cat\/dia-esquilada\/","name":"Dia Esquilada - Mas Casas Cru\u00eflles","isPartOf":{"@id":"https:\/\/mascasascruilles.cat\/#website"},"primaryImageOfPage":{"@id":"https:\/\/mascasascruilles.cat\/dia-esquilada\/#primaryimage"},"image":{"@id":"https:\/\/mascasascruilles.cat\/dia-esquilada\/#primaryimage"},"thumbnailUrl":"https:\/\/mascasascruilles.cat\/wp-content\/uploads\/2022\/02\/@MasCasasCruilles-detall-esquilada-1024x614-1.jpg","datePublished":"2022-02-07T16:10:33+00:00","dateModified":"2024-07-12T08:48:57+00:00","breadcrumb":{"@id":"https:\/\/mascasascruilles.cat\/dia-esquilada\/#breadcrumb"},"inLanguage":"en-GB","potentialAction":[{"@type":"ReadAction","target":["https:\/\/mascasascruilles.cat\/dia-esquilada\/"]}]},{"@type":"ImageObject","inLanguage":"en-GB","@id":"https:\/\/mascasascruilles.cat\/dia-esquilada\/#primaryimage","url":"https:\/\/mascasascruilles.cat\/wp-content\/uploads\/2022\/02\/@MasCasasCruilles-detall-esquilada-1024x614-1.jpg","contentUrl":"https:\/\/mascasascruilles.cat\/wp-content\/uploads\/2022\/02\/@MasCasasCruilles-detall-esquilada-1024x614-1.jpg"},{"@type":"BreadcrumbList","@id":"https:\/\/mascasascruilles.cat\/dia-esquilada\/#breadcrumb","itemListElement":[{"@type":"ListItem","position":1,"name":"Inici","item":"https:\/\/mascasascruilles.cat\/"},{"@type":"ListItem","position":2,"name":"Dia Esquilada"}]},{"@type":"WebSite","@id":"https:\/\/mascasascruilles.cat\/#website","url":"https:\/\/mascasascruilles.cat\/","name":"Mas Casas Cru\u00eflles","description":"Family farm with sheep in Empord\u00e0","publisher":{"@id":"https:\/\/mascasascruilles.cat\/#organization"},"potentialAction":[{"@type":"SearchAction","target":{"@type":"EntryPoint","urlTemplate":"https:\/\/mascasascruilles.cat\/?s={search_term_string}"},"query-input":{"@type":"PropertyValueSpecification","valueRequired":true,"valueName":"search_term_string"}}],"inLanguage":"en-GB"},{"@type":"Organization","@id":"https:\/\/mascasascruilles.cat\/#organization","name":"Mas Casas Cru\u00eflles","url":"https:\/\/mascasascruilles.cat\/","logo":{"@type":"ImageObject","inLanguage":"en-GB","@id":"https:\/\/mascasascruilles.cat\/#\/schema\/logo\/image\/","url":"https:\/\/mascasascruilles.cat\/wp-content\/uploads\/2022\/02\/cropped-logo_mascasas_negre.jpg","contentUrl":"https:\/\/mascasascruilles.cat\/wp-content\/uploads\/2022\/02\/cropped-logo_mascasas_negre.jpg","width":756,"height":756,"caption":"Mas Casas Cru\u00eflles"},"image":{"@id":"https:\/\/mascasascruilles.cat\/#\/schema\/logo\/image\/"}}]}},"taxonomy_info":[],"featured_image_src_large":false,"author_info":{"display_name":"mascasascruilles","author_link":"https:\/\/mascasascruilles.cat\/en\/author\/mascasascruilles\/"},"comment_info":0,"_links":{"self":[{"href":"https:\/\/mascasascruilles.cat\/en\/wp-json\/wp\/v2\/pages\/30","targetHints":{"allow":["GET"]}}],"collection":[{"href":"https:\/\/mascasascruilles.cat\/en\/wp-json\/wp\/v2\/pages"}],"about":[{"href":"https:\/\/mascasascruilles.cat\/en\/wp-json\/wp\/v2\/types\/page"}],"author":[{"embeddable":true,"href":"https:\/\/mascasascruilles.cat\/en\/wp-json\/wp\/v2\/users\/3"}],"replies":[{"embeddable":true,"href":"https:\/\/mascasascruilles.cat\/en\/wp-json\/wp\/v2\/comments?post=30"}],"version-history":[{"count":1,"href":"https:\/\/mascasascruilles.cat\/en\/wp-json\/wp\/v2\/pages\/30\/revisions"}],"predecessor-version":[{"id":4164,"href":"https:\/\/mascasascruilles.cat\/en\/wp-json\/wp\/v2\/pages\/30\/revisions\/4164"}],"wp:attachment":[{"href":"https:\/\/mascasascruilles.cat\/en\/wp-json\/wp\/v2\/media?parent=30"}],"curies":[{"name":"wp","href":"https:\/\/api.w.org\/{rel}","templated":true}]}}