{"id":3350,"date":"2023-07-24T09:15:07","date_gmt":"2023-07-24T07:15:07","guid":{"rendered":"https:\/\/mascasascruilles.cat\/?page_id=3350"},"modified":"2024-07-12T10:48:58","modified_gmt":"2024-07-12T08:48:58","slug":"declaracion-de-accesibilidad","status":"publish","type":"page","link":"https:\/\/mascasascruilles.cat\/en\/declaracion-de-accesibilidad\/","title":{"rendered":"Accessibility statement"},"content":{"rendered":"<p>Mas Casas is committed to making your website accessible, in accordance with Royal Decree 1112\/2018, of September 7, on the accessibility of websites and applications for mobile devices in the public sector.<\/p>\n\n\n\n<p>This accessibility statement applies to this website.<\/p>\n\n\n\n<p><strong>Compliance status<\/strong><\/p>\n\n\n\n<p>This website is developed in accordance with RD 1112\/2018<\/p>\n\n\n\n<p><strong>Preparing for the next accessibility statement<\/strong><\/p>\n\n\n\n<p>This statement was prepared on April 20, 2023.<\/p>\n\n\n\n<p>The method used to prepare the statement was a self-assessment.<\/p>\n\n\n\n<p><strong>Observations and contact details<\/strong><\/p>\n\n\n\n<p>You can make communications about accessibility requirements (article 10.2.a of RD 1112\/2018) such as:<\/p>\n\n\n\n<ul class=\"wp-block-list\">\n<li>Report any possible breach by this website<\/li>\n\n\n\n<li>Convey other content access difficulties<\/li>\n\n\n\n<li>Formulate any other query or improvement suggestion regarding the accessibility of the website through the\u00a0<a href=\"https:\/\/mascasascruilles.cat\/en\/contacte\/\" data-type=\"page\" data-id=\"33\">contact form<\/a>\u00a0from this website or via the telephone number +34 678 306 608.<\/li>\n<\/ul>\n\n\n\n<p>You can submit:<\/p>\n\n\n\n<ul class=\"wp-block-list\">\n<li>Complaint regarding compliance with the requirements of RD 1112\/2018<\/li>\n\n\n\n<li>Request for accessible information regarding:\n<ul class=\"wp-block-list\">\n<li>Contents that are excluded from the scope of application of RD 1112\/2018 according to what is established in article 3, section 4<\/li>\n\n\n\n<li>Content that is exempt from compliance with accessibility requirements to impose a disproportionate burden<\/li>\n\n\n\n<li>In the Request for accessible information, it is necessary to specify, with complete clarity, the facts, the reasons and the request that make it possible to verify that it is a reasonable and legitimate request.<\/li>\n<\/ul>\n<\/li>\n<\/ul>\n\n\n\n<p>Complaints and claims about accessible information will be made through the electronic headquarters (https:\/\/sede.red.gob.es\/procedimientos\/quejas-y-sugerencias), and will be received and processed by the Systems area of the Information from Red.\u00e9s.<\/p>\n\n\n\n<p><strong>Optional content<\/strong><\/p>\n\n\n\n<ul class=\"wp-block-list\">\n<li>If you want to change the font size of the text in the main graphic browsers use the following menus:<\/li>\n\n\n\n<li>Safari: View &gt; Make text larger<\/li>\n\n\n\n<li>Chrome: Control Current Page &gt; Text Size<\/li>\n<\/ul>\n\n\n\n<p>To resize everything on the page:<\/p>\n\n\n\n<ul class=\"wp-block-list\">\n<li>Ctrl + + to increase it<\/li>\n\n\n\n<li>Ctrl + \u2013 to decrease it<\/li>\n\n\n\n<li>Ctrl + 0 restores the original text size<\/li>\n\n\n\n<li>If what you want is to override the style sheet or change the color of the text, you can consult the WAI&#039;s How to Change Text Size or Colors page, which can be read translated into Spanish at How to Change the Size of the text or colors?<\/li>\n<\/ul>","protected":false},"excerpt":{"rendered":"<p>Mas Casas is committed to making your website accessible, in accordance with Royal Decree 1112\/2018, of September 7, on the accessibility of websites and applications for mobile devices in the public sector. This accessibility statement applies to this website. Compliance Status This website is developed in accordance with the RD\u2026<\/p>","protected":false},"author":4,"featured_media":0,"parent":0,"menu_order":32,"comment_status":"closed","ping_status":"closed","template":"","meta":{"_kad_blocks_custom_css":"","_kad_blocks_head_custom_js":"","_kad_blocks_body_custom_js":"","_kad_blocks_footer_custom_js":"","_kadence_starter_templates_imported_post":false,"_kad_post_transparent":"","_kad_post_title":"","_kad_post_layout":"","_kad_post_sidebar_id":"","_kad_post_content_style":"","_kad_post_vertical_padding":"","_kad_post_feature":"","_kad_post_feature_position":"","_kad_post_header":false,"_kad_post_footer":false,"_kad_post_classname":"","footnotes":""},"class_list":["post-3350","page","type-page","status-publish","hentry"],"yoast_head":"<!-- This site is optimized with the Yoast SEO plugin v27.4 - https:\/\/yoast.com\/product\/yoast-seo-wordpress\/ -->\n<title>Declaraci\u00f3 d&#039;accessibilitat - Mas Casas Cru\u00eflles<\/title>\n<meta name=\"robots\" content=\"index, follow, max-snippet:-1, max-image-preview:large, max-video-preview:-1\" \/>\n<link rel=\"canonical\" href=\"https:\/\/mascasascruilles.cat\/en\/declaracion-de-accesibilidad\/\" \/>\n<meta property=\"og:locale\" content=\"en_GB\" \/>\n<meta property=\"og:type\" content=\"article\" \/>\n<meta property=\"og:title\" content=\"Declaraci\u00f3 d&#039;accessibilitat - Mas Casas Cru\u00eflles\" \/>\n<meta property=\"og:description\" content=\"Mas Casas. s\u2019ha comprom\u00e8s a fer accessible el vostre lloc web, de conformitat amb el Reial Decret 1112\/2018, de 7 de setembre, sobre accessibilitat dels llocs web i aplicacions per a dispositius m\u00f2bils del sector p\u00fablic. Aquesta declaraci\u00f3 d\u2019accessibilitat s\u2019aplica a aquesta web. Situaci\u00f3 de compliment Aquest lloc web est\u00e0 desenvolupat d\u2019acord amb el RD...\" \/>\n<meta property=\"og:url\" content=\"https:\/\/mascasascruilles.cat\/en\/declaracion-de-accesibilidad\/\" \/>\n<meta property=\"og:site_name\" content=\"Mas Casas Cru\u00eflles\" \/>\n<meta property=\"article:modified_time\" content=\"2024-07-12T08:48:58+00:00\" \/>\n<meta name=\"twitter:card\" content=\"summary_large_image\" \/>\n<meta name=\"twitter:label1\" content=\"Estimated reading time\" \/>\n\t<meta name=\"twitter:data1\" content=\"2 minutes\" \/>\n<script type=\"application\/ld+json\" class=\"yoast-schema-graph\">{\"@context\":\"https:\\\/\\\/schema.org\",\"@graph\":[{\"@type\":\"WebPage\",\"@id\":\"https:\\\/\\\/mascasascruilles.cat\\\/declaracion-de-accesibilidad\\\/\",\"url\":\"https:\\\/\\\/mascasascruilles.cat\\\/declaracion-de-accesibilidad\\\/\",\"name\":\"Declaraci\u00f3 d'accessibilitat - Mas Casas Cru\u00eflles\",\"isPartOf\":{\"@id\":\"https:\\\/\\\/mascasascruilles.cat\\\/#website\"},\"datePublished\":\"2023-07-24T07:15:07+00:00\",\"dateModified\":\"2024-07-12T08:48:58+00:00\",\"breadcrumb\":{\"@id\":\"https:\\\/\\\/mascasascruilles.cat\\\/declaracion-de-accesibilidad\\\/#breadcrumb\"},\"inLanguage\":\"en-GB\",\"potentialAction\":[{\"@type\":\"ReadAction\",\"target\":[\"https:\\\/\\\/mascasascruilles.cat\\\/declaracion-de-accesibilidad\\\/\"]}]},{\"@type\":\"BreadcrumbList\",\"@id\":\"https:\\\/\\\/mascasascruilles.cat\\\/declaracion-de-accesibilidad\\\/#breadcrumb\",\"itemListElement\":[{\"@type\":\"ListItem\",\"position\":1,\"name\":\"Inici\",\"item\":\"https:\\\/\\\/mascasascruilles.cat\\\/\"},{\"@type\":\"ListItem\",\"position\":2,\"name\":\"Declaraci\u00f3 d&#8217;accessibilitat\"}]},{\"@type\":\"WebSite\",\"@id\":\"https:\\\/\\\/mascasascruilles.cat\\\/#website\",\"url\":\"https:\\\/\\\/mascasascruilles.cat\\\/\",\"name\":\"Mas Casas Cru\u00eflles\",\"description\":\"Granja familiar amb ovelles a Empord\u00e0\",\"publisher\":{\"@id\":\"https:\\\/\\\/mascasascruilles.cat\\\/#organization\"},\"potentialAction\":[{\"@type\":\"SearchAction\",\"target\":{\"@type\":\"EntryPoint\",\"urlTemplate\":\"https:\\\/\\\/mascasascruilles.cat\\\/?s={search_term_string}\"},\"query-input\":{\"@type\":\"PropertyValueSpecification\",\"valueRequired\":true,\"valueName\":\"search_term_string\"}}],\"inLanguage\":\"en-GB\"},{\"@type\":\"Organization\",\"@id\":\"https:\\\/\\\/mascasascruilles.cat\\\/#organization\",\"name\":\"Mas Casas Cru\u00eflles\",\"url\":\"https:\\\/\\\/mascasascruilles.cat\\\/\",\"logo\":{\"@type\":\"ImageObject\",\"inLanguage\":\"en-GB\",\"@id\":\"https:\\\/\\\/mascasascruilles.cat\\\/#\\\/schema\\\/logo\\\/image\\\/\",\"url\":\"https:\\\/\\\/mascasascruilles.cat\\\/wp-content\\\/uploads\\\/2022\\\/02\\\/cropped-logo_mascasas_negre.jpg\",\"contentUrl\":\"https:\\\/\\\/mascasascruilles.cat\\\/wp-content\\\/uploads\\\/2022\\\/02\\\/cropped-logo_mascasas_negre.jpg\",\"width\":756,\"height\":756,\"caption\":\"Mas Casas Cru\u00eflles\"},\"image\":{\"@id\":\"https:\\\/\\\/mascasascruilles.cat\\\/#\\\/schema\\\/logo\\\/image\\\/\"}}]}<\/script>\n<!-- \/ Yoast SEO plugin. -->","yoast_head_json":{"title":"Declaraci\u00f3 d'accessibilitat - Mas Casas Cru\u00eflles","robots":{"index":"index","follow":"follow","max-snippet":"max-snippet:-1","max-image-preview":"max-image-preview:large","max-video-preview":"max-video-preview:-1"},"canonical":"https:\/\/mascasascruilles.cat\/en\/declaracion-de-accesibilidad\/","og_locale":"en_GB","og_type":"article","og_title":"Declaraci\u00f3 d'accessibilitat - Mas Casas Cru\u00eflles","og_description":"Mas Casas. s\u2019ha comprom\u00e8s a fer accessible el vostre lloc web, de conformitat amb el Reial Decret 1112\/2018, de 7 de setembre, sobre accessibilitat dels llocs web i aplicacions per a dispositius m\u00f2bils del sector p\u00fablic. Aquesta declaraci\u00f3 d\u2019accessibilitat s\u2019aplica a aquesta web. Situaci\u00f3 de compliment Aquest lloc web est\u00e0 desenvolupat d\u2019acord amb el RD...","og_url":"https:\/\/mascasascruilles.cat\/en\/declaracion-de-accesibilidad\/","og_site_name":"Mas Casas Cru\u00eflles","article_modified_time":"2024-07-12T08:48:58+00:00","twitter_card":"summary_large_image","twitter_misc":{"Estimated reading time":"2 minutes"},"schema":{"@context":"https:\/\/schema.org","@graph":[{"@type":"WebPage","@id":"https:\/\/mascasascruilles.cat\/declaracion-de-accesibilidad\/","url":"https:\/\/mascasascruilles.cat\/declaracion-de-accesibilidad\/","name":"Declaraci\u00f3 d'accessibilitat - Mas Casas Cru\u00eflles","isPartOf":{"@id":"https:\/\/mascasascruilles.cat\/#website"},"datePublished":"2023-07-24T07:15:07+00:00","dateModified":"2024-07-12T08:48:58+00:00","breadcrumb":{"@id":"https:\/\/mascasascruilles.cat\/declaracion-de-accesibilidad\/#breadcrumb"},"inLanguage":"en-GB","potentialAction":[{"@type":"ReadAction","target":["https:\/\/mascasascruilles.cat\/declaracion-de-accesibilidad\/"]}]},{"@type":"BreadcrumbList","@id":"https:\/\/mascasascruilles.cat\/declaracion-de-accesibilidad\/#breadcrumb","itemListElement":[{"@type":"ListItem","position":1,"name":"Inici","item":"https:\/\/mascasascruilles.cat\/"},{"@type":"ListItem","position":2,"name":"Declaraci\u00f3 d&#8217;accessibilitat"}]},{"@type":"WebSite","@id":"https:\/\/mascasascruilles.cat\/#website","url":"https:\/\/mascasascruilles.cat\/","name":"Mas Casas Cru\u00eflles","description":"Family farm with sheep in Empord\u00e0","publisher":{"@id":"https:\/\/mascasascruilles.cat\/#organization"},"potentialAction":[{"@type":"SearchAction","target":{"@type":"EntryPoint","urlTemplate":"https:\/\/mascasascruilles.cat\/?s={search_term_string}"},"query-input":{"@type":"PropertyValueSpecification","valueRequired":true,"valueName":"search_term_string"}}],"inLanguage":"en-GB"},{"@type":"Organization","@id":"https:\/\/mascasascruilles.cat\/#organization","name":"Mas Casas Cru\u00eflles","url":"https:\/\/mascasascruilles.cat\/","logo":{"@type":"ImageObject","inLanguage":"en-GB","@id":"https:\/\/mascasascruilles.cat\/#\/schema\/logo\/image\/","url":"https:\/\/mascasascruilles.cat\/wp-content\/uploads\/2022\/02\/cropped-logo_mascasas_negre.jpg","contentUrl":"https:\/\/mascasascruilles.cat\/wp-content\/uploads\/2022\/02\/cropped-logo_mascasas_negre.jpg","width":756,"height":756,"caption":"Mas Casas Cru\u00eflles"},"image":{"@id":"https:\/\/mascasascruilles.cat\/#\/schema\/logo\/image\/"}}]}},"taxonomy_info":[],"featured_image_src_large":false,"author_info":{"display_name":"eloi","author_link":"https:\/\/mascasascruilles.cat\/en\/author\/eloi\/"},"comment_info":0,"_links":{"self":[{"href":"https:\/\/mascasascruilles.cat\/en\/wp-json\/wp\/v2\/pages\/3350","targetHints":{"allow":["GET"]}}],"collection":[{"href":"https:\/\/mascasascruilles.cat\/en\/wp-json\/wp\/v2\/pages"}],"about":[{"href":"https:\/\/mascasascruilles.cat\/en\/wp-json\/wp\/v2\/types\/page"}],"author":[{"embeddable":true,"href":"https:\/\/mascasascruilles.cat\/en\/wp-json\/wp\/v2\/users\/4"}],"replies":[{"embeddable":true,"href":"https:\/\/mascasascruilles.cat\/en\/wp-json\/wp\/v2\/comments?post=3350"}],"version-history":[{"count":0,"href":"https:\/\/mascasascruilles.cat\/en\/wp-json\/wp\/v2\/pages\/3350\/revisions"}],"wp:attachment":[{"href":"https:\/\/mascasascruilles.cat\/en\/wp-json\/wp\/v2\/media?parent=3350"}],"curies":[{"name":"wp","href":"https:\/\/api.w.org\/{rel}","templated":true}]}}