{"id":48,"date":"2022-02-07T16:10:34","date_gmt":"2022-02-07T16:10:34","guid":{"rendered":"https:\/\/mascasascruilles.cat\/index.php\/productes-de-pages\/"},"modified":"2024-07-12T10:48:58","modified_gmt":"2024-07-12T08:48:58","slug":"productes-de-pages","status":"publish","type":"page","link":"https:\/\/mascasascruilles.cat\/en\/productes-de-pages\/","title":{"rendered":"Farmer&#039;s products"},"content":{"rendered":"<figure class=\"wp-block-image\"><img decoding=\"async\" src=\"https:\/\/mascasascruilles.cat\/wp-content\/uploads\/elementor\/thumbs\/@MasCasasCruilles-Verdura-hort-p9yr7vri2q8qdw1xw4ypj1tfvmthjf3lfwyq45qi4g-pk6e6sorq2ksckwah4i0vawpoxh3spyp4l7ee0ln28.jpeg\" alt=\"@MasCasasCruilles-Verdura-hort-p9yr7vri2q8qdw1xw4ypj1tfvmthjf3lfwyq45qi4g\" title=\"@MasCasasCruilles-Verdura-hort-p9yr7vri2q8qdw1xw4ypj1tfvmthjf3lfwyq45qi4g\"\/><\/figure>\n\n\n\n<p>Mas Casas is a traditional farmer&#039;s house and, as such, is located in an elevated and sunny location, with water points, outbuildings with livestock, a hen house very close to the orchard and the manure pit. In addition, on the banks and surrounding fields we have fruit trees, almond trees and olive trees. We try to achieve maximum energy and resource efficiency, as our ancestors did. We understand the garden, the corral and the fruit trees as an extension of our stove, as another essential part of the farm&#039;s infrastructure. We have a little bit of everything but in small quantities. We offer you the possibility to buy these products and enjoy them as much as we do!<\/p>\n\n\n\n<h2 class=\"wp-block-heading\">Chicken eggs<\/h2>\n\n\n\n<p>The eggs are a natural product, from our blonde and black hens, reared on the ground and fed with their own cereal feed and leftovers from the garden. We carry out salmonella checks and other checks required by the Generalitat de Catalunya.<\/p>\n\n\n\n<p>They are sold with clutches of 12 or 6 eggs. We reward customers who bring eggs from home with a price reduction!<\/p>\n\n\n\n<h2 class=\"wp-block-heading\">PRODUCTS OF THE GARDEN<\/h2>\n\n\n\n<p>In the summer months, the garden at Mas Casas is usually full of tomatoes, lettuce and other vegetables that have been grown without any type of chemical product, based on the pillars that support agroecology and permaculture with the objective of investing the minimum labor and obtaining the maximum benefits.<\/p>\n\n\n\n<p>Permaculture is a science that seeks to apply the mechanisms that occur naturally in wild ecosystems and apply them to our cultivated agroecosystem. With these principles applied to the vegetable garden, we seek to create healthy, resistant and stable ecosystems, seeking to have healthy plants that are not vulnerable to pests and diseases. We do not seek to replace synthetic chemicals with less polluting natural chemicals. Our goal is to create resilient, healthy plants and ecosystems that function with minimal human intervention.<\/p>\n\n\n\n<p>If you come to one of our stores you will see what we have according to the season and the production available at that time.<\/p>\n\n\n\n<h2 class=\"wp-block-heading\">ALMONDS<\/h2>\n\n\n\n<p>Almonds are a dried fruit rooted in our culture and a true source of nutrients and benefits for our body. Put a small handful of almonds into your life every day and start experiencing a big change! In addition, cracking almonds can be an entertaining and fun activity to share with the little ones in the house.<\/p>\n\n\n\n<p>Almonds with cloves are sold per kg.<\/p>\n\n\n\n<p>We have currently sold out of all almonds. We hope to have a good harvest and offer you this product again next season.<\/p>\n\n\n\n<h2 class=\"wp-block-heading\">Olive oil<\/h2>\n\n\n\n<p>Extra virgin olive oil is one of the most appreciated gastronomic products of the Mediterranean diet and each culture has its own way of producing and eating it. Our extra virgin olive oil is made with Argudell olives, the Empord\u00e0 variety, from our olive groves. The collection of the olives is not mechanized.<\/p>\n\n\n\n<p>Virgin olive oil is marketed packaged in 25 CL, 2 L and 5 L bottles.<\/p>\n\n\n\n<p>Currently we have used up all the oil. We hope to have a good harvest and offer you this product again next season.<\/p>","protected":false},"excerpt":{"rendered":"<p>Mas Casas is a traditional farmer&#039;s house and, as such, is located in an elevated and sunny location, with water points, outbuildings with livestock, a chicken coop very close to the orchard and the manure pit. In addition, on the banks and surrounding fields we have fruit trees, almond trees and olive trees. We try to get the\u2026<\/p>","protected":false},"author":3,"featured_media":0,"parent":0,"menu_order":21,"comment_status":"closed","ping_status":"closed","template":"","meta":{"_kad_blocks_custom_css":"","_kad_blocks_head_custom_js":"","_kad_blocks_body_custom_js":"","_kad_blocks_footer_custom_js":"","_kadence_starter_templates_imported_post":false,"_kad_post_transparent":"","_kad_post_title":"","_kad_post_layout":"","_kad_post_sidebar_id":"","_kad_post_content_style":"","_kad_post_vertical_padding":"","_kad_post_feature":"","_kad_post_feature_position":"","_kad_post_header":false,"_kad_post_footer":false,"_kad_post_classname":"","footnotes":""},"class_list":["post-48","page","type-page","status-publish","hentry"],"yoast_head":"<!-- This site is optimized with the Yoast SEO plugin v27.5 - https:\/\/yoast.com\/product\/yoast-seo-wordpress\/ -->\n<title>Productes de pag\u00e8s - Mas Casas Cru\u00eflles<\/title>\n<meta name=\"robots\" content=\"index, follow, max-snippet:-1, max-image-preview:large, max-video-preview:-1\" \/>\n<link rel=\"canonical\" href=\"https:\/\/mascasascruilles.cat\/en\/productes-de-pages\/\" \/>\n<meta property=\"og:locale\" content=\"en_GB\" \/>\n<meta property=\"og:type\" content=\"article\" \/>\n<meta property=\"og:title\" content=\"Productes de pag\u00e8s - Mas Casas Cru\u00eflles\" \/>\n<meta property=\"og:description\" content=\"Mas Casas \u00e9s una casa de pag\u00e8s tradicional i, com a tal, es troba en un lloc elevat i assolellat, amb punts d&#8217;aigua, edificacions annexes amb bestiar, un galliner molt a prop de l&#8217;hort i del femer. A m\u00e9s, als marges i camps del voltant hi tenim arbres fruiters, ametllers i oliveres. Intentem aconseguir la...\" \/>\n<meta property=\"og:url\" content=\"https:\/\/mascasascruilles.cat\/en\/productes-de-pages\/\" \/>\n<meta property=\"og:site_name\" content=\"Mas Casas Cru\u00eflles\" \/>\n<meta property=\"article:modified_time\" content=\"2024-07-12T08:48:58+00:00\" \/>\n<meta property=\"og:image\" content=\"https:\/\/mascasascruilles.cat\/wp-content\/uploads\/elementor\/thumbs\/@MasCasasCruilles-Verdura-hort-p9yr7vri2q8qdw1xw4ypj1tfvmthjf3lfwyq45qi4g-pk6e6sorq2ksckwah4i0vawpoxh3spyp4l7ee0ln28.jpeg\" \/>\n<meta name=\"twitter:card\" content=\"summary_large_image\" \/>\n<meta name=\"twitter:label1\" content=\"Estimated reading time\" \/>\n\t<meta name=\"twitter:data1\" content=\"3 minutes\" \/>\n<script type=\"application\/ld+json\" class=\"yoast-schema-graph\">{\"@context\":\"https:\\\/\\\/schema.org\",\"@graph\":[{\"@type\":\"WebPage\",\"@id\":\"https:\\\/\\\/mascasascruilles.cat\\\/productes-de-pages\\\/\",\"url\":\"https:\\\/\\\/mascasascruilles.cat\\\/productes-de-pages\\\/\",\"name\":\"Productes de pag\u00e8s - Mas Casas Cru\u00eflles\",\"isPartOf\":{\"@id\":\"https:\\\/\\\/mascasascruilles.cat\\\/#website\"},\"primaryImageOfPage\":{\"@id\":\"https:\\\/\\\/mascasascruilles.cat\\\/productes-de-pages\\\/#primaryimage\"},\"image\":{\"@id\":\"https:\\\/\\\/mascasascruilles.cat\\\/productes-de-pages\\\/#primaryimage\"},\"thumbnailUrl\":\"https:\\\/\\\/mascasascruilles.cat\\\/wp-content\\\/uploads\\\/elementor\\\/thumbs\\\/@MasCasasCruilles-Verdura-hort-p9yr7vri2q8qdw1xw4ypj1tfvmthjf3lfwyq45qi4g-pk6e6sorq2ksckwah4i0vawpoxh3spyp4l7ee0ln28.jpeg\",\"datePublished\":\"2022-02-07T16:10:34+00:00\",\"dateModified\":\"2024-07-12T08:48:58+00:00\",\"breadcrumb\":{\"@id\":\"https:\\\/\\\/mascasascruilles.cat\\\/productes-de-pages\\\/#breadcrumb\"},\"inLanguage\":\"en-GB\",\"potentialAction\":[{\"@type\":\"ReadAction\",\"target\":[\"https:\\\/\\\/mascasascruilles.cat\\\/productes-de-pages\\\/\"]}]},{\"@type\":\"ImageObject\",\"inLanguage\":\"en-GB\",\"@id\":\"https:\\\/\\\/mascasascruilles.cat\\\/productes-de-pages\\\/#primaryimage\",\"url\":\"https:\\\/\\\/mascasascruilles.cat\\\/wp-content\\\/uploads\\\/elementor\\\/thumbs\\\/@MasCasasCruilles-Verdura-hort-p9yr7vri2q8qdw1xw4ypj1tfvmthjf3lfwyq45qi4g-pk6e6sorq2ksckwah4i0vawpoxh3spyp4l7ee0ln28.jpeg\",\"contentUrl\":\"https:\\\/\\\/mascasascruilles.cat\\\/wp-content\\\/uploads\\\/elementor\\\/thumbs\\\/@MasCasasCruilles-Verdura-hort-p9yr7vri2q8qdw1xw4ypj1tfvmthjf3lfwyq45qi4g-pk6e6sorq2ksckwah4i0vawpoxh3spyp4l7ee0ln28.jpeg\"},{\"@type\":\"BreadcrumbList\",\"@id\":\"https:\\\/\\\/mascasascruilles.cat\\\/productes-de-pages\\\/#breadcrumb\",\"itemListElement\":[{\"@type\":\"ListItem\",\"position\":1,\"name\":\"Inici\",\"item\":\"https:\\\/\\\/mascasascruilles.cat\\\/\"},{\"@type\":\"ListItem\",\"position\":2,\"name\":\"Productes de pag\u00e8s\"}]},{\"@type\":\"WebSite\",\"@id\":\"https:\\\/\\\/mascasascruilles.cat\\\/#website\",\"url\":\"https:\\\/\\\/mascasascruilles.cat\\\/\",\"name\":\"Mas Casas Cru\u00eflles\",\"description\":\"Granja familiar amb ovelles a Empord\u00e0\",\"publisher\":{\"@id\":\"https:\\\/\\\/mascasascruilles.cat\\\/#organization\"},\"potentialAction\":[{\"@type\":\"SearchAction\",\"target\":{\"@type\":\"EntryPoint\",\"urlTemplate\":\"https:\\\/\\\/mascasascruilles.cat\\\/?s={search_term_string}\"},\"query-input\":{\"@type\":\"PropertyValueSpecification\",\"valueRequired\":true,\"valueName\":\"search_term_string\"}}],\"inLanguage\":\"en-GB\"},{\"@type\":\"Organization\",\"@id\":\"https:\\\/\\\/mascasascruilles.cat\\\/#organization\",\"name\":\"Mas Casas Cru\u00eflles\",\"url\":\"https:\\\/\\\/mascasascruilles.cat\\\/\",\"logo\":{\"@type\":\"ImageObject\",\"inLanguage\":\"en-GB\",\"@id\":\"https:\\\/\\\/mascasascruilles.cat\\\/#\\\/schema\\\/logo\\\/image\\\/\",\"url\":\"https:\\\/\\\/mascasascruilles.cat\\\/wp-content\\\/uploads\\\/2022\\\/02\\\/cropped-logo_mascasas_negre.jpg\",\"contentUrl\":\"https:\\\/\\\/mascasascruilles.cat\\\/wp-content\\\/uploads\\\/2022\\\/02\\\/cropped-logo_mascasas_negre.jpg\",\"width\":756,\"height\":756,\"caption\":\"Mas Casas Cru\u00eflles\"},\"image\":{\"@id\":\"https:\\\/\\\/mascasascruilles.cat\\\/#\\\/schema\\\/logo\\\/image\\\/\"}}]}<\/script>\n<!-- \/ Yoast SEO plugin. -->","yoast_head_json":{"title":"Productes de pag\u00e8s - Mas Casas Cru\u00eflles","robots":{"index":"index","follow":"follow","max-snippet":"max-snippet:-1","max-image-preview":"max-image-preview:large","max-video-preview":"max-video-preview:-1"},"canonical":"https:\/\/mascasascruilles.cat\/en\/productes-de-pages\/","og_locale":"en_GB","og_type":"article","og_title":"Productes de pag\u00e8s - Mas Casas Cru\u00eflles","og_description":"Mas Casas \u00e9s una casa de pag\u00e8s tradicional i, com a tal, es troba en un lloc elevat i assolellat, amb punts d&#8217;aigua, edificacions annexes amb bestiar, un galliner molt a prop de l&#8217;hort i del femer. A m\u00e9s, als marges i camps del voltant hi tenim arbres fruiters, ametllers i oliveres. Intentem aconseguir la...","og_url":"https:\/\/mascasascruilles.cat\/en\/productes-de-pages\/","og_site_name":"Mas Casas Cru\u00eflles","article_modified_time":"2024-07-12T08:48:58+00:00","og_image":[{"url":"https:\/\/mascasascruilles.cat\/wp-content\/uploads\/elementor\/thumbs\/@MasCasasCruilles-Verdura-hort-p9yr7vri2q8qdw1xw4ypj1tfvmthjf3lfwyq45qi4g-pk6e6sorq2ksckwah4i0vawpoxh3spyp4l7ee0ln28.jpeg","type":"","width":"","height":""}],"twitter_card":"summary_large_image","twitter_misc":{"Estimated reading time":"3 minutes"},"schema":{"@context":"https:\/\/schema.org","@graph":[{"@type":"WebPage","@id":"https:\/\/mascasascruilles.cat\/productes-de-pages\/","url":"https:\/\/mascasascruilles.cat\/productes-de-pages\/","name":"Productes de pag\u00e8s - Mas Casas Cru\u00eflles","isPartOf":{"@id":"https:\/\/mascasascruilles.cat\/#website"},"primaryImageOfPage":{"@id":"https:\/\/mascasascruilles.cat\/productes-de-pages\/#primaryimage"},"image":{"@id":"https:\/\/mascasascruilles.cat\/productes-de-pages\/#primaryimage"},"thumbnailUrl":"https:\/\/mascasascruilles.cat\/wp-content\/uploads\/elementor\/thumbs\/@MasCasasCruilles-Verdura-hort-p9yr7vri2q8qdw1xw4ypj1tfvmthjf3lfwyq45qi4g-pk6e6sorq2ksckwah4i0vawpoxh3spyp4l7ee0ln28.jpeg","datePublished":"2022-02-07T16:10:34+00:00","dateModified":"2024-07-12T08:48:58+00:00","breadcrumb":{"@id":"https:\/\/mascasascruilles.cat\/productes-de-pages\/#breadcrumb"},"inLanguage":"en-GB","potentialAction":[{"@type":"ReadAction","target":["https:\/\/mascasascruilles.cat\/productes-de-pages\/"]}]},{"@type":"ImageObject","inLanguage":"en-GB","@id":"https:\/\/mascasascruilles.cat\/productes-de-pages\/#primaryimage","url":"https:\/\/mascasascruilles.cat\/wp-content\/uploads\/elementor\/thumbs\/@MasCasasCruilles-Verdura-hort-p9yr7vri2q8qdw1xw4ypj1tfvmthjf3lfwyq45qi4g-pk6e6sorq2ksckwah4i0vawpoxh3spyp4l7ee0ln28.jpeg","contentUrl":"https:\/\/mascasascruilles.cat\/wp-content\/uploads\/elementor\/thumbs\/@MasCasasCruilles-Verdura-hort-p9yr7vri2q8qdw1xw4ypj1tfvmthjf3lfwyq45qi4g-pk6e6sorq2ksckwah4i0vawpoxh3spyp4l7ee0ln28.jpeg"},{"@type":"BreadcrumbList","@id":"https:\/\/mascasascruilles.cat\/productes-de-pages\/#breadcrumb","itemListElement":[{"@type":"ListItem","position":1,"name":"Inici","item":"https:\/\/mascasascruilles.cat\/"},{"@type":"ListItem","position":2,"name":"Productes de pag\u00e8s"}]},{"@type":"WebSite","@id":"https:\/\/mascasascruilles.cat\/#website","url":"https:\/\/mascasascruilles.cat\/","name":"Mas Casas Cru\u00eflles","description":"Family farm with sheep in Empord\u00e0","publisher":{"@id":"https:\/\/mascasascruilles.cat\/#organization"},"potentialAction":[{"@type":"SearchAction","target":{"@type":"EntryPoint","urlTemplate":"https:\/\/mascasascruilles.cat\/?s={search_term_string}"},"query-input":{"@type":"PropertyValueSpecification","valueRequired":true,"valueName":"search_term_string"}}],"inLanguage":"en-GB"},{"@type":"Organization","@id":"https:\/\/mascasascruilles.cat\/#organization","name":"Mas Casas Cru\u00eflles","url":"https:\/\/mascasascruilles.cat\/","logo":{"@type":"ImageObject","inLanguage":"en-GB","@id":"https:\/\/mascasascruilles.cat\/#\/schema\/logo\/image\/","url":"https:\/\/mascasascruilles.cat\/wp-content\/uploads\/2022\/02\/cropped-logo_mascasas_negre.jpg","contentUrl":"https:\/\/mascasascruilles.cat\/wp-content\/uploads\/2022\/02\/cropped-logo_mascasas_negre.jpg","width":756,"height":756,"caption":"Mas Casas Cru\u00eflles"},"image":{"@id":"https:\/\/mascasascruilles.cat\/#\/schema\/logo\/image\/"}}]}},"taxonomy_info":[],"featured_image_src_large":false,"author_info":{"display_name":"mascasascruilles","author_link":"https:\/\/mascasascruilles.cat\/en\/author\/mascasascruilles\/"},"comment_info":0,"_links":{"self":[{"href":"https:\/\/mascasascruilles.cat\/en\/wp-json\/wp\/v2\/pages\/48","targetHints":{"allow":["GET"]}}],"collection":[{"href":"https:\/\/mascasascruilles.cat\/en\/wp-json\/wp\/v2\/pages"}],"about":[{"href":"https:\/\/mascasascruilles.cat\/en\/wp-json\/wp\/v2\/types\/page"}],"author":[{"embeddable":true,"href":"https:\/\/mascasascruilles.cat\/en\/wp-json\/wp\/v2\/users\/3"}],"replies":[{"embeddable":true,"href":"https:\/\/mascasascruilles.cat\/en\/wp-json\/wp\/v2\/comments?post=48"}],"version-history":[{"count":0,"href":"https:\/\/mascasascruilles.cat\/en\/wp-json\/wp\/v2\/pages\/48\/revisions"}],"wp:attachment":[{"href":"https:\/\/mascasascruilles.cat\/en\/wp-json\/wp\/v2\/media?parent=48"}],"curies":[{"name":"wp","href":"https:\/\/api.w.org\/{rel}","templated":true}]}}