{"id":2457,"date":"2022-12-12T02:15:40","date_gmt":"2022-12-12T01:15:40","guid":{"rendered":"https:\/\/mascasascruilles.cat\/?post_type=product&#038;p=2457"},"modified":"2025-08-18T21:29:03","modified_gmt":"2025-08-18T19:29:03","slug":"joc-de-teixir-lovella","status":"publish","type":"product","link":"https:\/\/mascasascruilles.cat\/en\/product\/joc-de-teixir-lovella\/","title":{"rendered":"Sheep weaving game"},"content":{"rendered":"<p>Set of wood and spun sheep&#039;s wool to have fun knitting a sheep.<\/p>\n<p>Product especially suitable for children from 3 years old, elderly people and people with cognitive difficulties.<\/p>\n<p><strong>Instructions:<\/strong><\/p>\n<p>Insert the needle with spun wool through the different holes in order to cover the sheep. The result varies depending on the design that, intentionally or randomly, the player has made. To get a woollier sheep, you need to repeat the process with the other skeins of spun wool.<\/p>\n<p><strong>Cognitive benefits:<\/strong><\/p>\n<ul>\n<li>Develop manual dexterity.<\/li>\n<li>Exercise hand-eye coordination.<\/li>\n<li>Improve concentration.<\/li>\n<li>Stimulate creativity.<\/li>\n<li>Enjoy the touch of natural materials.<\/li>\n<\/ul>\n<p>&nbsp;<\/p>\n<p><strong>Manufacturing and materials:<\/strong><\/p>\n<ul>\n<li>The set features perforated wood in the shape of a sheep, wooden needle and 3 skeins of spun wool.<\/li>\n<li>Locally produced Catalan beech wood game.<\/li>\n<li>Sheep&#039;s wool from the own flock, carded and spun in Catalonia.<\/li>\n<li>Assembly by people with intellectual disabilities from the Tramuntana occupational and special work center.<\/li>\n<\/ul>","protected":false},"excerpt":{"rendered":"<p>Game of wood and spun sheep&#039;s wool to have fun knitting a sheep, and at the same time develop manual dexterity, hand-eye coordination, improve concentration, stimulate creativity and enjoy the touch of natural materials.<\/p>\n<p>Especially suitable for children from 3 years old, elderly people and people with cognitive difficulties.<\/p>","protected":false},"featured_media":2759,"template":"","meta":{"_kad_blocks_custom_css":"","_kad_blocks_head_custom_js":"","_kad_blocks_body_custom_js":"","_kad_blocks_footer_custom_js":"","_kadence_starter_templates_imported_post":false,"_kad_post_transparent":"default","_kad_post_title":"","_kad_post_layout":"default","_kad_post_sidebar_id":"","_kad_post_content_style":"default","_kad_post_vertical_padding":"default","_kad_post_feature":"","_kad_post_feature_position":"","_kad_post_header":false,"_kad_post_footer":false,"_kad_post_classname":""},"product_brand":[],"product_cat":[44],"product_tag":[],"class_list":{"0":"post-2457","1":"product","2":"type-product","3":"status-publish","4":"has-post-thumbnail","6":"product_cat-llana","7":"product_shipping_class-enviament-nacional","9":"first","10":"instock","11":"taxable","12":"shipping-taxable","13":"purchasable","14":"product-type-simple","15":"entry","16":"content-bg","17":"loop-entry"},"yoast_head":"<!-- This site is optimized with the Yoast SEO plugin v27.4 - https:\/\/yoast.com\/product\/yoast-seo-wordpress\/ -->\n<title>Joc de teixir l&#039;ovella - Mas Casas Cru\u00eflles<\/title>\n<meta name=\"robots\" content=\"index, follow, max-snippet:-1, max-image-preview:large, max-video-preview:-1\" \/>\n<link rel=\"canonical\" href=\"https:\/\/mascasascruilles.cat\/en\/product\/joc-de-teixir-lovella\/\" \/>\n<meta property=\"og:locale\" content=\"en_GB\" \/>\n<meta property=\"og:type\" content=\"article\" \/>\n<meta property=\"og:title\" content=\"Joc de teixir l&#039;ovella - Mas Casas Cru\u00eflles\" \/>\n<meta property=\"og:description\" content=\"Joc de fusta i llana d&#039;ovella filada per entretenir-se teixint una ovella, i alhora desenvolupar l&#039;habilitat manual, la coordinaci\u00f3 ull-m\u00e0, millorar la concentraci\u00f3, estimular la creativitat i gaudir del tacte de materials naturals.  Especialment indicat per a infants a partir de 3 anys, persones grans i amb dificultats cognitives.\" \/>\n<meta property=\"og:url\" content=\"https:\/\/mascasascruilles.cat\/en\/product\/joc-de-teixir-lovella\/\" \/>\n<meta property=\"og:site_name\" content=\"Mas Casas Cru\u00eflles\" \/>\n<meta property=\"article:modified_time\" content=\"2025-08-18T19:29:03+00:00\" \/>\n<meta property=\"og:image\" content=\"https:\/\/mascasascruilles.cat\/wp-content\/uploads\/2023\/04\/@MasCasasCruilles-ovella-llanuda.jpg\" \/>\n\t<meta property=\"og:image:width\" content=\"2000\" \/>\n\t<meta property=\"og:image:height\" content=\"1204\" \/>\n\t<meta property=\"og:image:type\" content=\"image\/jpeg\" \/>\n<meta name=\"twitter:card\" content=\"summary_large_image\" \/>\n<meta name=\"twitter:label1\" content=\"Estimated reading time\" \/>\n\t<meta name=\"twitter:data1\" content=\"1 minute\" \/>\n<script type=\"application\/ld+json\" class=\"yoast-schema-graph\">{\"@context\":\"https:\\\/\\\/schema.org\",\"@graph\":[{\"@type\":\"WebPage\",\"@id\":\"https:\\\/\\\/mascasascruilles.cat\\\/producte\\\/joc-de-teixir-lovella\\\/\",\"url\":\"https:\\\/\\\/mascasascruilles.cat\\\/producte\\\/joc-de-teixir-lovella\\\/\",\"name\":\"Joc de teixir l'ovella - Mas Casas Cru\u00eflles\",\"isPartOf\":{\"@id\":\"https:\\\/\\\/mascasascruilles.cat\\\/#website\"},\"primaryImageOfPage\":{\"@id\":\"https:\\\/\\\/mascasascruilles.cat\\\/producte\\\/joc-de-teixir-lovella\\\/#primaryimage\"},\"image\":{\"@id\":\"https:\\\/\\\/mascasascruilles.cat\\\/producte\\\/joc-de-teixir-lovella\\\/#primaryimage\"},\"thumbnailUrl\":\"https:\\\/\\\/mascasascruilles.cat\\\/wp-content\\\/uploads\\\/2023\\\/04\\\/@MasCasasCruilles-ovella-llanuda.jpg\",\"datePublished\":\"2022-12-12T01:15:40+00:00\",\"dateModified\":\"2025-08-18T19:29:03+00:00\",\"breadcrumb\":{\"@id\":\"https:\\\/\\\/mascasascruilles.cat\\\/producte\\\/joc-de-teixir-lovella\\\/#breadcrumb\"},\"inLanguage\":\"en-GB\",\"potentialAction\":[{\"@type\":\"ReadAction\",\"target\":[\"https:\\\/\\\/mascasascruilles.cat\\\/producte\\\/joc-de-teixir-lovella\\\/\"]}]},{\"@type\":\"ImageObject\",\"inLanguage\":\"en-GB\",\"@id\":\"https:\\\/\\\/mascasascruilles.cat\\\/producte\\\/joc-de-teixir-lovella\\\/#primaryimage\",\"url\":\"https:\\\/\\\/mascasascruilles.cat\\\/wp-content\\\/uploads\\\/2023\\\/04\\\/@MasCasasCruilles-ovella-llanuda.jpg\",\"contentUrl\":\"https:\\\/\\\/mascasascruilles.cat\\\/wp-content\\\/uploads\\\/2023\\\/04\\\/@MasCasasCruilles-ovella-llanuda.jpg\",\"width\":2000,\"height\":1204},{\"@type\":\"BreadcrumbList\",\"@id\":\"https:\\\/\\\/mascasascruilles.cat\\\/producte\\\/joc-de-teixir-lovella\\\/#breadcrumb\",\"itemListElement\":[{\"@type\":\"ListItem\",\"position\":1,\"name\":\"Inici\",\"item\":\"https:\\\/\\\/mascasascruilles.cat\\\/\"},{\"@type\":\"ListItem\",\"position\":2,\"name\":\"Botiga\",\"item\":\"https:\\\/\\\/mascasascruilles.cat\\\/botiga\\\/\"},{\"@type\":\"ListItem\",\"position\":3,\"name\":\"Joc de teixir l&#8217;ovella\"}]},{\"@type\":\"WebSite\",\"@id\":\"https:\\\/\\\/mascasascruilles.cat\\\/#website\",\"url\":\"https:\\\/\\\/mascasascruilles.cat\\\/\",\"name\":\"Mas Casas Cru\u00eflles\",\"description\":\"Granja familiar amb ovelles a Empord\u00e0\",\"publisher\":{\"@id\":\"https:\\\/\\\/mascasascruilles.cat\\\/#organization\"},\"potentialAction\":[{\"@type\":\"SearchAction\",\"target\":{\"@type\":\"EntryPoint\",\"urlTemplate\":\"https:\\\/\\\/mascasascruilles.cat\\\/?s={search_term_string}\"},\"query-input\":{\"@type\":\"PropertyValueSpecification\",\"valueRequired\":true,\"valueName\":\"search_term_string\"}}],\"inLanguage\":\"en-GB\"},{\"@type\":\"Organization\",\"@id\":\"https:\\\/\\\/mascasascruilles.cat\\\/#organization\",\"name\":\"Mas Casas Cru\u00eflles\",\"url\":\"https:\\\/\\\/mascasascruilles.cat\\\/\",\"logo\":{\"@type\":\"ImageObject\",\"inLanguage\":\"en-GB\",\"@id\":\"https:\\\/\\\/mascasascruilles.cat\\\/#\\\/schema\\\/logo\\\/image\\\/\",\"url\":\"https:\\\/\\\/mascasascruilles.cat\\\/wp-content\\\/uploads\\\/2022\\\/02\\\/cropped-logo_mascasas_negre.jpg\",\"contentUrl\":\"https:\\\/\\\/mascasascruilles.cat\\\/wp-content\\\/uploads\\\/2022\\\/02\\\/cropped-logo_mascasas_negre.jpg\",\"width\":756,\"height\":756,\"caption\":\"Mas Casas Cru\u00eflles\"},\"image\":{\"@id\":\"https:\\\/\\\/mascasascruilles.cat\\\/#\\\/schema\\\/logo\\\/image\\\/\"}}]}<\/script>\n<!-- \/ Yoast SEO plugin. -->","yoast_head_json":{"title":"Joc de teixir l'ovella - Mas Casas Cru\u00eflles","robots":{"index":"index","follow":"follow","max-snippet":"max-snippet:-1","max-image-preview":"max-image-preview:large","max-video-preview":"max-video-preview:-1"},"canonical":"https:\/\/mascasascruilles.cat\/en\/product\/joc-de-teixir-lovella\/","og_locale":"en_GB","og_type":"article","og_title":"Joc de teixir l'ovella - Mas Casas Cru\u00eflles","og_description":"Joc de fusta i llana d'ovella filada per entretenir-se teixint una ovella, i alhora desenvolupar l'habilitat manual, la coordinaci\u00f3 ull-m\u00e0, millorar la concentraci\u00f3, estimular la creativitat i gaudir del tacte de materials naturals.  Especialment indicat per a infants a partir de 3 anys, persones grans i amb dificultats cognitives.","og_url":"https:\/\/mascasascruilles.cat\/en\/product\/joc-de-teixir-lovella\/","og_site_name":"Mas Casas Cru\u00eflles","article_modified_time":"2025-08-18T19:29:03+00:00","og_image":[{"width":2000,"height":1204,"url":"https:\/\/mascasascruilles.cat\/wp-content\/uploads\/2023\/04\/@MasCasasCruilles-ovella-llanuda.jpg","type":"image\/jpeg"}],"twitter_card":"summary_large_image","twitter_misc":{"Estimated reading time":"1 minute"},"schema":{"@context":"https:\/\/schema.org","@graph":[{"@type":"WebPage","@id":"https:\/\/mascasascruilles.cat\/producte\/joc-de-teixir-lovella\/","url":"https:\/\/mascasascruilles.cat\/producte\/joc-de-teixir-lovella\/","name":"Joc de teixir l'ovella - Mas Casas Cru\u00eflles","isPartOf":{"@id":"https:\/\/mascasascruilles.cat\/#website"},"primaryImageOfPage":{"@id":"https:\/\/mascasascruilles.cat\/producte\/joc-de-teixir-lovella\/#primaryimage"},"image":{"@id":"https:\/\/mascasascruilles.cat\/producte\/joc-de-teixir-lovella\/#primaryimage"},"thumbnailUrl":"https:\/\/mascasascruilles.cat\/wp-content\/uploads\/2023\/04\/@MasCasasCruilles-ovella-llanuda.jpg","datePublished":"2022-12-12T01:15:40+00:00","dateModified":"2025-08-18T19:29:03+00:00","breadcrumb":{"@id":"https:\/\/mascasascruilles.cat\/producte\/joc-de-teixir-lovella\/#breadcrumb"},"inLanguage":"en-GB","potentialAction":[{"@type":"ReadAction","target":["https:\/\/mascasascruilles.cat\/producte\/joc-de-teixir-lovella\/"]}]},{"@type":"ImageObject","inLanguage":"en-GB","@id":"https:\/\/mascasascruilles.cat\/producte\/joc-de-teixir-lovella\/#primaryimage","url":"https:\/\/mascasascruilles.cat\/wp-content\/uploads\/2023\/04\/@MasCasasCruilles-ovella-llanuda.jpg","contentUrl":"https:\/\/mascasascruilles.cat\/wp-content\/uploads\/2023\/04\/@MasCasasCruilles-ovella-llanuda.jpg","width":2000,"height":1204},{"@type":"BreadcrumbList","@id":"https:\/\/mascasascruilles.cat\/producte\/joc-de-teixir-lovella\/#breadcrumb","itemListElement":[{"@type":"ListItem","position":1,"name":"Inici","item":"https:\/\/mascasascruilles.cat\/"},{"@type":"ListItem","position":2,"name":"Botiga","item":"https:\/\/mascasascruilles.cat\/botiga\/"},{"@type":"ListItem","position":3,"name":"Joc de teixir l&#8217;ovella"}]},{"@type":"WebSite","@id":"https:\/\/mascasascruilles.cat\/#website","url":"https:\/\/mascasascruilles.cat\/","name":"Mas Casas Cru\u00eflles","description":"Family farm with sheep in Empord\u00e0","publisher":{"@id":"https:\/\/mascasascruilles.cat\/#organization"},"potentialAction":[{"@type":"SearchAction","target":{"@type":"EntryPoint","urlTemplate":"https:\/\/mascasascruilles.cat\/?s={search_term_string}"},"query-input":{"@type":"PropertyValueSpecification","valueRequired":true,"valueName":"search_term_string"}}],"inLanguage":"en-GB"},{"@type":"Organization","@id":"https:\/\/mascasascruilles.cat\/#organization","name":"Mas Casas Cru\u00eflles","url":"https:\/\/mascasascruilles.cat\/","logo":{"@type":"ImageObject","inLanguage":"en-GB","@id":"https:\/\/mascasascruilles.cat\/#\/schema\/logo\/image\/","url":"https:\/\/mascasascruilles.cat\/wp-content\/uploads\/2022\/02\/cropped-logo_mascasas_negre.jpg","contentUrl":"https:\/\/mascasascruilles.cat\/wp-content\/uploads\/2022\/02\/cropped-logo_mascasas_negre.jpg","width":756,"height":756,"caption":"Mas Casas Cru\u00eflles"},"image":{"@id":"https:\/\/mascasascruilles.cat\/#\/schema\/logo\/image\/"}}]}},"taxonomy_info":{"product_cat":[{"value":44,"label":"Llana"}]},"featured_image_src_large":["https:\/\/mascasascruilles.cat\/wp-content\/uploads\/2023\/04\/@MasCasasCruilles-ovella-llanuda-1024x616.jpg",1024,616,true],"author_info":[],"comment_info":"","_links":{"self":[{"href":"https:\/\/mascasascruilles.cat\/en\/wp-json\/wp\/v2\/product\/2457","targetHints":{"allow":["GET"]}}],"collection":[{"href":"https:\/\/mascasascruilles.cat\/en\/wp-json\/wp\/v2\/product"}],"about":[{"href":"https:\/\/mascasascruilles.cat\/en\/wp-json\/wp\/v2\/types\/product"}],"wp:featuredmedia":[{"embeddable":true,"href":"https:\/\/mascasascruilles.cat\/en\/wp-json\/wp\/v2\/media\/2759"}],"wp:attachment":[{"href":"https:\/\/mascasascruilles.cat\/en\/wp-json\/wp\/v2\/media?parent=2457"}],"wp:term":[{"taxonomy":"product_brand","embeddable":true,"href":"https:\/\/mascasascruilles.cat\/en\/wp-json\/wp\/v2\/product_brand?post=2457"},{"taxonomy":"product_cat","embeddable":true,"href":"https:\/\/mascasascruilles.cat\/en\/wp-json\/wp\/v2\/product_cat?post=2457"},{"taxonomy":"product_tag","embeddable":true,"href":"https:\/\/mascasascruilles.cat\/en\/wp-json\/wp\/v2\/product_tag?post=2457"}],"curies":[{"name":"wp","href":"https:\/\/api.w.org\/{rel}","templated":true}]}}