{"id":2493,"date":"2023-01-21T20:17:13","date_gmt":"2023-01-21T19:17:13","guid":{"rendered":"https:\/\/mascasascruilles.cat\/?post_type=product&#038;p=2493"},"modified":"2023-08-01T21:03:31","modified_gmt":"2023-08-01T19:03:31","slug":"taller-de-llana-sabo-enfeltrat","status":"publish","type":"product","link":"https:\/\/mascasascruilles.cat\/en\/product\/taller-de-llana-sabo-enfeltrat\/","title":{"rendered":"Wool workshop Felted soap"},"content":{"rendered":"<p><strong>Make your own sponge by making a sheep wool felted soap!<\/strong><\/p>\n<p>After a brief description of the family project, we will begin the experience by visiting the lambs to touch their wool. The activity will continue with an explanation about wool and small demonstrations to learn how it can be worked to have different textures, to finally discover what uses we can give it today.<\/p>\n<p>Next, the workshop will consist of making a wool product, natural and with zero waste: a sponge making wool felted soap that you can take home.<\/p>\n<p>This workshop at the Mas Casas farm in Cru\u00eflles is a way to learn about the properties, benefits and uses of a natural, local and sustainable fiber that needs to be valued.<\/p>\n<p>During the activity, suitable for all ages, you go through different outdoor or closed areas of the farm. The milking parlor and the dairy farm are not open to visitors.<\/p>\n<p>In addition, before or after the visit, if you wish, you can enjoy our leisure space and our products.<\/p>\n<ul>\n<li>Activity in Catalan, Spanish, English and\/or French.<\/li>\n<li>Pets are not allowed on the farm, except for pit bulls.<\/li>\n<li>Possibility to organize guided tours on other unscheduled days with a minimum of 4 people.<\/li>\n<\/ul>","protected":false},"excerpt":{"rendered":"<p><strong>Make your own sponge by making a sheep wool felted soap!<\/strong><\/p>\n<p>After a brief description of the family project, we will visit the lambs to touch their wool, we will explain about the wool with demonstrations to learn how it is worked and what uses we can give it. Next, the workshop will consist of making a wool product, natural and with zero waste: a sponge making wool felted soap that you can take home. This workshop at the Mas Casas farm in Cru\u00eflles is a way to learn about the properties, benefits and uses of a natural, local and sustainable fiber that needs to be valued.<\/p>\n<p>Activity suitable for all ages.<\/p>","protected":false},"featured_media":1718,"template":"","meta":{"_kad_blocks_custom_css":"","_kad_blocks_head_custom_js":"","_kad_blocks_body_custom_js":"","_kad_blocks_footer_custom_js":"","_kadence_starter_templates_imported_post":false,"_kad_post_transparent":"default","_kad_post_title":"","_kad_post_layout":"default","_kad_post_sidebar_id":"","_kad_post_content_style":"default","_kad_post_vertical_padding":"default","_kad_post_feature":"","_kad_post_feature_position":"","_kad_post_header":false,"_kad_post_footer":false,"_kad_post_classname":""},"product_brand":[],"product_cat":[27,44],"product_tag":[],"class_list":{"0":"post-2493","1":"product","2":"type-product","3":"status-publish","4":"has-post-thumbnail","6":"product_cat-experiencies","7":"product_cat-llana","9":"first","10":"instock","11":"virtual","12":"taxable","13":"product-type-ticket-event","14":"entry","15":"content-bg","16":"loop-entry"},"yoast_head":"<!-- This site is optimized with the Yoast SEO plugin v27.4 - https:\/\/yoast.com\/product\/yoast-seo-wordpress\/ -->\n<title>Taller de llana. Sab\u00f3 enfeltrat - Mas Casas Cru\u00eflles<\/title>\n<meta name=\"robots\" content=\"index, follow, max-snippet:-1, max-image-preview:large, max-video-preview:-1\" \/>\n<link rel=\"canonical\" href=\"https:\/\/mascasascruilles.cat\/en\/product\/taller-de-llana-sabo-enfeltrat\/\" \/>\n<meta property=\"og:locale\" content=\"en_GB\" \/>\n<meta property=\"og:type\" content=\"article\" \/>\n<meta property=\"og:title\" content=\"Taller de llana. Sab\u00f3 enfeltrat - Mas Casas Cru\u00eflles\" \/>\n<meta property=\"og:description\" content=\"Elabora la teva pr\u00f2pia esponja fent un sab\u00f3 enfeltrat amb llana d\u2019ovella!  Despr\u00e9s d\u2019una breu descripci\u00f3 del projecte familiar, visitarem els xais per tocar la seva llana, explicarem sobre la llana amb demostracions per aprendre com es treballa i quins usos li podem donar. A continuaci\u00f3, el taller consistir\u00e0 en la elaboraci\u00f3 d&#039;un producte de llana, natural i de residu cero: una esponja fent sab\u00f3 enfeltrat de llana que us endureu a casa vostra. Aquest taller a la granja de Mas Casas, a Cru\u00eflles, \u00e9s una manera d&#039;aprendre sobre les propietats, els beneficis i els usos d&#039;una fibra natural, local i sostenible que cal posar en valor.  Activitat apta per a totes les edats.\" \/>\n<meta property=\"og:url\" content=\"https:\/\/mascasascruilles.cat\/en\/product\/taller-de-llana-sabo-enfeltrat\/\" \/>\n<meta property=\"og:site_name\" content=\"Mas Casas Cru\u00eflles\" \/>\n<meta property=\"article:modified_time\" content=\"2023-08-01T19:03:31+00:00\" \/>\n<meta property=\"og:image\" content=\"https:\/\/mascasascruilles.cat\/wp-content\/uploads\/2022\/03\/@MasCasasCruilles-taller-sabo-mans-infants-horitzontal-scaled.jpg\" \/>\n\t<meta property=\"og:image:width\" content=\"2560\" \/>\n\t<meta property=\"og:image:height\" content=\"2047\" \/>\n\t<meta property=\"og:image:type\" content=\"image\/jpeg\" \/>\n<meta name=\"twitter:card\" content=\"summary_large_image\" \/>\n<meta name=\"twitter:label1\" content=\"Estimated reading time\" \/>\n\t<meta name=\"twitter:data1\" content=\"2 minutes\" \/>\n<script type=\"application\/ld+json\" class=\"yoast-schema-graph\">{\"@context\":\"https:\\\/\\\/schema.org\",\"@graph\":[{\"@type\":\"WebPage\",\"@id\":\"https:\\\/\\\/mascasascruilles.cat\\\/producte\\\/taller-de-llana-sabo-enfeltrat\\\/\",\"url\":\"https:\\\/\\\/mascasascruilles.cat\\\/producte\\\/taller-de-llana-sabo-enfeltrat\\\/\",\"name\":\"Taller de llana. Sab\u00f3 enfeltrat - Mas Casas Cru\u00eflles\",\"isPartOf\":{\"@id\":\"https:\\\/\\\/mascasascruilles.cat\\\/#website\"},\"primaryImageOfPage\":{\"@id\":\"https:\\\/\\\/mascasascruilles.cat\\\/producte\\\/taller-de-llana-sabo-enfeltrat\\\/#primaryimage\"},\"image\":{\"@id\":\"https:\\\/\\\/mascasascruilles.cat\\\/producte\\\/taller-de-llana-sabo-enfeltrat\\\/#primaryimage\"},\"thumbnailUrl\":\"https:\\\/\\\/mascasascruilles.cat\\\/wp-content\\\/uploads\\\/2022\\\/03\\\/@MasCasasCruilles-taller-sabo-mans-infants-horitzontal-scaled.jpg\",\"datePublished\":\"2023-01-21T19:17:13+00:00\",\"dateModified\":\"2023-08-01T19:03:31+00:00\",\"breadcrumb\":{\"@id\":\"https:\\\/\\\/mascasascruilles.cat\\\/producte\\\/taller-de-llana-sabo-enfeltrat\\\/#breadcrumb\"},\"inLanguage\":\"en-GB\",\"potentialAction\":[{\"@type\":\"ReadAction\",\"target\":[\"https:\\\/\\\/mascasascruilles.cat\\\/producte\\\/taller-de-llana-sabo-enfeltrat\\\/\"]}]},{\"@type\":\"ImageObject\",\"inLanguage\":\"en-GB\",\"@id\":\"https:\\\/\\\/mascasascruilles.cat\\\/producte\\\/taller-de-llana-sabo-enfeltrat\\\/#primaryimage\",\"url\":\"https:\\\/\\\/mascasascruilles.cat\\\/wp-content\\\/uploads\\\/2022\\\/03\\\/@MasCasasCruilles-taller-sabo-mans-infants-horitzontal-scaled.jpg\",\"contentUrl\":\"https:\\\/\\\/mascasascruilles.cat\\\/wp-content\\\/uploads\\\/2022\\\/03\\\/@MasCasasCruilles-taller-sabo-mans-infants-horitzontal-scaled.jpg\",\"width\":2560,\"height\":2047,\"caption\":\"Taller llana sab\u00f3 enfeltrat granja mas casas\"},{\"@type\":\"BreadcrumbList\",\"@id\":\"https:\\\/\\\/mascasascruilles.cat\\\/producte\\\/taller-de-llana-sabo-enfeltrat\\\/#breadcrumb\",\"itemListElement\":[{\"@type\":\"ListItem\",\"position\":1,\"name\":\"Inici\",\"item\":\"https:\\\/\\\/mascasascruilles.cat\\\/\"},{\"@type\":\"ListItem\",\"position\":2,\"name\":\"Botiga\",\"item\":\"https:\\\/\\\/mascasascruilles.cat\\\/botiga\\\/\"},{\"@type\":\"ListItem\",\"position\":3,\"name\":\"Taller de llana. Sab\u00f3 enfeltrat\"}]},{\"@type\":\"WebSite\",\"@id\":\"https:\\\/\\\/mascasascruilles.cat\\\/#website\",\"url\":\"https:\\\/\\\/mascasascruilles.cat\\\/\",\"name\":\"Mas Casas Cru\u00eflles\",\"description\":\"Granja familiar amb ovelles a Empord\u00e0\",\"publisher\":{\"@id\":\"https:\\\/\\\/mascasascruilles.cat\\\/#organization\"},\"potentialAction\":[{\"@type\":\"SearchAction\",\"target\":{\"@type\":\"EntryPoint\",\"urlTemplate\":\"https:\\\/\\\/mascasascruilles.cat\\\/?s={search_term_string}\"},\"query-input\":{\"@type\":\"PropertyValueSpecification\",\"valueRequired\":true,\"valueName\":\"search_term_string\"}}],\"inLanguage\":\"en-GB\"},{\"@type\":\"Organization\",\"@id\":\"https:\\\/\\\/mascasascruilles.cat\\\/#organization\",\"name\":\"Mas Casas Cru\u00eflles\",\"url\":\"https:\\\/\\\/mascasascruilles.cat\\\/\",\"logo\":{\"@type\":\"ImageObject\",\"inLanguage\":\"en-GB\",\"@id\":\"https:\\\/\\\/mascasascruilles.cat\\\/#\\\/schema\\\/logo\\\/image\\\/\",\"url\":\"https:\\\/\\\/mascasascruilles.cat\\\/wp-content\\\/uploads\\\/2022\\\/02\\\/cropped-logo_mascasas_negre.jpg\",\"contentUrl\":\"https:\\\/\\\/mascasascruilles.cat\\\/wp-content\\\/uploads\\\/2022\\\/02\\\/cropped-logo_mascasas_negre.jpg\",\"width\":756,\"height\":756,\"caption\":\"Mas Casas Cru\u00eflles\"},\"image\":{\"@id\":\"https:\\\/\\\/mascasascruilles.cat\\\/#\\\/schema\\\/logo\\\/image\\\/\"}}]}<\/script>\n<!-- \/ Yoast SEO plugin. -->","yoast_head_json":{"title":"Taller de llana. Sab\u00f3 enfeltrat - Mas Casas Cru\u00eflles","robots":{"index":"index","follow":"follow","max-snippet":"max-snippet:-1","max-image-preview":"max-image-preview:large","max-video-preview":"max-video-preview:-1"},"canonical":"https:\/\/mascasascruilles.cat\/en\/product\/taller-de-llana-sabo-enfeltrat\/","og_locale":"en_GB","og_type":"article","og_title":"Taller de llana. Sab\u00f3 enfeltrat - Mas Casas Cru\u00eflles","og_description":"Elabora la teva pr\u00f2pia esponja fent un sab\u00f3 enfeltrat amb llana d\u2019ovella!  Despr\u00e9s d\u2019una breu descripci\u00f3 del projecte familiar, visitarem els xais per tocar la seva llana, explicarem sobre la llana amb demostracions per aprendre com es treballa i quins usos li podem donar. A continuaci\u00f3, el taller consistir\u00e0 en la elaboraci\u00f3 d'un producte de llana, natural i de residu cero: una esponja fent sab\u00f3 enfeltrat de llana que us endureu a casa vostra. Aquest taller a la granja de Mas Casas, a Cru\u00eflles, \u00e9s una manera d'aprendre sobre les propietats, els beneficis i els usos d'una fibra natural, local i sostenible que cal posar en valor.  Activitat apta per a totes les edats.","og_url":"https:\/\/mascasascruilles.cat\/en\/product\/taller-de-llana-sabo-enfeltrat\/","og_site_name":"Mas Casas Cru\u00eflles","article_modified_time":"2023-08-01T19:03:31+00:00","og_image":[{"width":2560,"height":2047,"url":"https:\/\/mascasascruilles.cat\/wp-content\/uploads\/2022\/03\/@MasCasasCruilles-taller-sabo-mans-infants-horitzontal-scaled.jpg","type":"image\/jpeg"}],"twitter_card":"summary_large_image","twitter_misc":{"Estimated reading time":"2 minutes"},"schema":{"@context":"https:\/\/schema.org","@graph":[{"@type":"WebPage","@id":"https:\/\/mascasascruilles.cat\/producte\/taller-de-llana-sabo-enfeltrat\/","url":"https:\/\/mascasascruilles.cat\/producte\/taller-de-llana-sabo-enfeltrat\/","name":"Taller de llana. Sab\u00f3 enfeltrat - Mas Casas Cru\u00eflles","isPartOf":{"@id":"https:\/\/mascasascruilles.cat\/#website"},"primaryImageOfPage":{"@id":"https:\/\/mascasascruilles.cat\/producte\/taller-de-llana-sabo-enfeltrat\/#primaryimage"},"image":{"@id":"https:\/\/mascasascruilles.cat\/producte\/taller-de-llana-sabo-enfeltrat\/#primaryimage"},"thumbnailUrl":"https:\/\/mascasascruilles.cat\/wp-content\/uploads\/2022\/03\/@MasCasasCruilles-taller-sabo-mans-infants-horitzontal-scaled.jpg","datePublished":"2023-01-21T19:17:13+00:00","dateModified":"2023-08-01T19:03:31+00:00","breadcrumb":{"@id":"https:\/\/mascasascruilles.cat\/producte\/taller-de-llana-sabo-enfeltrat\/#breadcrumb"},"inLanguage":"en-GB","potentialAction":[{"@type":"ReadAction","target":["https:\/\/mascasascruilles.cat\/producte\/taller-de-llana-sabo-enfeltrat\/"]}]},{"@type":"ImageObject","inLanguage":"en-GB","@id":"https:\/\/mascasascruilles.cat\/producte\/taller-de-llana-sabo-enfeltrat\/#primaryimage","url":"https:\/\/mascasascruilles.cat\/wp-content\/uploads\/2022\/03\/@MasCasasCruilles-taller-sabo-mans-infants-horitzontal-scaled.jpg","contentUrl":"https:\/\/mascasascruilles.cat\/wp-content\/uploads\/2022\/03\/@MasCasasCruilles-taller-sabo-mans-infants-horitzontal-scaled.jpg","width":2560,"height":2047,"caption":"Taller llana sab\u00f3 enfeltrat granja mas casas"},{"@type":"BreadcrumbList","@id":"https:\/\/mascasascruilles.cat\/producte\/taller-de-llana-sabo-enfeltrat\/#breadcrumb","itemListElement":[{"@type":"ListItem","position":1,"name":"Inici","item":"https:\/\/mascasascruilles.cat\/"},{"@type":"ListItem","position":2,"name":"Botiga","item":"https:\/\/mascasascruilles.cat\/botiga\/"},{"@type":"ListItem","position":3,"name":"Taller de llana. Sab\u00f3 enfeltrat"}]},{"@type":"WebSite","@id":"https:\/\/mascasascruilles.cat\/#website","url":"https:\/\/mascasascruilles.cat\/","name":"Mas Casas Cru\u00eflles","description":"Family farm with sheep in Empord\u00e0","publisher":{"@id":"https:\/\/mascasascruilles.cat\/#organization"},"potentialAction":[{"@type":"SearchAction","target":{"@type":"EntryPoint","urlTemplate":"https:\/\/mascasascruilles.cat\/?s={search_term_string}"},"query-input":{"@type":"PropertyValueSpecification","valueRequired":true,"valueName":"search_term_string"}}],"inLanguage":"en-GB"},{"@type":"Organization","@id":"https:\/\/mascasascruilles.cat\/#organization","name":"Mas Casas Cru\u00eflles","url":"https:\/\/mascasascruilles.cat\/","logo":{"@type":"ImageObject","inLanguage":"en-GB","@id":"https:\/\/mascasascruilles.cat\/#\/schema\/logo\/image\/","url":"https:\/\/mascasascruilles.cat\/wp-content\/uploads\/2022\/02\/cropped-logo_mascasas_negre.jpg","contentUrl":"https:\/\/mascasascruilles.cat\/wp-content\/uploads\/2022\/02\/cropped-logo_mascasas_negre.jpg","width":756,"height":756,"caption":"Mas Casas Cru\u00eflles"},"image":{"@id":"https:\/\/mascasascruilles.cat\/#\/schema\/logo\/image\/"}}]}},"taxonomy_info":{"product_cat":[{"value":27,"label":"Experi\u00e8ncies"},{"value":44,"label":"Llana"}]},"featured_image_src_large":["https:\/\/mascasascruilles.cat\/wp-content\/uploads\/2022\/03\/@MasCasasCruilles-taller-sabo-mans-infants-horitzontal-1024x819.jpg",1024,819,true],"author_info":[],"comment_info":"","_links":{"self":[{"href":"https:\/\/mascasascruilles.cat\/en\/wp-json\/wp\/v2\/product\/2493","targetHints":{"allow":["GET"]}}],"collection":[{"href":"https:\/\/mascasascruilles.cat\/en\/wp-json\/wp\/v2\/product"}],"about":[{"href":"https:\/\/mascasascruilles.cat\/en\/wp-json\/wp\/v2\/types\/product"}],"wp:featuredmedia":[{"embeddable":true,"href":"https:\/\/mascasascruilles.cat\/en\/wp-json\/wp\/v2\/media\/1718"}],"wp:attachment":[{"href":"https:\/\/mascasascruilles.cat\/en\/wp-json\/wp\/v2\/media?parent=2493"}],"wp:term":[{"taxonomy":"product_brand","embeddable":true,"href":"https:\/\/mascasascruilles.cat\/en\/wp-json\/wp\/v2\/product_brand?post=2493"},{"taxonomy":"product_cat","embeddable":true,"href":"https:\/\/mascasascruilles.cat\/en\/wp-json\/wp\/v2\/product_cat?post=2493"},{"taxonomy":"product_tag","embeddable":true,"href":"https:\/\/mascasascruilles.cat\/en\/wp-json\/wp\/v2\/product_tag?post=2493"}],"curies":[{"name":"wp","href":"https:\/\/api.w.org\/{rel}","templated":true}]}}