{"id":2529,"date":"2023-02-22T16:50:53","date_gmt":"2023-02-22T15:50:53","guid":{"rendered":"https:\/\/mascasascruilles.cat\/?post_type=product&#038;p=2529"},"modified":"2023-03-12T08:42:28","modified_gmt":"2023-03-12T07:42:28","slug":"concert-de-musica-barroca-12-03-2022","status":"publish","type":"product","link":"https:\/\/mascasascruilles.cat\/en\/product\/concert-de-musica-barroca-12-03-2022\/","title":{"rendered":"Baroque music concert among sheep \u2013 12\/03\/2022"},"content":{"rendered":"<div class=\"elementor-element elementor-element-6b7f72d elementor-widget elementor-widget-text-editor\" data-id=\"6b7f72d\" data-element_type=\"widget\" data-widget_type=\"text-editor.default\">\n<div class=\"elementor-widget-container\">\n<p><strong>Baroque music concert at the farm Mas Casas de Cru\u00eflles<\/strong><\/p>\n<\/div>\n<\/div>\n<div class=\"elementor-element elementor-element-3aa48bf7 elementor-widget elementor-widget-text-editor\" data-id=\"3aa48bf7\" data-element_type=\"widget\" data-widget_type=\"text-editor.default\">\n<div class=\"elementor-widget-container\">\n<p>Concert of baroque music with the voice of the soprano Lorena Garc\u00eda and the music of the theorba and the baroque guitar in the hands of Maike Burgdorf, accompanied by the sheep of Mas Casas!<\/p>\n<p><strong>Lorena Garc\u00eda, soprano<\/strong>, born in Vitoria-Gasteiz, studies piano, harmony and counterpoint at the &quot;Jes\u00fas Guridi&quot; Conservatory. She moves to Barcelona, where she studies at the Liceu Conservatory of Music with Carmen Bustamante, obtaining the title of Superior Singing Teacher with the highest qualifications. From the hand of the Victorian countertenor Carlos Mena, he began his specialization in the field of early music, later completing higher studies in Historical Cant at the Escola Superior de M\u00fasica de Catalunya with Lambert Climent. He is very active as a soloist, both in recitals and in collaboration with groups such as La Capella Reial de Catalunya, Capella Reial de Madrid, Capella Penyaflorida, Il Nobile Diletto, Ensemble Elyma, Les Alys\u00e9s, Speculum, Magister Petrus, La Gran Chapelle, Ensemble Scandicus, Fundaci\u00f3 Bach zum mitsingen, or Ensemble Baroque de Toulouse among others, working with conductors such as Jordi Savall, Juanjo Mena, Enric Garcia Asensio, Oscar Gershenson, Maurici Molina, Albert Recasens, Gabriel Garrido or Michel Brun. She combines her artistic side with that of a researcher, pedagogue and vocal coach, and is a singing teacher at the International Music Course of Vitoria-Gasteiz, at the University and Conservatory of Montpellier, at the Medieval Music Besal\u00fa, at the International Courses of Music in Sant Mar\u00ed (Italy), at the University of the Balearic Islands and the Academy of Choral Conduct of the Basque Country, among others.<\/p>\n<p><strong>Maike Burgdorf, theorba and baroque guitar<\/strong>, born in Seesen (Germany). In 2001 he obtained the Higher Degree in classical guitar and Music Education at the Hochschule f\u00fcr Musik und Theater in Hannover. He later studied lute and baroque guitar in the same city with Hans-Michael Koch and Axel Wolf (bass continuo), and graduated in 2005. At the same time (2003-2008), he studied in Barcelona at the Escola Superior de M\u00fasica de Catalunya with Xavier D\u00edaz Latorre and M\u00f3nica Pustilnik (bass continuo), as well as taking historical percussion lessons with Pedro Estevan. He has participated in different master courses with Hopkinson Smith, Eduardo Eg\u00fcez and Juan Carlos de Mulder, and has received classes from important teachers such as Bruno Cocset, Pedro Memelsdorff, Manfredo Kraemer, Lambert Climent and Andrew Lawrence-King. In addition to performing concerts as a soloist, he collaborates as a continuo player in Germany, France, Spain and Catalonia with relevant groups such as the Barroca Orchestra of Barcelona, the Chamber Orchestra of the Liceu and the Budapest Festival Orchestra. He is also part of several chamber music groups such as Il gesto Armonico or Ensamble Rigaudon in Catalonia and France. In addition to her performing activity, she has also taught in different municipal schools in Hanover and Barcelona and since 2007 she has been a teacher of pulsed string, chamber music and musical language and pedagogy at the Isaac Alb\u00e9niz Conservatory of Music in Province of Girona.<\/p>\n<p><em>45-minute charity concert to help replace the roofs of the farm damaged by the impact of the historic hailstorm in the Bisbal d&#039;Empord\u00e0 area on August 30, 2022.<\/em><\/p>\n<p><strong>Program<\/strong><\/p>\n<p>&quot;Loves and heartbreaks&quot;<\/p>\n<p>Music of the early Italian Baroque: Giulio Caccini, Girolamo Frescobaldi, Tarquinio Merula, Alessandro Picinini, Stefano Landi, Barbara Strozzi and Benedetto Ferrari.<\/p>\n<\/div>\n<\/div>","protected":false},"excerpt":{"rendered":"<p><strong>Baroque music concert at the farm Mas Casas de Cru\u00eflles<\/strong><\/p>\n<p>Concert of baroque music with the voice of the soprano Lorena Garc\u00eda and the music of the theorba and the baroque guitar in the hands of Maike Burgdorf, accompanied by the sheep of Mas Casas!<\/p>\n<p><em>Charity concert to help replace the farm roofs damaged by the impact of the historic hailstorm in the Bisbal d&#039;Empord\u00e0 area on August 30, 2022.<\/em><\/p>","protected":false},"featured_media":2531,"template":"","meta":{"_kad_blocks_custom_css":"","_kad_blocks_head_custom_js":"","_kad_blocks_body_custom_js":"","_kad_blocks_footer_custom_js":"","_kadence_starter_templates_imported_post":false,"_kad_post_transparent":"","_kad_post_title":"","_kad_post_layout":"","_kad_post_sidebar_id":"","_kad_post_content_style":"","_kad_post_vertical_padding":"","_kad_post_feature":"","_kad_post_feature_position":"","_kad_post_header":false,"_kad_post_footer":false,"_kad_post_classname":""},"product_brand":[],"product_cat":[27],"product_tag":[],"class_list":{"0":"post-2529","1":"product","2":"type-product","3":"status-publish","4":"has-post-thumbnail","6":"product_cat-experiencies","8":"first","9":"instock","10":"virtual","11":"taxable","12":"product-type-ticket-event","13":"entry","14":"content-bg","15":"loop-entry"},"yoast_head":"<!-- This site is optimized with the Yoast SEO plugin v27.4 - https:\/\/yoast.com\/product\/yoast-seo-wordpress\/ -->\n<title>Concert de m\u00fasica barroca entre ovelles - 12\/03\/2022 - Mas Casas Cru\u00eflles<\/title>\n<meta name=\"robots\" content=\"index, follow, max-snippet:-1, max-image-preview:large, max-video-preview:-1\" \/>\n<link rel=\"canonical\" href=\"https:\/\/mascasascruilles.cat\/en\/product\/concert-de-musica-barroca-12-03-2022\/\" \/>\n<meta property=\"og:locale\" content=\"en_GB\" \/>\n<meta property=\"og:type\" content=\"article\" \/>\n<meta property=\"og:title\" content=\"Concert de m\u00fasica barroca entre ovelles - 12\/03\/2022 - Mas Casas Cru\u00eflles\" \/>\n<meta property=\"og:description\" content=\"Concert de m\u00fasica barroca a la granja Mas Casas de Cru\u00eflles  Concert de m\u00fasica barroca amb la veu de la soprano Lorena Garc\u00eda i la m\u00fasica de la tiorba i la guitarra barroca a les mans de Maike Burgdorf, acompanyades de les ovelles de Mas Casas!  Concert solidari per ajudar a substituir els teulats de la granja malmesos per l&#039;impacte de la hist\u00f2rica pedregada de la zona de la Bisbal d&#039;Empord\u00e0 del passat 30 d&#039;agost de 2022.\" \/>\n<meta property=\"og:url\" content=\"https:\/\/mascasascruilles.cat\/en\/product\/concert-de-musica-barroca-12-03-2022\/\" \/>\n<meta property=\"og:site_name\" content=\"Mas Casas Cru\u00eflles\" \/>\n<meta property=\"article:modified_time\" content=\"2023-03-12T07:42:28+00:00\" \/>\n<meta property=\"og:image\" content=\"https:\/\/mascasascruilles.cat\/wp-content\/uploads\/2023\/02\/WhatsApp-Image-2022-09-01-at-22.23.14.jpeg\" \/>\n\t<meta property=\"og:image:width\" content=\"1385\" \/>\n\t<meta property=\"og:image:height\" content=\"780\" \/>\n\t<meta property=\"og:image:type\" content=\"image\/jpeg\" \/>\n<meta name=\"twitter:card\" content=\"summary_large_image\" \/>\n<meta name=\"twitter:label1\" content=\"Estimated reading time\" \/>\n\t<meta name=\"twitter:data1\" content=\"3 minutes\" \/>\n<script type=\"application\/ld+json\" class=\"yoast-schema-graph\">{\"@context\":\"https:\\\/\\\/schema.org\",\"@graph\":[{\"@type\":\"WebPage\",\"@id\":\"https:\\\/\\\/mascasascruilles.cat\\\/producte\\\/concert-de-musica-barroca-12-03-2022\\\/\",\"url\":\"https:\\\/\\\/mascasascruilles.cat\\\/producte\\\/concert-de-musica-barroca-12-03-2022\\\/\",\"name\":\"Concert de m\u00fasica barroca entre ovelles - 12\\\/03\\\/2022 - Mas Casas Cru\u00eflles\",\"isPartOf\":{\"@id\":\"https:\\\/\\\/mascasascruilles.cat\\\/#website\"},\"primaryImageOfPage\":{\"@id\":\"https:\\\/\\\/mascasascruilles.cat\\\/producte\\\/concert-de-musica-barroca-12-03-2022\\\/#primaryimage\"},\"image\":{\"@id\":\"https:\\\/\\\/mascasascruilles.cat\\\/producte\\\/concert-de-musica-barroca-12-03-2022\\\/#primaryimage\"},\"thumbnailUrl\":\"https:\\\/\\\/mascasascruilles.cat\\\/wp-content\\\/uploads\\\/2023\\\/02\\\/WhatsApp-Image-2022-09-01-at-22.23.14.jpeg\",\"datePublished\":\"2023-02-22T15:50:53+00:00\",\"dateModified\":\"2023-03-12T07:42:28+00:00\",\"breadcrumb\":{\"@id\":\"https:\\\/\\\/mascasascruilles.cat\\\/producte\\\/concert-de-musica-barroca-12-03-2022\\\/#breadcrumb\"},\"inLanguage\":\"en-GB\",\"potentialAction\":[{\"@type\":\"ReadAction\",\"target\":[\"https:\\\/\\\/mascasascruilles.cat\\\/producte\\\/concert-de-musica-barroca-12-03-2022\\\/\"]}]},{\"@type\":\"ImageObject\",\"inLanguage\":\"en-GB\",\"@id\":\"https:\\\/\\\/mascasascruilles.cat\\\/producte\\\/concert-de-musica-barroca-12-03-2022\\\/#primaryimage\",\"url\":\"https:\\\/\\\/mascasascruilles.cat\\\/wp-content\\\/uploads\\\/2023\\\/02\\\/WhatsApp-Image-2022-09-01-at-22.23.14.jpeg\",\"contentUrl\":\"https:\\\/\\\/mascasascruilles.cat\\\/wp-content\\\/uploads\\\/2023\\\/02\\\/WhatsApp-Image-2022-09-01-at-22.23.14.jpeg\",\"width\":1385,\"height\":780},{\"@type\":\"BreadcrumbList\",\"@id\":\"https:\\\/\\\/mascasascruilles.cat\\\/producte\\\/concert-de-musica-barroca-12-03-2022\\\/#breadcrumb\",\"itemListElement\":[{\"@type\":\"ListItem\",\"position\":1,\"name\":\"Inici\",\"item\":\"https:\\\/\\\/mascasascruilles.cat\\\/\"},{\"@type\":\"ListItem\",\"position\":2,\"name\":\"Botiga\",\"item\":\"https:\\\/\\\/mascasascruilles.cat\\\/botiga\\\/\"},{\"@type\":\"ListItem\",\"position\":3,\"name\":\"Concert de m\u00fasica barroca entre ovelles &#8211; 12\\\/03\\\/2022\"}]},{\"@type\":\"WebSite\",\"@id\":\"https:\\\/\\\/mascasascruilles.cat\\\/#website\",\"url\":\"https:\\\/\\\/mascasascruilles.cat\\\/\",\"name\":\"Mas Casas Cru\u00eflles\",\"description\":\"Granja familiar amb ovelles a Empord\u00e0\",\"publisher\":{\"@id\":\"https:\\\/\\\/mascasascruilles.cat\\\/#organization\"},\"potentialAction\":[{\"@type\":\"SearchAction\",\"target\":{\"@type\":\"EntryPoint\",\"urlTemplate\":\"https:\\\/\\\/mascasascruilles.cat\\\/?s={search_term_string}\"},\"query-input\":{\"@type\":\"PropertyValueSpecification\",\"valueRequired\":true,\"valueName\":\"search_term_string\"}}],\"inLanguage\":\"en-GB\"},{\"@type\":\"Organization\",\"@id\":\"https:\\\/\\\/mascasascruilles.cat\\\/#organization\",\"name\":\"Mas Casas Cru\u00eflles\",\"url\":\"https:\\\/\\\/mascasascruilles.cat\\\/\",\"logo\":{\"@type\":\"ImageObject\",\"inLanguage\":\"en-GB\",\"@id\":\"https:\\\/\\\/mascasascruilles.cat\\\/#\\\/schema\\\/logo\\\/image\\\/\",\"url\":\"https:\\\/\\\/mascasascruilles.cat\\\/wp-content\\\/uploads\\\/2022\\\/02\\\/cropped-logo_mascasas_negre.jpg\",\"contentUrl\":\"https:\\\/\\\/mascasascruilles.cat\\\/wp-content\\\/uploads\\\/2022\\\/02\\\/cropped-logo_mascasas_negre.jpg\",\"width\":756,\"height\":756,\"caption\":\"Mas Casas Cru\u00eflles\"},\"image\":{\"@id\":\"https:\\\/\\\/mascasascruilles.cat\\\/#\\\/schema\\\/logo\\\/image\\\/\"}}]}<\/script>\n<!-- \/ Yoast SEO plugin. -->","yoast_head_json":{"title":"Concert de m\u00fasica barroca entre ovelles - 12\/03\/2022 - Mas Casas Cru\u00eflles","robots":{"index":"index","follow":"follow","max-snippet":"max-snippet:-1","max-image-preview":"max-image-preview:large","max-video-preview":"max-video-preview:-1"},"canonical":"https:\/\/mascasascruilles.cat\/en\/product\/concert-de-musica-barroca-12-03-2022\/","og_locale":"en_GB","og_type":"article","og_title":"Concert de m\u00fasica barroca entre ovelles - 12\/03\/2022 - Mas Casas Cru\u00eflles","og_description":"Concert de m\u00fasica barroca a la granja Mas Casas de Cru\u00eflles  Concert de m\u00fasica barroca amb la veu de la soprano Lorena Garc\u00eda i la m\u00fasica de la tiorba i la guitarra barroca a les mans de Maike Burgdorf, acompanyades de les ovelles de Mas Casas!  Concert solidari per ajudar a substituir els teulats de la granja malmesos per l'impacte de la hist\u00f2rica pedregada de la zona de la Bisbal d'Empord\u00e0 del passat 30 d'agost de 2022.","og_url":"https:\/\/mascasascruilles.cat\/en\/product\/concert-de-musica-barroca-12-03-2022\/","og_site_name":"Mas Casas Cru\u00eflles","article_modified_time":"2023-03-12T07:42:28+00:00","og_image":[{"width":1385,"height":780,"url":"https:\/\/mascasascruilles.cat\/wp-content\/uploads\/2023\/02\/WhatsApp-Image-2022-09-01-at-22.23.14.jpeg","type":"image\/jpeg"}],"twitter_card":"summary_large_image","twitter_misc":{"Estimated reading time":"3 minutes"},"schema":{"@context":"https:\/\/schema.org","@graph":[{"@type":"WebPage","@id":"https:\/\/mascasascruilles.cat\/producte\/concert-de-musica-barroca-12-03-2022\/","url":"https:\/\/mascasascruilles.cat\/producte\/concert-de-musica-barroca-12-03-2022\/","name":"Concert de m\u00fasica barroca entre ovelles - 12\/03\/2022 - Mas Casas Cru\u00eflles","isPartOf":{"@id":"https:\/\/mascasascruilles.cat\/#website"},"primaryImageOfPage":{"@id":"https:\/\/mascasascruilles.cat\/producte\/concert-de-musica-barroca-12-03-2022\/#primaryimage"},"image":{"@id":"https:\/\/mascasascruilles.cat\/producte\/concert-de-musica-barroca-12-03-2022\/#primaryimage"},"thumbnailUrl":"https:\/\/mascasascruilles.cat\/wp-content\/uploads\/2023\/02\/WhatsApp-Image-2022-09-01-at-22.23.14.jpeg","datePublished":"2023-02-22T15:50:53+00:00","dateModified":"2023-03-12T07:42:28+00:00","breadcrumb":{"@id":"https:\/\/mascasascruilles.cat\/producte\/concert-de-musica-barroca-12-03-2022\/#breadcrumb"},"inLanguage":"en-GB","potentialAction":[{"@type":"ReadAction","target":["https:\/\/mascasascruilles.cat\/producte\/concert-de-musica-barroca-12-03-2022\/"]}]},{"@type":"ImageObject","inLanguage":"en-GB","@id":"https:\/\/mascasascruilles.cat\/producte\/concert-de-musica-barroca-12-03-2022\/#primaryimage","url":"https:\/\/mascasascruilles.cat\/wp-content\/uploads\/2023\/02\/WhatsApp-Image-2022-09-01-at-22.23.14.jpeg","contentUrl":"https:\/\/mascasascruilles.cat\/wp-content\/uploads\/2023\/02\/WhatsApp-Image-2022-09-01-at-22.23.14.jpeg","width":1385,"height":780},{"@type":"BreadcrumbList","@id":"https:\/\/mascasascruilles.cat\/producte\/concert-de-musica-barroca-12-03-2022\/#breadcrumb","itemListElement":[{"@type":"ListItem","position":1,"name":"Inici","item":"https:\/\/mascasascruilles.cat\/"},{"@type":"ListItem","position":2,"name":"Botiga","item":"https:\/\/mascasascruilles.cat\/botiga\/"},{"@type":"ListItem","position":3,"name":"Concert de m\u00fasica barroca entre ovelles &#8211; 12\/03\/2022"}]},{"@type":"WebSite","@id":"https:\/\/mascasascruilles.cat\/#website","url":"https:\/\/mascasascruilles.cat\/","name":"Mas Casas Cru\u00eflles","description":"Family farm with sheep in Empord\u00e0","publisher":{"@id":"https:\/\/mascasascruilles.cat\/#organization"},"potentialAction":[{"@type":"SearchAction","target":{"@type":"EntryPoint","urlTemplate":"https:\/\/mascasascruilles.cat\/?s={search_term_string}"},"query-input":{"@type":"PropertyValueSpecification","valueRequired":true,"valueName":"search_term_string"}}],"inLanguage":"en-GB"},{"@type":"Organization","@id":"https:\/\/mascasascruilles.cat\/#organization","name":"Mas Casas Cru\u00eflles","url":"https:\/\/mascasascruilles.cat\/","logo":{"@type":"ImageObject","inLanguage":"en-GB","@id":"https:\/\/mascasascruilles.cat\/#\/schema\/logo\/image\/","url":"https:\/\/mascasascruilles.cat\/wp-content\/uploads\/2022\/02\/cropped-logo_mascasas_negre.jpg","contentUrl":"https:\/\/mascasascruilles.cat\/wp-content\/uploads\/2022\/02\/cropped-logo_mascasas_negre.jpg","width":756,"height":756,"caption":"Mas Casas Cru\u00eflles"},"image":{"@id":"https:\/\/mascasascruilles.cat\/#\/schema\/logo\/image\/"}}]}},"taxonomy_info":{"product_cat":[{"value":27,"label":"Experi\u00e8ncies"}]},"featured_image_src_large":["https:\/\/mascasascruilles.cat\/wp-content\/uploads\/2023\/02\/WhatsApp-Image-2022-09-01-at-22.23.14-1024x577.jpeg",1024,577,true],"author_info":[],"comment_info":"","_links":{"self":[{"href":"https:\/\/mascasascruilles.cat\/en\/wp-json\/wp\/v2\/product\/2529","targetHints":{"allow":["GET"]}}],"collection":[{"href":"https:\/\/mascasascruilles.cat\/en\/wp-json\/wp\/v2\/product"}],"about":[{"href":"https:\/\/mascasascruilles.cat\/en\/wp-json\/wp\/v2\/types\/product"}],"wp:featuredmedia":[{"embeddable":true,"href":"https:\/\/mascasascruilles.cat\/en\/wp-json\/wp\/v2\/media\/2531"}],"wp:attachment":[{"href":"https:\/\/mascasascruilles.cat\/en\/wp-json\/wp\/v2\/media?parent=2529"}],"wp:term":[{"taxonomy":"product_brand","embeddable":true,"href":"https:\/\/mascasascruilles.cat\/en\/wp-json\/wp\/v2\/product_brand?post=2529"},{"taxonomy":"product_cat","embeddable":true,"href":"https:\/\/mascasascruilles.cat\/en\/wp-json\/wp\/v2\/product_cat?post=2529"},{"taxonomy":"product_tag","embeddable":true,"href":"https:\/\/mascasascruilles.cat\/en\/wp-json\/wp\/v2\/product_tag?post=2529"}],"curies":[{"name":"wp","href":"https:\/\/api.w.org\/{rel}","templated":true}]}}