{"id":2584,"date":"2023-03-27T11:40:03","date_gmt":"2023-03-27T09:40:03","guid":{"rendered":"https:\/\/mascasascruilles.cat\/?post_type=product&#038;p=2584"},"modified":"2023-07-26T08:04:44","modified_gmt":"2023-07-26T06:04:44","slug":"visita-guiada-a-la-granja","status":"publish","type":"product","link":"https:\/\/mascasascruilles.cat\/en\/product\/visita-guiada-a-la-granja\/","title":{"rendered":"Guided tour of the farm"},"content":{"rendered":"<p><strong>Visit a farm where everything revolves around a sheep!<\/strong><\/p>\n<p>The guided visit to the farm of Mas Casas, in Cru\u00eflles, is a way of explaining the importance of extensive livestock farming, the use of natural resources and the consumption of local products.<\/p>\n<p>The visit begins by discovering the life that exists in the first 30cm of the earth, which is where all the microorganisms that generate life on the planet live, and the importance of grazing a flock of sheep to combat climate change.<\/p>\n<p>Next, it explains how to care for a flock of sheep, respecting the animals&#039; natural life rhythms. Curiosities about this animal are also explained and the possibility to touch a lamb is offered.<\/p>\n<p>Finally, they explain the variety of products that can be obtained from a sheep: lamb meat, skins, wool and milk.<\/p>\n<p>During the activity, suitable for all ages, you go through different outdoor or closed areas of the farm. The milking parlor and the dairy farm are not open to visitors.<\/p>\n<p>In addition, before or after the visit, if you wish, you can enjoy our leisure space and our products.<\/p>\n<ul>\n<li>Activity in Catalan, Spanish, English and\/or French.<\/li>\n<li>Pets are not allowed on the farm, except for pit bulls.<\/li>\n<li>Possibility to organize guided tours on other non-scheduled days with a minimum of 4 people over 12 years old<\/li>\n<\/ul>","protected":false},"excerpt":{"rendered":"<p><strong>Visit a farm where everything revolves around a sheep!<\/strong><\/p>\n<p>The visit begins by discovering the life that exists within the earth and the importance of grazing a flock of sheep to combat climate change. It then explains how to care for a flock of sheep, with the chance to touch a lamb. Finally, the variety of products that can be obtained from a sheep are explained: lamb meat, skins, wool and milk. The visit is a way of explaining the importance of extensive livestock farming, the use of natural resources and the consumption of local products.<\/p>\n<p>Activity suitable for all ages. Free for children up to 12 years.<\/p>\n<p><strong><a style=\"color: red;\" href=\"https:\/\/mascasascruilles.cat\/en\/mep_cat\/visita-guiada-a-la-granja\/\">Check upcoming dates<\/a><\/strong><\/p>","protected":false},"featured_media":1448,"template":"","meta":{"_kad_blocks_custom_css":"","_kad_blocks_head_custom_js":"","_kad_blocks_body_custom_js":"","_kad_blocks_footer_custom_js":"","_kadence_starter_templates_imported_post":false,"_kad_post_transparent":"default","_kad_post_title":"","_kad_post_layout":"default","_kad_post_sidebar_id":"","_kad_post_content_style":"default","_kad_post_vertical_padding":"default","_kad_post_feature":"","_kad_post_feature_position":"","_kad_post_header":false,"_kad_post_footer":false,"_kad_post_classname":""},"product_brand":[],"product_cat":[27],"product_tag":[],"class_list":{"0":"post-2584","1":"product","2":"type-product","3":"status-publish","4":"has-post-thumbnail","6":"product_cat-experiencies","8":"first","9":"outofstock","10":"virtual","11":"taxable","12":"purchasable","13":"product-type-ticket-event","14":"entry","15":"content-bg","16":"loop-entry"},"yoast_head":"<!-- This site is optimized with the Yoast SEO plugin v27.4 - https:\/\/yoast.com\/product\/yoast-seo-wordpress\/ -->\n<title>Visita guiada a la granja - Mas Casas Cru\u00eflles<\/title>\n<meta name=\"robots\" content=\"index, follow, max-snippet:-1, max-image-preview:large, max-video-preview:-1\" \/>\n<link rel=\"canonical\" href=\"https:\/\/mascasascruilles.cat\/en\/product\/visita-guiada-a-la-granja\/\" \/>\n<meta property=\"og:locale\" content=\"en_GB\" \/>\n<meta property=\"og:type\" content=\"article\" \/>\n<meta property=\"og:title\" content=\"Visita guiada a la granja - Mas Casas Cru\u00eflles\" \/>\n<meta property=\"og:description\" content=\"Visita una granja on tot gira al voltant d\u2019una ovella!  La visita comen\u00e7a descobrint la vida existent dins la terra i la import\u00e0ncia de la pastura d&#039;un ramat d&#039;ovelles per combatre el canvi clim\u00e0tic. A continuaci\u00f3, s&#039;explica com es cuida un ramat d&#039;ovelles, amb possibilitat de tocar un xai. Per acabar, s&#039;expliquen la varietat de productes que es poden obtenir a partir d&#039;una ovella: carn de xai, pells, llana i llet. La visita \u00e9s una manera d\u2019explicar la import\u00e0ncia de la ramaderia extensiva, l\u2019aprofitament dels recursos naturals i el consum de productes de proximitat.  Activitat apta per a totes les edats. Gratu\u00eftat per a infants fins a 12 anys.  Consulta properes dates\" \/>\n<meta property=\"og:url\" content=\"https:\/\/mascasascruilles.cat\/en\/product\/visita-guiada-a-la-granja\/\" \/>\n<meta property=\"og:site_name\" content=\"Mas Casas Cru\u00eflles\" \/>\n<meta property=\"article:modified_time\" content=\"2023-07-26T06:04:44+00:00\" \/>\n<meta property=\"og:image\" content=\"https:\/\/mascasascruilles.cat\/wp-content\/uploads\/2022\/02\/@MasCasasCruilles-Xai-corral-ow8ys67d2mwnr4n3jjgwnik1honszoq9azja6slxh4.jpg\" \/>\n\t<meta property=\"og:image:width\" content=\"500\" \/>\n\t<meta property=\"og:image:height\" content=\"300\" \/>\n\t<meta property=\"og:image:type\" content=\"image\/jpeg\" \/>\n<meta name=\"twitter:card\" content=\"summary_large_image\" \/>\n<meta name=\"twitter:label1\" content=\"Estimated reading time\" \/>\n\t<meta name=\"twitter:data1\" content=\"2 minutes\" \/>\n<script type=\"application\/ld+json\" class=\"yoast-schema-graph\">{\"@context\":\"https:\\\/\\\/schema.org\",\"@graph\":[{\"@type\":\"WebPage\",\"@id\":\"https:\\\/\\\/mascasascruilles.cat\\\/producte\\\/visita-guiada-a-la-granja\\\/\",\"url\":\"https:\\\/\\\/mascasascruilles.cat\\\/producte\\\/visita-guiada-a-la-granja\\\/\",\"name\":\"Visita guiada a la granja - Mas Casas Cru\u00eflles\",\"isPartOf\":{\"@id\":\"https:\\\/\\\/mascasascruilles.cat\\\/#website\"},\"primaryImageOfPage\":{\"@id\":\"https:\\\/\\\/mascasascruilles.cat\\\/producte\\\/visita-guiada-a-la-granja\\\/#primaryimage\"},\"image\":{\"@id\":\"https:\\\/\\\/mascasascruilles.cat\\\/producte\\\/visita-guiada-a-la-granja\\\/#primaryimage\"},\"thumbnailUrl\":\"https:\\\/\\\/mascasascruilles.cat\\\/wp-content\\\/uploads\\\/2022\\\/02\\\/@MasCasasCruilles-Xai-corral-ow8ys67d2mwnr4n3jjgwnik1honszoq9azja6slxh4.jpg\",\"datePublished\":\"2023-03-27T09:40:03+00:00\",\"dateModified\":\"2023-07-26T06:04:44+00:00\",\"breadcrumb\":{\"@id\":\"https:\\\/\\\/mascasascruilles.cat\\\/producte\\\/visita-guiada-a-la-granja\\\/#breadcrumb\"},\"inLanguage\":\"en-GB\",\"potentialAction\":[{\"@type\":\"ReadAction\",\"target\":[\"https:\\\/\\\/mascasascruilles.cat\\\/producte\\\/visita-guiada-a-la-granja\\\/\"]}]},{\"@type\":\"ImageObject\",\"inLanguage\":\"en-GB\",\"@id\":\"https:\\\/\\\/mascasascruilles.cat\\\/producte\\\/visita-guiada-a-la-granja\\\/#primaryimage\",\"url\":\"https:\\\/\\\/mascasascruilles.cat\\\/wp-content\\\/uploads\\\/2022\\\/02\\\/@MasCasasCruilles-Xai-corral-ow8ys67d2mwnr4n3jjgwnik1honszoq9azja6slxh4.jpg\",\"contentUrl\":\"https:\\\/\\\/mascasascruilles.cat\\\/wp-content\\\/uploads\\\/2022\\\/02\\\/@MasCasasCruilles-Xai-corral-ow8ys67d2mwnr4n3jjgwnik1honszoq9azja6slxh4.jpg\",\"width\":500,\"height\":300},{\"@type\":\"BreadcrumbList\",\"@id\":\"https:\\\/\\\/mascasascruilles.cat\\\/producte\\\/visita-guiada-a-la-granja\\\/#breadcrumb\",\"itemListElement\":[{\"@type\":\"ListItem\",\"position\":1,\"name\":\"Inici\",\"item\":\"https:\\\/\\\/mascasascruilles.cat\\\/\"},{\"@type\":\"ListItem\",\"position\":2,\"name\":\"Botiga\",\"item\":\"https:\\\/\\\/mascasascruilles.cat\\\/botiga\\\/\"},{\"@type\":\"ListItem\",\"position\":3,\"name\":\"Visita guiada a la granja\"}]},{\"@type\":\"WebSite\",\"@id\":\"https:\\\/\\\/mascasascruilles.cat\\\/#website\",\"url\":\"https:\\\/\\\/mascasascruilles.cat\\\/\",\"name\":\"Mas Casas Cru\u00eflles\",\"description\":\"Granja familiar amb ovelles a Empord\u00e0\",\"publisher\":{\"@id\":\"https:\\\/\\\/mascasascruilles.cat\\\/#organization\"},\"potentialAction\":[{\"@type\":\"SearchAction\",\"target\":{\"@type\":\"EntryPoint\",\"urlTemplate\":\"https:\\\/\\\/mascasascruilles.cat\\\/?s={search_term_string}\"},\"query-input\":{\"@type\":\"PropertyValueSpecification\",\"valueRequired\":true,\"valueName\":\"search_term_string\"}}],\"inLanguage\":\"en-GB\"},{\"@type\":\"Organization\",\"@id\":\"https:\\\/\\\/mascasascruilles.cat\\\/#organization\",\"name\":\"Mas Casas Cru\u00eflles\",\"url\":\"https:\\\/\\\/mascasascruilles.cat\\\/\",\"logo\":{\"@type\":\"ImageObject\",\"inLanguage\":\"en-GB\",\"@id\":\"https:\\\/\\\/mascasascruilles.cat\\\/#\\\/schema\\\/logo\\\/image\\\/\",\"url\":\"https:\\\/\\\/mascasascruilles.cat\\\/wp-content\\\/uploads\\\/2022\\\/02\\\/cropped-logo_mascasas_negre.jpg\",\"contentUrl\":\"https:\\\/\\\/mascasascruilles.cat\\\/wp-content\\\/uploads\\\/2022\\\/02\\\/cropped-logo_mascasas_negre.jpg\",\"width\":756,\"height\":756,\"caption\":\"Mas Casas Cru\u00eflles\"},\"image\":{\"@id\":\"https:\\\/\\\/mascasascruilles.cat\\\/#\\\/schema\\\/logo\\\/image\\\/\"}}]}<\/script>\n<!-- \/ Yoast SEO plugin. -->","yoast_head_json":{"title":"Visita guiada a la granja - Mas Casas Cru\u00eflles","robots":{"index":"index","follow":"follow","max-snippet":"max-snippet:-1","max-image-preview":"max-image-preview:large","max-video-preview":"max-video-preview:-1"},"canonical":"https:\/\/mascasascruilles.cat\/en\/product\/visita-guiada-a-la-granja\/","og_locale":"en_GB","og_type":"article","og_title":"Visita guiada a la granja - Mas Casas Cru\u00eflles","og_description":"Visita una granja on tot gira al voltant d\u2019una ovella!  La visita comen\u00e7a descobrint la vida existent dins la terra i la import\u00e0ncia de la pastura d'un ramat d'ovelles per combatre el canvi clim\u00e0tic. A continuaci\u00f3, s'explica com es cuida un ramat d'ovelles, amb possibilitat de tocar un xai. Per acabar, s'expliquen la varietat de productes que es poden obtenir a partir d'una ovella: carn de xai, pells, llana i llet. La visita \u00e9s una manera d\u2019explicar la import\u00e0ncia de la ramaderia extensiva, l\u2019aprofitament dels recursos naturals i el consum de productes de proximitat.  Activitat apta per a totes les edats. Gratu\u00eftat per a infants fins a 12 anys.  Consulta properes dates","og_url":"https:\/\/mascasascruilles.cat\/en\/product\/visita-guiada-a-la-granja\/","og_site_name":"Mas Casas Cru\u00eflles","article_modified_time":"2023-07-26T06:04:44+00:00","og_image":[{"width":500,"height":300,"url":"https:\/\/mascasascruilles.cat\/wp-content\/uploads\/2022\/02\/@MasCasasCruilles-Xai-corral-ow8ys67d2mwnr4n3jjgwnik1honszoq9azja6slxh4.jpg","type":"image\/jpeg"}],"twitter_card":"summary_large_image","twitter_misc":{"Estimated reading time":"2 minutes"},"schema":{"@context":"https:\/\/schema.org","@graph":[{"@type":"WebPage","@id":"https:\/\/mascasascruilles.cat\/producte\/visita-guiada-a-la-granja\/","url":"https:\/\/mascasascruilles.cat\/producte\/visita-guiada-a-la-granja\/","name":"Visita guiada a la granja - Mas Casas Cru\u00eflles","isPartOf":{"@id":"https:\/\/mascasascruilles.cat\/#website"},"primaryImageOfPage":{"@id":"https:\/\/mascasascruilles.cat\/producte\/visita-guiada-a-la-granja\/#primaryimage"},"image":{"@id":"https:\/\/mascasascruilles.cat\/producte\/visita-guiada-a-la-granja\/#primaryimage"},"thumbnailUrl":"https:\/\/mascasascruilles.cat\/wp-content\/uploads\/2022\/02\/@MasCasasCruilles-Xai-corral-ow8ys67d2mwnr4n3jjgwnik1honszoq9azja6slxh4.jpg","datePublished":"2023-03-27T09:40:03+00:00","dateModified":"2023-07-26T06:04:44+00:00","breadcrumb":{"@id":"https:\/\/mascasascruilles.cat\/producte\/visita-guiada-a-la-granja\/#breadcrumb"},"inLanguage":"en-GB","potentialAction":[{"@type":"ReadAction","target":["https:\/\/mascasascruilles.cat\/producte\/visita-guiada-a-la-granja\/"]}]},{"@type":"ImageObject","inLanguage":"en-GB","@id":"https:\/\/mascasascruilles.cat\/producte\/visita-guiada-a-la-granja\/#primaryimage","url":"https:\/\/mascasascruilles.cat\/wp-content\/uploads\/2022\/02\/@MasCasasCruilles-Xai-corral-ow8ys67d2mwnr4n3jjgwnik1honszoq9azja6slxh4.jpg","contentUrl":"https:\/\/mascasascruilles.cat\/wp-content\/uploads\/2022\/02\/@MasCasasCruilles-Xai-corral-ow8ys67d2mwnr4n3jjgwnik1honszoq9azja6slxh4.jpg","width":500,"height":300},{"@type":"BreadcrumbList","@id":"https:\/\/mascasascruilles.cat\/producte\/visita-guiada-a-la-granja\/#breadcrumb","itemListElement":[{"@type":"ListItem","position":1,"name":"Inici","item":"https:\/\/mascasascruilles.cat\/"},{"@type":"ListItem","position":2,"name":"Botiga","item":"https:\/\/mascasascruilles.cat\/botiga\/"},{"@type":"ListItem","position":3,"name":"Visita guiada a la granja"}]},{"@type":"WebSite","@id":"https:\/\/mascasascruilles.cat\/#website","url":"https:\/\/mascasascruilles.cat\/","name":"Mas Casas Cru\u00eflles","description":"Family farm with sheep in Empord\u00e0","publisher":{"@id":"https:\/\/mascasascruilles.cat\/#organization"},"potentialAction":[{"@type":"SearchAction","target":{"@type":"EntryPoint","urlTemplate":"https:\/\/mascasascruilles.cat\/?s={search_term_string}"},"query-input":{"@type":"PropertyValueSpecification","valueRequired":true,"valueName":"search_term_string"}}],"inLanguage":"en-GB"},{"@type":"Organization","@id":"https:\/\/mascasascruilles.cat\/#organization","name":"Mas Casas Cru\u00eflles","url":"https:\/\/mascasascruilles.cat\/","logo":{"@type":"ImageObject","inLanguage":"en-GB","@id":"https:\/\/mascasascruilles.cat\/#\/schema\/logo\/image\/","url":"https:\/\/mascasascruilles.cat\/wp-content\/uploads\/2022\/02\/cropped-logo_mascasas_negre.jpg","contentUrl":"https:\/\/mascasascruilles.cat\/wp-content\/uploads\/2022\/02\/cropped-logo_mascasas_negre.jpg","width":756,"height":756,"caption":"Mas Casas Cru\u00eflles"},"image":{"@id":"https:\/\/mascasascruilles.cat\/#\/schema\/logo\/image\/"}}]}},"taxonomy_info":{"product_cat":[{"value":27,"label":"Experi\u00e8ncies"}]},"featured_image_src_large":["https:\/\/mascasascruilles.cat\/wp-content\/uploads\/2022\/02\/@MasCasasCruilles-Xai-corral-ow8ys67d2mwnr4n3jjgwnik1honszoq9azja6slxh4.jpg",500,300,false],"author_info":[],"comment_info":"","_links":{"self":[{"href":"https:\/\/mascasascruilles.cat\/en\/wp-json\/wp\/v2\/product\/2584","targetHints":{"allow":["GET"]}}],"collection":[{"href":"https:\/\/mascasascruilles.cat\/en\/wp-json\/wp\/v2\/product"}],"about":[{"href":"https:\/\/mascasascruilles.cat\/en\/wp-json\/wp\/v2\/types\/product"}],"wp:featuredmedia":[{"embeddable":true,"href":"https:\/\/mascasascruilles.cat\/en\/wp-json\/wp\/v2\/media\/1448"}],"wp:attachment":[{"href":"https:\/\/mascasascruilles.cat\/en\/wp-json\/wp\/v2\/media?parent=2584"}],"wp:term":[{"taxonomy":"product_brand","embeddable":true,"href":"https:\/\/mascasascruilles.cat\/en\/wp-json\/wp\/v2\/product_brand?post=2584"},{"taxonomy":"product_cat","embeddable":true,"href":"https:\/\/mascasascruilles.cat\/en\/wp-json\/wp\/v2\/product_cat?post=2584"},{"taxonomy":"product_tag","embeddable":true,"href":"https:\/\/mascasascruilles.cat\/en\/wp-json\/wp\/v2\/product_tag?post=2584"}],"curies":[{"name":"wp","href":"https:\/\/api.w.org\/{rel}","templated":true}]}}