{"id":2596,"date":"2023-03-29T23:26:28","date_gmt":"2023-03-29T21:26:28","guid":{"rendered":"https:\/\/mascasascruilles.cat\/?post_type=product&#038;p=2596"},"modified":"2023-05-07T09:44:34","modified_gmt":"2023-05-07T07:44:34","slug":"dia-de-lesquilada-07-05-2023","status":"publish","type":"product","link":"https:\/\/mascasascruilles.cat\/en\/product\/dia-de-lesquilada-07-05-2023\/","title":{"rendered":"Shearing day \u2013 07\/05\/2023"},"content":{"rendered":"<p><strong><span style=\"color: #212121; font-family: Roboto, RobotoDraft, Helvetica, Arial, sans-serif; font-size: 14px; font-style: normal; font-variant-ligatures: normal; font-variant-caps: normal; white-space: pre-wrap;\">Learn about the wool process, from the sheep to a final product!<\/span><\/strong><\/p>\n<p style=\"color: #212121; font-family: Roboto, RobotoDraft, Helvetica, Arial, sans-serif; font-size: 14px; font-style: normal; font-variant-ligatures: normal; font-variant-caps: normal; font-weight: 400; white-space: pre-wrap;\">Wool is a natural fiber obtained from sheep through a process called carding. Professional clippers cut very close to the skin with mechanical clippers. The sheep do not suffer, on the contrary, they appreciate the release of weight and coat for a cooler summer. Our sheep are shorn once a year, in the spring (usually in May). In ancient times, the day of the shearing was a big party with a good meal.<\/p>\n<p>The day of shearing at Mas Casas becomes the wool festival, an opportunity to learn and enjoy this material and all the trades that surround it alone or accompanied by family and\/or friends.<\/p>\n<p style=\"color: #212121; font-family: Roboto, RobotoDraft, Helvetica, Arial, sans-serif; font-size: 14px; font-style: normal; font-variant-ligatures: normal; font-variant-caps: normal; font-weight: 400; white-space: pre-wrap;\">We offer the possibility of visiting Mas Casas Cru\u00eflles on the day of the shearing, during which you can:<\/p>\n<ul>\n<li style=\"color: #212121; font-family: Roboto, RobotoDraft, Helvetica, Arial, sans-serif; font-size: 14px; font-style: normal; font-variant-ligatures: normal; font-variant-caps: normal; font-weight: 400; white-space: pre-wrap;\"><span style=\"font-family: Roboto, RobotoDraft, Helvetica, Arial, sans-serif; font-size: 14px; font-style: normal; font-variant-ligatures: normal; font-variant-caps: normal; font-weight: 400;\">See how the shearers work<\/span><\/li>\n<li style=\"color: #212121; font-family: Roboto, RobotoDraft, Helvetica, Arial, sans-serif; font-size: 14px; font-style: normal; font-variant-ligatures: normal; font-variant-caps: normal; font-weight: 400; white-space: pre-wrap;\"><span style=\"font-family: Roboto, RobotoDraft, Helvetica, Arial, sans-serif; font-size: 14px; font-style: normal; font-variant-ligatures: normal; font-variant-caps: normal; font-weight: 400;\">Learn about wool, its properties and its current uses<\/span><\/li>\n<li style=\"color: #212121; font-family: Roboto, RobotoDraft, Helvetica, Arial, sans-serif; font-size: 14px; font-style: normal; font-variant-ligatures: normal; font-variant-caps: normal; font-weight: 400; white-space: pre-wrap;\"><span style=\"font-family: Roboto, RobotoDraft, Helvetica, Arial, sans-serif; font-size: 14px; font-style: normal; font-variant-ligatures: normal; font-variant-caps: normal; font-weight: 400;\">Participate in various workshops for carding, felting, weaving...<\/span><\/li>\n<li><span style=\"font-family: Roboto, RobotoDraft, Helvetica, Arial, sans-serif; font-size: 14px; font-style: normal; font-variant-ligatures: normal; font-variant-caps: normal; font-weight: 400;\">Learn about our sustainable livestock project<\/span><\/li>\n<li><span style=\"font-family: Roboto, RobotoDraft, Helvetica, Arial, sans-serif; font-size: 14px; font-style: normal; font-variant-ligatures: normal; font-variant-caps: normal; font-weight: 400;\">Taste our dairy products<\/span><\/li>\n<li style=\"font-variant-ligatures: normal; font-variant-caps: normal; font-family: Roboto, RobotoDraft, Helvetica, Arial, sans-serif; font-size: 14px; font-style: normal; font-weight: 400; color: #212121; white-space: pre-wrap;\"><span style=\"font-variant-ligatures: normal; font-variant-caps: normal; font-family: Roboto, RobotoDraft, Helvetica, Arial, sans-serif; font-size: 14px; font-style: normal; font-weight: 400;\">Enjoy an outdoor space with family in our leisure space<\/span><\/li>\n<li style=\"font-variant-ligatures: normal; font-variant-caps: normal; font-family: Roboto, RobotoDraft, Helvetica, Arial, sans-serif; font-size: 14px; font-style: normal; font-weight: 400; color: #212121; white-space: pre-wrap;\"><span style=\"font-variant-ligatures: normal; font-variant-caps: normal; font-family: Roboto, RobotoDraft, Helvetica, Arial, sans-serif; font-size: 14px; font-style: normal; font-weight: 400;\">Buy our products around a sheep<\/span><\/li>\n<\/ul>\n<p>&nbsp;<\/p>\n<p>Keep in mind that:<\/p>\n<ul>\n<li>Visiting hours are from 10am to 2pm.<\/li>\n<li>Outdoor activity. We recommend coming in comfortable clothes, wearing a hat and sunscreen.<\/li>\n<li>Activity suitable for all ages.<\/li>\n<li>Pets are not allowed on the farm, except for pit bulls.<\/li>\n<li>In case of rain, the activity will be postponed to another date.<\/li>\n<li>Free for children under the age of 3 and for children holding the SX3 card.<\/li>\n<\/ul>","protected":false},"excerpt":{"rendered":"<p><strong><span style=\"color: #212121; font-family: Roboto, RobotoDraft, Helvetica, Arial, sans-serif; font-size: 14px; font-style: normal; font-variant-ligatures: normal; font-variant-caps: normal; white-space: pre-wrap;\">Learn about the wool process, from the sheep to a final product!<\/span><\/strong><\/p>\n<p style=\"color: #212121; font-family: Roboto, RobotoDraft, Helvetica, Arial, sans-serif; font-size: 14px; font-style: normal; font-variant-ligatures: normal; font-variant-caps: normal; font-weight: 400; white-space: pre-wrap;\">Visit Mas Casas in Cru\u00eflles on Shearing Day, the big wool festival on the farm, during which you can learn about our sustainable livestock project, see how the shearers work, learn about wool, its properties and the their current uses, participate in various wool workshops, taste our dairy products, enjoy an outdoor space with family and\/or friends and buy our products around a sheep.<\/p>\n<p style=\"color: #212121; font-family: Roboto, RobotoDraft, Helvetica, Arial, sans-serif; font-size: 14px; font-style: normal; font-variant-ligatures: normal; font-variant-caps: normal; font-weight: 400; white-space: pre-wrap;\">Morning outdoor activity for all ages.<\/p>\n<p style=\"color: #212121; font-family: Roboto, RobotoDraft, Helvetica, Arial, sans-serif; font-size: 14px; font-style: normal; font-variant-ligatures: normal; font-variant-caps: normal; font-weight: 400; white-space: pre-wrap;\">Free for children under the age of 3 and for children holding the SX3 card.<\/p>","protected":false},"featured_media":1509,"template":"","meta":{"_kad_blocks_custom_css":"","_kad_blocks_head_custom_js":"","_kad_blocks_body_custom_js":"","_kad_blocks_footer_custom_js":"","_kadence_starter_templates_imported_post":false,"_kad_post_transparent":"","_kad_post_title":"","_kad_post_layout":"","_kad_post_sidebar_id":"","_kad_post_content_style":"","_kad_post_vertical_padding":"","_kad_post_feature":"","_kad_post_feature_position":"","_kad_post_header":false,"_kad_post_footer":false,"_kad_post_classname":""},"product_brand":[],"product_cat":[27,44],"product_tag":[],"class_list":{"0":"post-2596","1":"product","2":"type-product","3":"status-publish","4":"has-post-thumbnail","6":"product_cat-experiencies","7":"product_cat-llana","9":"first","10":"instock","11":"virtual","12":"taxable","13":"product-type-ticket-event","14":"entry","15":"content-bg","16":"loop-entry"},"yoast_head":"<!-- This site is optimized with the Yoast SEO plugin v27.4 - https:\/\/yoast.com\/product\/yoast-seo-wordpress\/ -->\n<title>Dia de l&#039;esquilada - 07\/05\/2023 - Mas Casas Cru\u00eflles<\/title>\n<meta name=\"robots\" content=\"index, follow, max-snippet:-1, max-image-preview:large, max-video-preview:-1\" \/>\n<link rel=\"canonical\" href=\"https:\/\/mascasascruilles.cat\/en\/product\/dia-de-lesquilada-07-05-2023\/\" \/>\n<meta property=\"og:locale\" content=\"en_GB\" \/>\n<meta property=\"og:type\" content=\"article\" \/>\n<meta property=\"og:title\" content=\"Dia de l&#039;esquilada - 07\/05\/2023 - Mas Casas Cru\u00eflles\" \/>\n<meta property=\"og:description\" content=\"Coneix el proc\u00e9s de la llana, de l\u2019ovella fins a un producte final! Visita Mas Casas a Cru\u00eflles el Dia de l&#039;esquilada, la gran festa de la llana a la granja, durant el qual podr\u00e0s con\u00e8ixer el nostre projecte de ramaderia sostenible, veure com treballen els esquiladors, aprendre sobre la llana, les seves propietats i els seus usos actuals, participar en diversos tallers de llana, tastar els nostres productes l\u00e0ctics, gaudir d&#039;un espai a l&#039;aire lliure en fam\u00edlia i\/o amics i comprar els nostres productes al voltant d&#039;una ovella. Activitat matinal a l&#039;aire lliure per a totes les edats. Gratu\u00eftat per a infants menors de 3 anys i per a infants portadors del carnet SX3.\" \/>\n<meta property=\"og:url\" content=\"https:\/\/mascasascruilles.cat\/en\/product\/dia-de-lesquilada-07-05-2023\/\" \/>\n<meta property=\"og:site_name\" content=\"Mas Casas Cru\u00eflles\" \/>\n<meta property=\"article:modified_time\" content=\"2023-05-07T07:44:34+00:00\" \/>\n<meta property=\"og:image\" content=\"https:\/\/mascasascruilles.cat\/wp-content\/uploads\/2022\/02\/@MasCasasCruilles-detall-esquilada-1024x614-1.jpg\" \/>\n\t<meta property=\"og:image:width\" content=\"1024\" \/>\n\t<meta property=\"og:image:height\" content=\"614\" \/>\n\t<meta property=\"og:image:type\" content=\"image\/jpeg\" \/>\n<meta name=\"twitter:card\" content=\"summary_large_image\" \/>\n<meta name=\"twitter:label1\" content=\"Estimated reading time\" \/>\n\t<meta name=\"twitter:data1\" content=\"2 minutes\" \/>\n<script type=\"application\/ld+json\" class=\"yoast-schema-graph\">{\"@context\":\"https:\\\/\\\/schema.org\",\"@graph\":[{\"@type\":\"WebPage\",\"@id\":\"https:\\\/\\\/mascasascruilles.cat\\\/producte\\\/dia-de-lesquilada-07-05-2023\\\/\",\"url\":\"https:\\\/\\\/mascasascruilles.cat\\\/producte\\\/dia-de-lesquilada-07-05-2023\\\/\",\"name\":\"Dia de l'esquilada - 07\\\/05\\\/2023 - Mas Casas Cru\u00eflles\",\"isPartOf\":{\"@id\":\"https:\\\/\\\/mascasascruilles.cat\\\/#website\"},\"primaryImageOfPage\":{\"@id\":\"https:\\\/\\\/mascasascruilles.cat\\\/producte\\\/dia-de-lesquilada-07-05-2023\\\/#primaryimage\"},\"image\":{\"@id\":\"https:\\\/\\\/mascasascruilles.cat\\\/producte\\\/dia-de-lesquilada-07-05-2023\\\/#primaryimage\"},\"thumbnailUrl\":\"https:\\\/\\\/mascasascruilles.cat\\\/wp-content\\\/uploads\\\/2022\\\/02\\\/@MasCasasCruilles-detall-esquilada-1024x614-1.jpg\",\"datePublished\":\"2023-03-29T21:26:28+00:00\",\"dateModified\":\"2023-05-07T07:44:34+00:00\",\"breadcrumb\":{\"@id\":\"https:\\\/\\\/mascasascruilles.cat\\\/producte\\\/dia-de-lesquilada-07-05-2023\\\/#breadcrumb\"},\"inLanguage\":\"en-GB\",\"potentialAction\":[{\"@type\":\"ReadAction\",\"target\":[\"https:\\\/\\\/mascasascruilles.cat\\\/producte\\\/dia-de-lesquilada-07-05-2023\\\/\"]}]},{\"@type\":\"ImageObject\",\"inLanguage\":\"en-GB\",\"@id\":\"https:\\\/\\\/mascasascruilles.cat\\\/producte\\\/dia-de-lesquilada-07-05-2023\\\/#primaryimage\",\"url\":\"https:\\\/\\\/mascasascruilles.cat\\\/wp-content\\\/uploads\\\/2022\\\/02\\\/@MasCasasCruilles-detall-esquilada-1024x614-1.jpg\",\"contentUrl\":\"https:\\\/\\\/mascasascruilles.cat\\\/wp-content\\\/uploads\\\/2022\\\/02\\\/@MasCasasCruilles-detall-esquilada-1024x614-1.jpg\",\"width\":1024,\"height\":614},{\"@type\":\"BreadcrumbList\",\"@id\":\"https:\\\/\\\/mascasascruilles.cat\\\/producte\\\/dia-de-lesquilada-07-05-2023\\\/#breadcrumb\",\"itemListElement\":[{\"@type\":\"ListItem\",\"position\":1,\"name\":\"Inici\",\"item\":\"https:\\\/\\\/mascasascruilles.cat\\\/\"},{\"@type\":\"ListItem\",\"position\":2,\"name\":\"Botiga\",\"item\":\"https:\\\/\\\/mascasascruilles.cat\\\/botiga\\\/\"},{\"@type\":\"ListItem\",\"position\":3,\"name\":\"Dia de l&#8217;esquilada &#8211; 07\\\/05\\\/2023\"}]},{\"@type\":\"WebSite\",\"@id\":\"https:\\\/\\\/mascasascruilles.cat\\\/#website\",\"url\":\"https:\\\/\\\/mascasascruilles.cat\\\/\",\"name\":\"Mas Casas Cru\u00eflles\",\"description\":\"Granja familiar amb ovelles a Empord\u00e0\",\"publisher\":{\"@id\":\"https:\\\/\\\/mascasascruilles.cat\\\/#organization\"},\"potentialAction\":[{\"@type\":\"SearchAction\",\"target\":{\"@type\":\"EntryPoint\",\"urlTemplate\":\"https:\\\/\\\/mascasascruilles.cat\\\/?s={search_term_string}\"},\"query-input\":{\"@type\":\"PropertyValueSpecification\",\"valueRequired\":true,\"valueName\":\"search_term_string\"}}],\"inLanguage\":\"en-GB\"},{\"@type\":\"Organization\",\"@id\":\"https:\\\/\\\/mascasascruilles.cat\\\/#organization\",\"name\":\"Mas Casas Cru\u00eflles\",\"url\":\"https:\\\/\\\/mascasascruilles.cat\\\/\",\"logo\":{\"@type\":\"ImageObject\",\"inLanguage\":\"en-GB\",\"@id\":\"https:\\\/\\\/mascasascruilles.cat\\\/#\\\/schema\\\/logo\\\/image\\\/\",\"url\":\"https:\\\/\\\/mascasascruilles.cat\\\/wp-content\\\/uploads\\\/2022\\\/02\\\/cropped-logo_mascasas_negre.jpg\",\"contentUrl\":\"https:\\\/\\\/mascasascruilles.cat\\\/wp-content\\\/uploads\\\/2022\\\/02\\\/cropped-logo_mascasas_negre.jpg\",\"width\":756,\"height\":756,\"caption\":\"Mas Casas Cru\u00eflles\"},\"image\":{\"@id\":\"https:\\\/\\\/mascasascruilles.cat\\\/#\\\/schema\\\/logo\\\/image\\\/\"}}]}<\/script>\n<!-- \/ Yoast SEO plugin. -->","yoast_head_json":{"title":"Dia de l'esquilada - 07\/05\/2023 - Mas Casas Cru\u00eflles","robots":{"index":"index","follow":"follow","max-snippet":"max-snippet:-1","max-image-preview":"max-image-preview:large","max-video-preview":"max-video-preview:-1"},"canonical":"https:\/\/mascasascruilles.cat\/en\/product\/dia-de-lesquilada-07-05-2023\/","og_locale":"en_GB","og_type":"article","og_title":"Dia de l'esquilada - 07\/05\/2023 - Mas Casas Cru\u00eflles","og_description":"Coneix el proc\u00e9s de la llana, de l\u2019ovella fins a un producte final! Visita Mas Casas a Cru\u00eflles el Dia de l'esquilada, la gran festa de la llana a la granja, durant el qual podr\u00e0s con\u00e8ixer el nostre projecte de ramaderia sostenible, veure com treballen els esquiladors, aprendre sobre la llana, les seves propietats i els seus usos actuals, participar en diversos tallers de llana, tastar els nostres productes l\u00e0ctics, gaudir d'un espai a l'aire lliure en fam\u00edlia i\/o amics i comprar els nostres productes al voltant d'una ovella. Activitat matinal a l'aire lliure per a totes les edats. Gratu\u00eftat per a infants menors de 3 anys i per a infants portadors del carnet SX3.","og_url":"https:\/\/mascasascruilles.cat\/en\/product\/dia-de-lesquilada-07-05-2023\/","og_site_name":"Mas Casas Cru\u00eflles","article_modified_time":"2023-05-07T07:44:34+00:00","og_image":[{"width":1024,"height":614,"url":"https:\/\/mascasascruilles.cat\/wp-content\/uploads\/2022\/02\/@MasCasasCruilles-detall-esquilada-1024x614-1.jpg","type":"image\/jpeg"}],"twitter_card":"summary_large_image","twitter_misc":{"Estimated reading time":"2 minutes"},"schema":{"@context":"https:\/\/schema.org","@graph":[{"@type":"WebPage","@id":"https:\/\/mascasascruilles.cat\/producte\/dia-de-lesquilada-07-05-2023\/","url":"https:\/\/mascasascruilles.cat\/producte\/dia-de-lesquilada-07-05-2023\/","name":"Dia de l'esquilada - 07\/05\/2023 - Mas Casas Cru\u00eflles","isPartOf":{"@id":"https:\/\/mascasascruilles.cat\/#website"},"primaryImageOfPage":{"@id":"https:\/\/mascasascruilles.cat\/producte\/dia-de-lesquilada-07-05-2023\/#primaryimage"},"image":{"@id":"https:\/\/mascasascruilles.cat\/producte\/dia-de-lesquilada-07-05-2023\/#primaryimage"},"thumbnailUrl":"https:\/\/mascasascruilles.cat\/wp-content\/uploads\/2022\/02\/@MasCasasCruilles-detall-esquilada-1024x614-1.jpg","datePublished":"2023-03-29T21:26:28+00:00","dateModified":"2023-05-07T07:44:34+00:00","breadcrumb":{"@id":"https:\/\/mascasascruilles.cat\/producte\/dia-de-lesquilada-07-05-2023\/#breadcrumb"},"inLanguage":"en-GB","potentialAction":[{"@type":"ReadAction","target":["https:\/\/mascasascruilles.cat\/producte\/dia-de-lesquilada-07-05-2023\/"]}]},{"@type":"ImageObject","inLanguage":"en-GB","@id":"https:\/\/mascasascruilles.cat\/producte\/dia-de-lesquilada-07-05-2023\/#primaryimage","url":"https:\/\/mascasascruilles.cat\/wp-content\/uploads\/2022\/02\/@MasCasasCruilles-detall-esquilada-1024x614-1.jpg","contentUrl":"https:\/\/mascasascruilles.cat\/wp-content\/uploads\/2022\/02\/@MasCasasCruilles-detall-esquilada-1024x614-1.jpg","width":1024,"height":614},{"@type":"BreadcrumbList","@id":"https:\/\/mascasascruilles.cat\/producte\/dia-de-lesquilada-07-05-2023\/#breadcrumb","itemListElement":[{"@type":"ListItem","position":1,"name":"Inici","item":"https:\/\/mascasascruilles.cat\/"},{"@type":"ListItem","position":2,"name":"Botiga","item":"https:\/\/mascasascruilles.cat\/botiga\/"},{"@type":"ListItem","position":3,"name":"Dia de l&#8217;esquilada &#8211; 07\/05\/2023"}]},{"@type":"WebSite","@id":"https:\/\/mascasascruilles.cat\/#website","url":"https:\/\/mascasascruilles.cat\/","name":"Mas Casas Cru\u00eflles","description":"Family farm with sheep in Empord\u00e0","publisher":{"@id":"https:\/\/mascasascruilles.cat\/#organization"},"potentialAction":[{"@type":"SearchAction","target":{"@type":"EntryPoint","urlTemplate":"https:\/\/mascasascruilles.cat\/?s={search_term_string}"},"query-input":{"@type":"PropertyValueSpecification","valueRequired":true,"valueName":"search_term_string"}}],"inLanguage":"en-GB"},{"@type":"Organization","@id":"https:\/\/mascasascruilles.cat\/#organization","name":"Mas Casas Cru\u00eflles","url":"https:\/\/mascasascruilles.cat\/","logo":{"@type":"ImageObject","inLanguage":"en-GB","@id":"https:\/\/mascasascruilles.cat\/#\/schema\/logo\/image\/","url":"https:\/\/mascasascruilles.cat\/wp-content\/uploads\/2022\/02\/cropped-logo_mascasas_negre.jpg","contentUrl":"https:\/\/mascasascruilles.cat\/wp-content\/uploads\/2022\/02\/cropped-logo_mascasas_negre.jpg","width":756,"height":756,"caption":"Mas Casas Cru\u00eflles"},"image":{"@id":"https:\/\/mascasascruilles.cat\/#\/schema\/logo\/image\/"}}]}},"taxonomy_info":{"product_cat":[{"value":27,"label":"Experi\u00e8ncies"},{"value":44,"label":"Llana"}]},"featured_image_src_large":["https:\/\/mascasascruilles.cat\/wp-content\/uploads\/2022\/02\/@MasCasasCruilles-detall-esquilada-1024x614-1.jpg",1024,614,false],"author_info":[],"comment_info":"","_links":{"self":[{"href":"https:\/\/mascasascruilles.cat\/en\/wp-json\/wp\/v2\/product\/2596","targetHints":{"allow":["GET"]}}],"collection":[{"href":"https:\/\/mascasascruilles.cat\/en\/wp-json\/wp\/v2\/product"}],"about":[{"href":"https:\/\/mascasascruilles.cat\/en\/wp-json\/wp\/v2\/types\/product"}],"wp:featuredmedia":[{"embeddable":true,"href":"https:\/\/mascasascruilles.cat\/en\/wp-json\/wp\/v2\/media\/1509"}],"wp:attachment":[{"href":"https:\/\/mascasascruilles.cat\/en\/wp-json\/wp\/v2\/media?parent=2596"}],"wp:term":[{"taxonomy":"product_brand","embeddable":true,"href":"https:\/\/mascasascruilles.cat\/en\/wp-json\/wp\/v2\/product_brand?post=2596"},{"taxonomy":"product_cat","embeddable":true,"href":"https:\/\/mascasascruilles.cat\/en\/wp-json\/wp\/v2\/product_cat?post=2596"},{"taxonomy":"product_tag","embeddable":true,"href":"https:\/\/mascasascruilles.cat\/en\/wp-json\/wp\/v2\/product_tag?post=2596"}],"curies":[{"name":"wp","href":"https:\/\/api.w.org\/{rel}","templated":true}]}}