{"id":581,"date":"2022-02-07T16:10:34","date_gmt":"2022-02-07T16:10:34","guid":{"rendered":"http:\/\/dp2zbneb"},"modified":"2025-12-18T14:15:16","modified_gmt":"2025-12-18T13:15:16","slug":"crema_hidratant_llet_ovella","status":"publish","type":"product","link":"https:\/\/mascasascruilles.cat\/en\/product\/crema_hidratant_llet_ovella\/","title":{"rendered":"Moisturizing cream based on sheep&#039;s milk 250ml"},"content":{"rendered":"<p>Enjoy deep and long-lasting hydration with our moisturizer, formulated with high-quality natural ingredients and sheep&#039;s milk from our own herd. This natural cosmetic product is suitable for all ages and skin types, especially for atopic and sensitive skin that requires special care.<\/p>\n<p>The cream provides 24-hour nourishing hydration and is ideal for face, body and hands. With a fluid and light texture, it spreads easily, absorbs quickly and leaves the skin soft without any greasy residue, avoiding adhesion to clothes. In addition, it incorporates lavender essential oil, which provides a relaxing and delicate fragrance, inspired by the aromas of our estate.<\/p>\n<p><strong>Mode of application:<\/strong><\/p>\n<ol>\n<li>Shake the product well before each use, especially before the first use, to ensure a homogeneous mixture. When cometics in the form of a suspension remain at rest for a long time, the solid particles that make it up tend to fall and agglomerate at the bottom, while the liquid part remains on top, then you need to shake the container so that all the particles mix with the liquid and thus homogenize or distribute the components of the cosmetic.<\/li>\n<li>Apply to the skin with gentle massages until complete absorption.<\/li>\n<li>Avoid contact with eyes and open wounds.<\/li>\n<\/ol>\n<p><strong>Precautions:<\/strong><\/p>\n<ul>\n<li>Store in a cool and dry place, away from direct sunlight.<\/li>\n<li>Cosmetic use only. Avoid ingestion and contact with eyes and wounds.<\/li>\n<li>If discomfort is experienced when applying it, rinse with plenty of water.<\/li>\n<\/ul>\n<p><strong>Ingredients: <\/strong><\/p>\n<p>Aqua, Sheep milk, Cetearyl alcohol, Butyrospermum parkii butter, Glyceryl stearate, Prunus armeniaca kernel oil, Persea gratissima oil, Glycerin, Tocopheryl acetate, Panthenol, Citrus paradisi seed extract, Xanthan gum, Sodium cetearyl sulfate, Sodium citrate, Cetearyl glucoside, Potassium sorbate, Sodium benzoate, Parfum, Citric acid, Limonene*, Hydroxycitronellal*, .Citronellol*, Linalool*, Eugenol*, Coumarin*, Geraniol*.<br \/>\n* Perfume allergens.<\/p>\n<p><strong>Guaranteed manufacturing and quality<\/strong><\/p>\n<p>Made in a small cosmetic laboratory in Catalonia, our moisturizing cream complies with the strict standards of Regulation (EC) No. 1223\/2009 of the European Union and with the good manufacturing practices of the UNE-EN ISO 22716 standard. We do not test on animals, respecting the commitment to animal welfare.<\/p>\n<p><strong>Commitment to the Environment<\/strong><\/p>\n<p>The 250 ml PET container is easy to dose and recyclable. When you finish the product, put it in the appropriate recycling container to help close its life cycle and reduce the environmental impact.<\/p>","protected":false},"excerpt":{"rendered":"<ul>\n<li>Natural moisturizing body cream based on sheep&#039;s milk from the own flock, ideal for sensitive and atopic skin that needs deep hydration.<\/li>\n<li>Fluid and light texture that absorbs quickly, leaving the skin soft without greasy residue.<\/li>\n<li>Relaxing fragrance of lavender from our estate, which provides a unique aromatic experience.<\/li>\n<li>Hydrates for 24 hours and can be applied to the face, body and hands.<\/li>\n<li>Produced in Catalonia following sustainable practices and without animal testing, with 250 ml recyclable packaging. of easy dosing.<\/li>\n<\/ul>","protected":false},"featured_media":5126,"template":"","meta":{"_kad_blocks_custom_css":"","_kad_blocks_head_custom_js":"","_kad_blocks_body_custom_js":"","_kad_blocks_footer_custom_js":"","_kadence_starter_templates_imported_post":false,"_kad_post_transparent":"default","_kad_post_title":"","_kad_post_layout":"default","_kad_post_sidebar_id":"","_kad_post_content_style":"default","_kad_post_vertical_padding":"default","_kad_post_feature":"","_kad_post_feature_position":"","_kad_post_header":false,"_kad_post_footer":false,"_kad_post_classname":""},"product_brand":[],"product_cat":[43],"product_tag":[],"class_list":{"0":"post-581","1":"product","2":"type-product","3":"status-publish","4":"has-post-thumbnail","6":"product_cat-cosmetica-natural","7":"product_shipping_class-enviament-nacional","9":"first","10":"instock","11":"taxable","12":"shipping-taxable","13":"purchasable","14":"product-type-simple","15":"entry","16":"content-bg","17":"loop-entry"},"yoast_head":"<!-- This site is optimized with the Yoast SEO plugin v27.4 - https:\/\/yoast.com\/product\/yoast-seo-wordpress\/ -->\n<title>Crema hidratant a base de llet d&#039;ovella 250ml - Mas Casas Cru\u00eflles<\/title>\n<meta name=\"description\" content=\"Crema hidratant corporal amb llet d&#039;ovella per a pell sensible i at\u00f2pica, amb ingredients naturals, hidrataci\u00f3 profunda i aroma d&#039;esp\u00edgol.\" \/>\n<meta name=\"robots\" content=\"index, follow, max-snippet:-1, max-image-preview:large, max-video-preview:-1\" \/>\n<link rel=\"canonical\" href=\"https:\/\/mascasascruilles.cat\/en\/product\/crema_hidratant_llet_ovella\/\" \/>\n<meta property=\"og:locale\" content=\"en_GB\" \/>\n<meta property=\"og:type\" content=\"article\" \/>\n<meta property=\"og:title\" content=\"Crema hidratant corporal amb llet d\u2019ovella\" \/>\n<meta property=\"og:description\" content=\"Crema hidratant corporal amb llet d&#039;ovella per a pell sensible i at\u00f2pica, amb ingredients naturals, hidrataci\u00f3 profunda i aroma d&#039;esp\u00edgol.\" \/>\n<meta property=\"og:url\" content=\"https:\/\/mascasascruilles.cat\/en\/product\/crema_hidratant_llet_ovella\/\" \/>\n<meta property=\"og:site_name\" content=\"Mas Casas Cru\u00eflles\" \/>\n<meta property=\"article:modified_time\" content=\"2025-12-18T13:15:16+00:00\" \/>\n<meta property=\"og:image\" content=\"https:\/\/mascasascruilles.cat\/wp-content\/uploads\/2025\/12\/Sessio\u2560u-productors-1-202568-scaled.jpg\" \/>\n\t<meta property=\"og:image:width\" content=\"1707\" \/>\n\t<meta property=\"og:image:height\" content=\"2560\" \/>\n\t<meta property=\"og:image:type\" content=\"image\/jpeg\" \/>\n<meta name=\"twitter:card\" content=\"summary_large_image\" \/>\n<meta name=\"twitter:label1\" content=\"Estimated reading time\" \/>\n\t<meta name=\"twitter:data1\" content=\"3 minutes\" \/>\n<script type=\"application\/ld+json\" class=\"yoast-schema-graph\">{\"@context\":\"https:\\\/\\\/schema.org\",\"@graph\":[{\"@type\":\"WebPage\",\"@id\":\"https:\\\/\\\/mascasascruilles.cat\\\/producte\\\/crema_hidratant_llet_ovella\\\/\",\"url\":\"https:\\\/\\\/mascasascruilles.cat\\\/producte\\\/crema_hidratant_llet_ovella\\\/\",\"name\":\"Crema hidratant a base de llet d'ovella 250ml - Mas Casas Cru\u00eflles\",\"isPartOf\":{\"@id\":\"https:\\\/\\\/mascasascruilles.cat\\\/#website\"},\"primaryImageOfPage\":{\"@id\":\"https:\\\/\\\/mascasascruilles.cat\\\/producte\\\/crema_hidratant_llet_ovella\\\/#primaryimage\"},\"image\":{\"@id\":\"https:\\\/\\\/mascasascruilles.cat\\\/producte\\\/crema_hidratant_llet_ovella\\\/#primaryimage\"},\"thumbnailUrl\":\"https:\\\/\\\/mascasascruilles.cat\\\/wp-content\\\/uploads\\\/2025\\\/12\\\/Sessio\u2560u-productors-1-202568-scaled.jpg\",\"datePublished\":\"2022-02-07T16:10:34+00:00\",\"dateModified\":\"2025-12-18T13:15:16+00:00\",\"description\":\"Crema hidratant corporal amb llet d'ovella per a pell sensible i at\u00f2pica, amb ingredients naturals, hidrataci\u00f3 profunda i aroma d'esp\u00edgol.\",\"breadcrumb\":{\"@id\":\"https:\\\/\\\/mascasascruilles.cat\\\/producte\\\/crema_hidratant_llet_ovella\\\/#breadcrumb\"},\"inLanguage\":\"en-GB\",\"potentialAction\":[{\"@type\":\"ReadAction\",\"target\":[\"https:\\\/\\\/mascasascruilles.cat\\\/producte\\\/crema_hidratant_llet_ovella\\\/\"]}]},{\"@type\":\"ImageObject\",\"inLanguage\":\"en-GB\",\"@id\":\"https:\\\/\\\/mascasascruilles.cat\\\/producte\\\/crema_hidratant_llet_ovella\\\/#primaryimage\",\"url\":\"https:\\\/\\\/mascasascruilles.cat\\\/wp-content\\\/uploads\\\/2025\\\/12\\\/Sessio\u2560u-productors-1-202568-scaled.jpg\",\"contentUrl\":\"https:\\\/\\\/mascasascruilles.cat\\\/wp-content\\\/uploads\\\/2025\\\/12\\\/Sessio\u2560u-productors-1-202568-scaled.jpg\",\"width\":1707,\"height\":2560,\"caption\":\"Granja Mas Casas Crema hidratant llet ovella\"},{\"@type\":\"BreadcrumbList\",\"@id\":\"https:\\\/\\\/mascasascruilles.cat\\\/producte\\\/crema_hidratant_llet_ovella\\\/#breadcrumb\",\"itemListElement\":[{\"@type\":\"ListItem\",\"position\":1,\"name\":\"Inici\",\"item\":\"https:\\\/\\\/mascasascruilles.cat\\\/\"},{\"@type\":\"ListItem\",\"position\":2,\"name\":\"Botiga\",\"item\":\"https:\\\/\\\/mascasascruilles.cat\\\/botiga\\\/\"},{\"@type\":\"ListItem\",\"position\":3,\"name\":\"Crema hidratant a base de llet d&#8217;ovella 250ml\"}]},{\"@type\":\"WebSite\",\"@id\":\"https:\\\/\\\/mascasascruilles.cat\\\/#website\",\"url\":\"https:\\\/\\\/mascasascruilles.cat\\\/\",\"name\":\"Mas Casas Cru\u00eflles\",\"description\":\"Granja familiar amb ovelles a Empord\u00e0\",\"publisher\":{\"@id\":\"https:\\\/\\\/mascasascruilles.cat\\\/#organization\"},\"potentialAction\":[{\"@type\":\"SearchAction\",\"target\":{\"@type\":\"EntryPoint\",\"urlTemplate\":\"https:\\\/\\\/mascasascruilles.cat\\\/?s={search_term_string}\"},\"query-input\":{\"@type\":\"PropertyValueSpecification\",\"valueRequired\":true,\"valueName\":\"search_term_string\"}}],\"inLanguage\":\"en-GB\"},{\"@type\":\"Organization\",\"@id\":\"https:\\\/\\\/mascasascruilles.cat\\\/#organization\",\"name\":\"Mas Casas Cru\u00eflles\",\"url\":\"https:\\\/\\\/mascasascruilles.cat\\\/\",\"logo\":{\"@type\":\"ImageObject\",\"inLanguage\":\"en-GB\",\"@id\":\"https:\\\/\\\/mascasascruilles.cat\\\/#\\\/schema\\\/logo\\\/image\\\/\",\"url\":\"https:\\\/\\\/mascasascruilles.cat\\\/wp-content\\\/uploads\\\/2022\\\/02\\\/cropped-logo_mascasas_negre.jpg\",\"contentUrl\":\"https:\\\/\\\/mascasascruilles.cat\\\/wp-content\\\/uploads\\\/2022\\\/02\\\/cropped-logo_mascasas_negre.jpg\",\"width\":756,\"height\":756,\"caption\":\"Mas Casas Cru\u00eflles\"},\"image\":{\"@id\":\"https:\\\/\\\/mascasascruilles.cat\\\/#\\\/schema\\\/logo\\\/image\\\/\"}}]}<\/script>\n<!-- \/ Yoast SEO plugin. -->","yoast_head_json":{"title":"Crema hidratant a base de llet d'ovella 250ml - Mas Casas Cru\u00eflles","description":"Crema hidratant corporal amb llet d'ovella per a pell sensible i at\u00f2pica, amb ingredients naturals, hidrataci\u00f3 profunda i aroma d'esp\u00edgol.","robots":{"index":"index","follow":"follow","max-snippet":"max-snippet:-1","max-image-preview":"max-image-preview:large","max-video-preview":"max-video-preview:-1"},"canonical":"https:\/\/mascasascruilles.cat\/en\/product\/crema_hidratant_llet_ovella\/","og_locale":"en_GB","og_type":"article","og_title":"Crema hidratant corporal amb llet d\u2019ovella","og_description":"Crema hidratant corporal amb llet d'ovella per a pell sensible i at\u00f2pica, amb ingredients naturals, hidrataci\u00f3 profunda i aroma d'esp\u00edgol.","og_url":"https:\/\/mascasascruilles.cat\/en\/product\/crema_hidratant_llet_ovella\/","og_site_name":"Mas Casas Cru\u00eflles","article_modified_time":"2025-12-18T13:15:16+00:00","og_image":[{"width":1707,"height":2560,"url":"https:\/\/mascasascruilles.cat\/wp-content\/uploads\/2025\/12\/Sessio\u2560u-productors-1-202568-scaled.jpg","type":"image\/jpeg"}],"twitter_card":"summary_large_image","twitter_misc":{"Estimated reading time":"3 minutes"},"schema":{"@context":"https:\/\/schema.org","@graph":[{"@type":"WebPage","@id":"https:\/\/mascasascruilles.cat\/producte\/crema_hidratant_llet_ovella\/","url":"https:\/\/mascasascruilles.cat\/producte\/crema_hidratant_llet_ovella\/","name":"Crema hidratant a base de llet d'ovella 250ml - Mas Casas Cru\u00eflles","isPartOf":{"@id":"https:\/\/mascasascruilles.cat\/#website"},"primaryImageOfPage":{"@id":"https:\/\/mascasascruilles.cat\/producte\/crema_hidratant_llet_ovella\/#primaryimage"},"image":{"@id":"https:\/\/mascasascruilles.cat\/producte\/crema_hidratant_llet_ovella\/#primaryimage"},"thumbnailUrl":"https:\/\/mascasascruilles.cat\/wp-content\/uploads\/2025\/12\/Sessio\u2560u-productors-1-202568-scaled.jpg","datePublished":"2022-02-07T16:10:34+00:00","dateModified":"2025-12-18T13:15:16+00:00","description":"Crema hidratant corporal amb llet d'ovella per a pell sensible i at\u00f2pica, amb ingredients naturals, hidrataci\u00f3 profunda i aroma d'esp\u00edgol.","breadcrumb":{"@id":"https:\/\/mascasascruilles.cat\/producte\/crema_hidratant_llet_ovella\/#breadcrumb"},"inLanguage":"en-GB","potentialAction":[{"@type":"ReadAction","target":["https:\/\/mascasascruilles.cat\/producte\/crema_hidratant_llet_ovella\/"]}]},{"@type":"ImageObject","inLanguage":"en-GB","@id":"https:\/\/mascasascruilles.cat\/producte\/crema_hidratant_llet_ovella\/#primaryimage","url":"https:\/\/mascasascruilles.cat\/wp-content\/uploads\/2025\/12\/Sessio\u2560u-productors-1-202568-scaled.jpg","contentUrl":"https:\/\/mascasascruilles.cat\/wp-content\/uploads\/2025\/12\/Sessio\u2560u-productors-1-202568-scaled.jpg","width":1707,"height":2560,"caption":"Granja Mas Casas Crema hidratant llet ovella"},{"@type":"BreadcrumbList","@id":"https:\/\/mascasascruilles.cat\/producte\/crema_hidratant_llet_ovella\/#breadcrumb","itemListElement":[{"@type":"ListItem","position":1,"name":"Inici","item":"https:\/\/mascasascruilles.cat\/"},{"@type":"ListItem","position":2,"name":"Botiga","item":"https:\/\/mascasascruilles.cat\/botiga\/"},{"@type":"ListItem","position":3,"name":"Crema hidratant a base de llet d&#8217;ovella 250ml"}]},{"@type":"WebSite","@id":"https:\/\/mascasascruilles.cat\/#website","url":"https:\/\/mascasascruilles.cat\/","name":"Mas Casas Cru\u00eflles","description":"Family farm with sheep in Empord\u00e0","publisher":{"@id":"https:\/\/mascasascruilles.cat\/#organization"},"potentialAction":[{"@type":"SearchAction","target":{"@type":"EntryPoint","urlTemplate":"https:\/\/mascasascruilles.cat\/?s={search_term_string}"},"query-input":{"@type":"PropertyValueSpecification","valueRequired":true,"valueName":"search_term_string"}}],"inLanguage":"en-GB"},{"@type":"Organization","@id":"https:\/\/mascasascruilles.cat\/#organization","name":"Mas Casas Cru\u00eflles","url":"https:\/\/mascasascruilles.cat\/","logo":{"@type":"ImageObject","inLanguage":"en-GB","@id":"https:\/\/mascasascruilles.cat\/#\/schema\/logo\/image\/","url":"https:\/\/mascasascruilles.cat\/wp-content\/uploads\/2022\/02\/cropped-logo_mascasas_negre.jpg","contentUrl":"https:\/\/mascasascruilles.cat\/wp-content\/uploads\/2022\/02\/cropped-logo_mascasas_negre.jpg","width":756,"height":756,"caption":"Mas Casas Cru\u00eflles"},"image":{"@id":"https:\/\/mascasascruilles.cat\/#\/schema\/logo\/image\/"}}]}},"taxonomy_info":{"product_cat":[{"value":43,"label":"Cosm\u00e8tica natural"}]},"featured_image_src_large":["https:\/\/mascasascruilles.cat\/wp-content\/uploads\/2025\/12\/Sessio\u2560u-productors-1-202568-683x1024.jpg",683,1024,true],"author_info":[],"comment_info":"","_links":{"self":[{"href":"https:\/\/mascasascruilles.cat\/en\/wp-json\/wp\/v2\/product\/581","targetHints":{"allow":["GET"]}}],"collection":[{"href":"https:\/\/mascasascruilles.cat\/en\/wp-json\/wp\/v2\/product"}],"about":[{"href":"https:\/\/mascasascruilles.cat\/en\/wp-json\/wp\/v2\/types\/product"}],"wp:featuredmedia":[{"embeddable":true,"href":"https:\/\/mascasascruilles.cat\/en\/wp-json\/wp\/v2\/media\/5126"}],"wp:attachment":[{"href":"https:\/\/mascasascruilles.cat\/en\/wp-json\/wp\/v2\/media?parent=581"}],"wp:term":[{"taxonomy":"product_brand","embeddable":true,"href":"https:\/\/mascasascruilles.cat\/en\/wp-json\/wp\/v2\/product_brand?post=581"},{"taxonomy":"product_cat","embeddable":true,"href":"https:\/\/mascasascruilles.cat\/en\/wp-json\/wp\/v2\/product_cat?post=581"},{"taxonomy":"product_tag","embeddable":true,"href":"https:\/\/mascasascruilles.cat\/en\/wp-json\/wp\/v2\/product_tag?post=581"}],"curies":[{"name":"wp","href":"https:\/\/api.w.org\/{rel}","templated":true}]}}