{"id":594,"date":"2022-02-07T16:10:35","date_gmt":"2022-02-07T16:10:35","guid":{"rendered":"http:\/\/dp2zbneb"},"modified":"2026-04-07T00:13:50","modified_gmt":"2026-04-06T22:13:50","slug":"coixi_llana_dormir","status":"publish","type":"product","link":"https:\/\/mascasascruilles.cat\/en\/product\/coixi_llana_dormir\/","title":{"rendered":"Pillow filled with wool for sleeping"},"content":{"rendered":"<p>Sleeping pillow with a cotton core filled with sheep&#039;s wool. For cleaning and maintenance, the pillow has a side zipper to facilitate emptying and refilling the wool core. In addition, it also helps to readjust the thickness of wool desired by the person who will use it.<\/p>\n<p>The product measures 40x90cm. There is the possibility of custom-made cushions. In this case, contact us.<\/p>\n<section class=\"elementor-section elementor-top-section elementor-element elementor-element-afe05e7 elementor-section-boxed elementor-section-height-default elementor-section-height-default\" data-id=\"afe05e7\" data-element_type=\"section\">\n<div class=\"elementor-container elementor-column-gap-default\">\n<div class=\"elementor-column elementor-col-100 elementor-top-column elementor-element elementor-element-47e0f9b\" data-id=\"47e0f9b\" data-element_type=\"column\">\n<div class=\"elementor-widget-wrap elementor-element-populated\">\n<div class=\"elementor-element elementor-element-aef44c9 elementor-widget elementor-widget-text-editor\" data-id=\"aef44c9\" data-element_type=\"widget\" data-widget_type=\"text-editor.default\">\n<div class=\"elementor-widget-container\">\n<p><strong>The characteristics of wool vary according to the breed of sheep, the part of the animal it comes from and its age, but what characteristics does wool have compared to other materials?<\/strong><\/p>\n<ul>\n<li>Wool is reusable and biodegradable. Wool is a more expensive natural fiber than synthetic fabrics, but it tends to last longer and get better results. In addition, it is very easy to recycle and eventually degrades naturally without leaving any polluting by-products.<\/li>\n<li>Much less energy is needed to process wool than to produce synthetic fibres, which come from fossil fuels.<\/li>\n<li>Wool is made up of the same protein as the outer protective layer of the skin and works in total harmony with the body&#039;s own protective mechanisms.<\/li>\n<li>Wool has a high hygroscopic capacity, that is to say, it absorbs ambient humidity when it is high and releases humidity when the environment is dry. This feature allows it to take moisture from perspiration and release it into the environment away from the body. In addition, this physical process releases or consumes heat, so on a cold, wet day, wool absorbs moisture releasing heat to the body and on a dry, warm day, it releases moisture and absorbs heat from the body giving a feeling of freshness This is one of the reasons for its extraordinary comfort.<\/li>\n<li>Wool has a high resistance to fire. Wool burns, but at very high temperatures, it burns slowly and is self-extinguishing. Does not melt and does not stick to the skin in case of fire.<\/li>\n<li>Wool is a great thermal and electrical insulator - it does not store static electricity.<\/li>\n<li>The waxed surface of the fiber delays the absorption of liquids and therefore stains. The wool contains anti-microbial properties that prevent bad odors and has a self-cleaning function where the odors of the environment are repelled immediately and only by ventilating it in the open air, the garment recovers its neutral smell.<\/li>\n<li>The structure of the wool, in scales, allows it, under certain conditions of humidity, heat and friction, to form strong bonds between fibers that create a dense frame (felt) without the need to spin or weave the fibers.<\/li>\n<\/ul>\n<\/div>\n<\/div>\n<\/div>\n<\/div>\n<\/div>\n<\/section>\n<section class=\"elementor-section elementor-top-section elementor-element elementor-element-6994850 elementor-section-boxed elementor-section-height-default elementor-section-height-default\" data-id=\"6994850\" data-element_type=\"section\">\n<div class=\"elementor-container elementor-column-gap-default\">\n<div class=\"elementor-column elementor-col-100 elementor-top-column elementor-element elementor-element-ec8b052\" data-id=\"ec8b052\" data-element_type=\"column\">\n<div class=\"elementor-widget-wrap elementor-element-populated\">\n<div class=\"elementor-element elementor-element-ba6e984 elementor-widget elementor-widget-image\" data-id=\"ba6e984\" data-element_type=\"widget\" data-widget_type=\"image.default\">\n<div class=\"elementor-widget-container\"><\/div>\n<\/div>\n<\/div>\n<\/div>\n<div class=\"elementor-column elementor-col-100 elementor-top-column elementor-element elementor-element-9338dba\" data-id=\"9338dba\" data-element_type=\"column\">\n<div class=\"elementor-widget-wrap elementor-element-populated\">\n<div class=\"elementor-element elementor-element-c532dc5 elementor-widget elementor-widget-text-editor\" data-id=\"c532dc5\" data-element_type=\"widget\" data-widget_type=\"text-editor.default\">\n<div class=\"elementor-widget-container\">\n<p><strong>And after buying a wool product, what?<\/strong><\/p>\n<p>Wool has some resistance to bacteria and fungi, but these microorganisms can attack it if the wool is stored in a humid and dusty atmosphere. Below we give you some tips for its correct maintenance.<\/p>\n<ul>\n<li>Cleaning must be done by hand, with cold water, or in the washing machine, with a wool program, without spinning. Do not use detergents or chemicals. The most natural way to do this is with a splash of vinegar. Keeping the water temperature the same during the wash is just as important as keeping it short. Once clean, you can dry it lying horizontally so that it doesn&#039;t take bad shapes, but never with the dryer.<\/li>\n<li>\u00a0Wool is a natural fiber and is therefore conducive to the breeding of moths which can damage it very quickly. We advise you to be careful and apply a preventive treatment. For example, putting a few drops of cedarwood essential oil, cedarwood balls or a sprig of dried sage or lavender inside your cupboards and drawers.<\/li>\n<\/ul>\n<\/div>\n<\/div>\n<\/div>\n<\/div>\n<\/div>\n<\/section>","protected":false},"excerpt":{"rendered":"<p>Cotton pillow filled with sheep&#039;s wool to tame without having to count sheep!<\/p>\n<p>Standard size of 40x90cm. There is the possibility of custom-made cushions. In this case, contact us.<\/p>","protected":false},"featured_media":1447,"template":"","meta":{"_kad_blocks_custom_css":"","_kad_blocks_head_custom_js":"","_kad_blocks_body_custom_js":"","_kad_blocks_footer_custom_js":"","_kadence_starter_templates_imported_post":false,"_kad_post_transparent":"default","_kad_post_title":"","_kad_post_layout":"default","_kad_post_sidebar_id":"","_kad_post_content_style":"default","_kad_post_vertical_padding":"default","_kad_post_feature":"","_kad_post_feature_position":"","_kad_post_header":false,"_kad_post_footer":false,"_kad_post_classname":""},"product_brand":[],"product_cat":[44],"product_tag":[],"class_list":{"0":"post-594","1":"product","2":"type-product","3":"status-publish","4":"has-post-thumbnail","6":"product_cat-llana","7":"product_shipping_class-enviament-nacional","9":"first","10":"instock","11":"taxable","12":"shipping-taxable","13":"purchasable","14":"product-type-simple","15":"entry","16":"content-bg","17":"loop-entry"},"yoast_head":"<!-- This site is optimized with the Yoast SEO plugin v27.4 - https:\/\/yoast.com\/product\/yoast-seo-wordpress\/ -->\n<title>Coix\u00ed farcit de llana per dormir - Mas Casas Cru\u00eflles<\/title>\n<meta name=\"robots\" content=\"index, follow, max-snippet:-1, max-image-preview:large, max-video-preview:-1\" \/>\n<link rel=\"canonical\" href=\"https:\/\/mascasascruilles.cat\/en\/product\/coixi_llana_dormir\/\" \/>\n<meta property=\"og:locale\" content=\"en_GB\" \/>\n<meta property=\"og:type\" content=\"article\" \/>\n<meta property=\"og:title\" content=\"Coix\u00ed farcit de llana per dormir - Mas Casas Cru\u00eflles\" \/>\n<meta property=\"og:description\" content=\"Coix\u00ed de cot\u00f3 farcit de llana d&#039;ovella per domir sense haver de comptar ovelles!  Mida est\u00e0ndar de 40x90cm. Hi ha la possibilitat de confeccionar coixins a mida. En aquest cas, contacteu-nos.\" \/>\n<meta property=\"og:url\" content=\"https:\/\/mascasascruilles.cat\/en\/product\/coixi_llana_dormir\/\" \/>\n<meta property=\"og:site_name\" content=\"Mas Casas Cru\u00eflles\" \/>\n<meta property=\"article:modified_time\" content=\"2026-04-06T22:13:50+00:00\" \/>\n<meta property=\"og:image\" content=\"https:\/\/mascasascruilles.cat\/wp-content\/uploads\/2022\/02\/@MasCasasCruilles-Coixins-farcits-ow8vm5e614the09kcr54ose3c0nw9h2fymlvffo69k.jpg\" \/>\n\t<meta property=\"og:image:width\" content=\"500\" \/>\n\t<meta property=\"og:image:height\" content=\"300\" \/>\n\t<meta property=\"og:image:type\" content=\"image\/jpeg\" \/>\n<meta name=\"twitter:card\" content=\"summary_large_image\" \/>\n<meta name=\"twitter:label1\" content=\"Estimated reading time\" \/>\n\t<meta name=\"twitter:data1\" content=\"3 minutes\" \/>\n<script type=\"application\/ld+json\" class=\"yoast-schema-graph\">{\"@context\":\"https:\\\/\\\/schema.org\",\"@graph\":[{\"@type\":\"WebPage\",\"@id\":\"https:\\\/\\\/mascasascruilles.cat\\\/producte\\\/coixi_llana_dormir\\\/\",\"url\":\"https:\\\/\\\/mascasascruilles.cat\\\/producte\\\/coixi_llana_dormir\\\/\",\"name\":\"Coix\u00ed farcit de llana per dormir - Mas Casas Cru\u00eflles\",\"isPartOf\":{\"@id\":\"https:\\\/\\\/mascasascruilles.cat\\\/#website\"},\"primaryImageOfPage\":{\"@id\":\"https:\\\/\\\/mascasascruilles.cat\\\/producte\\\/coixi_llana_dormir\\\/#primaryimage\"},\"image\":{\"@id\":\"https:\\\/\\\/mascasascruilles.cat\\\/producte\\\/coixi_llana_dormir\\\/#primaryimage\"},\"thumbnailUrl\":\"https:\\\/\\\/mascasascruilles.cat\\\/wp-content\\\/uploads\\\/2022\\\/02\\\/@MasCasasCruilles-Coixins-farcits-ow8vm5e614the09kcr54ose3c0nw9h2fymlvffo69k.jpg\",\"datePublished\":\"2022-02-07T16:10:35+00:00\",\"dateModified\":\"2026-04-06T22:13:50+00:00\",\"breadcrumb\":{\"@id\":\"https:\\\/\\\/mascasascruilles.cat\\\/producte\\\/coixi_llana_dormir\\\/#breadcrumb\"},\"inLanguage\":\"en-GB\",\"potentialAction\":[{\"@type\":\"ReadAction\",\"target\":[\"https:\\\/\\\/mascasascruilles.cat\\\/producte\\\/coixi_llana_dormir\\\/\"]}]},{\"@type\":\"ImageObject\",\"inLanguage\":\"en-GB\",\"@id\":\"https:\\\/\\\/mascasascruilles.cat\\\/producte\\\/coixi_llana_dormir\\\/#primaryimage\",\"url\":\"https:\\\/\\\/mascasascruilles.cat\\\/wp-content\\\/uploads\\\/2022\\\/02\\\/@MasCasasCruilles-Coixins-farcits-ow8vm5e614the09kcr54ose3c0nw9h2fymlvffo69k.jpg\",\"contentUrl\":\"https:\\\/\\\/mascasascruilles.cat\\\/wp-content\\\/uploads\\\/2022\\\/02\\\/@MasCasasCruilles-Coixins-farcits-ow8vm5e614the09kcr54ose3c0nw9h2fymlvffo69k.jpg\",\"width\":500,\"height\":300},{\"@type\":\"BreadcrumbList\",\"@id\":\"https:\\\/\\\/mascasascruilles.cat\\\/producte\\\/coixi_llana_dormir\\\/#breadcrumb\",\"itemListElement\":[{\"@type\":\"ListItem\",\"position\":1,\"name\":\"Inici\",\"item\":\"https:\\\/\\\/mascasascruilles.cat\\\/\"},{\"@type\":\"ListItem\",\"position\":2,\"name\":\"Botiga\",\"item\":\"https:\\\/\\\/mascasascruilles.cat\\\/botiga\\\/\"},{\"@type\":\"ListItem\",\"position\":3,\"name\":\"Coix\u00ed farcit de llana per dormir\"}]},{\"@type\":\"WebSite\",\"@id\":\"https:\\\/\\\/mascasascruilles.cat\\\/#website\",\"url\":\"https:\\\/\\\/mascasascruilles.cat\\\/\",\"name\":\"Mas Casas Cru\u00eflles\",\"description\":\"Granja familiar amb ovelles a Empord\u00e0\",\"publisher\":{\"@id\":\"https:\\\/\\\/mascasascruilles.cat\\\/#organization\"},\"potentialAction\":[{\"@type\":\"SearchAction\",\"target\":{\"@type\":\"EntryPoint\",\"urlTemplate\":\"https:\\\/\\\/mascasascruilles.cat\\\/?s={search_term_string}\"},\"query-input\":{\"@type\":\"PropertyValueSpecification\",\"valueRequired\":true,\"valueName\":\"search_term_string\"}}],\"inLanguage\":\"en-GB\"},{\"@type\":\"Organization\",\"@id\":\"https:\\\/\\\/mascasascruilles.cat\\\/#organization\",\"name\":\"Mas Casas Cru\u00eflles\",\"url\":\"https:\\\/\\\/mascasascruilles.cat\\\/\",\"logo\":{\"@type\":\"ImageObject\",\"inLanguage\":\"en-GB\",\"@id\":\"https:\\\/\\\/mascasascruilles.cat\\\/#\\\/schema\\\/logo\\\/image\\\/\",\"url\":\"https:\\\/\\\/mascasascruilles.cat\\\/wp-content\\\/uploads\\\/2022\\\/02\\\/cropped-logo_mascasas_negre.jpg\",\"contentUrl\":\"https:\\\/\\\/mascasascruilles.cat\\\/wp-content\\\/uploads\\\/2022\\\/02\\\/cropped-logo_mascasas_negre.jpg\",\"width\":756,\"height\":756,\"caption\":\"Mas Casas Cru\u00eflles\"},\"image\":{\"@id\":\"https:\\\/\\\/mascasascruilles.cat\\\/#\\\/schema\\\/logo\\\/image\\\/\"}}]}<\/script>\n<!-- \/ Yoast SEO plugin. -->","yoast_head_json":{"title":"Coix\u00ed farcit de llana per dormir - Mas Casas Cru\u00eflles","robots":{"index":"index","follow":"follow","max-snippet":"max-snippet:-1","max-image-preview":"max-image-preview:large","max-video-preview":"max-video-preview:-1"},"canonical":"https:\/\/mascasascruilles.cat\/en\/product\/coixi_llana_dormir\/","og_locale":"en_GB","og_type":"article","og_title":"Coix\u00ed farcit de llana per dormir - Mas Casas Cru\u00eflles","og_description":"Coix\u00ed de cot\u00f3 farcit de llana d'ovella per domir sense haver de comptar ovelles!  Mida est\u00e0ndar de 40x90cm. Hi ha la possibilitat de confeccionar coixins a mida. En aquest cas, contacteu-nos.","og_url":"https:\/\/mascasascruilles.cat\/en\/product\/coixi_llana_dormir\/","og_site_name":"Mas Casas Cru\u00eflles","article_modified_time":"2026-04-06T22:13:50+00:00","og_image":[{"width":500,"height":300,"url":"https:\/\/mascasascruilles.cat\/wp-content\/uploads\/2022\/02\/@MasCasasCruilles-Coixins-farcits-ow8vm5e614the09kcr54ose3c0nw9h2fymlvffo69k.jpg","type":"image\/jpeg"}],"twitter_card":"summary_large_image","twitter_misc":{"Estimated reading time":"3 minutes"},"schema":{"@context":"https:\/\/schema.org","@graph":[{"@type":"WebPage","@id":"https:\/\/mascasascruilles.cat\/producte\/coixi_llana_dormir\/","url":"https:\/\/mascasascruilles.cat\/producte\/coixi_llana_dormir\/","name":"Coix\u00ed farcit de llana per dormir - Mas Casas Cru\u00eflles","isPartOf":{"@id":"https:\/\/mascasascruilles.cat\/#website"},"primaryImageOfPage":{"@id":"https:\/\/mascasascruilles.cat\/producte\/coixi_llana_dormir\/#primaryimage"},"image":{"@id":"https:\/\/mascasascruilles.cat\/producte\/coixi_llana_dormir\/#primaryimage"},"thumbnailUrl":"https:\/\/mascasascruilles.cat\/wp-content\/uploads\/2022\/02\/@MasCasasCruilles-Coixins-farcits-ow8vm5e614the09kcr54ose3c0nw9h2fymlvffo69k.jpg","datePublished":"2022-02-07T16:10:35+00:00","dateModified":"2026-04-06T22:13:50+00:00","breadcrumb":{"@id":"https:\/\/mascasascruilles.cat\/producte\/coixi_llana_dormir\/#breadcrumb"},"inLanguage":"en-GB","potentialAction":[{"@type":"ReadAction","target":["https:\/\/mascasascruilles.cat\/producte\/coixi_llana_dormir\/"]}]},{"@type":"ImageObject","inLanguage":"en-GB","@id":"https:\/\/mascasascruilles.cat\/producte\/coixi_llana_dormir\/#primaryimage","url":"https:\/\/mascasascruilles.cat\/wp-content\/uploads\/2022\/02\/@MasCasasCruilles-Coixins-farcits-ow8vm5e614the09kcr54ose3c0nw9h2fymlvffo69k.jpg","contentUrl":"https:\/\/mascasascruilles.cat\/wp-content\/uploads\/2022\/02\/@MasCasasCruilles-Coixins-farcits-ow8vm5e614the09kcr54ose3c0nw9h2fymlvffo69k.jpg","width":500,"height":300},{"@type":"BreadcrumbList","@id":"https:\/\/mascasascruilles.cat\/producte\/coixi_llana_dormir\/#breadcrumb","itemListElement":[{"@type":"ListItem","position":1,"name":"Inici","item":"https:\/\/mascasascruilles.cat\/"},{"@type":"ListItem","position":2,"name":"Botiga","item":"https:\/\/mascasascruilles.cat\/botiga\/"},{"@type":"ListItem","position":3,"name":"Coix\u00ed farcit de llana per dormir"}]},{"@type":"WebSite","@id":"https:\/\/mascasascruilles.cat\/#website","url":"https:\/\/mascasascruilles.cat\/","name":"Mas Casas Cru\u00eflles","description":"Family farm with sheep in Empord\u00e0","publisher":{"@id":"https:\/\/mascasascruilles.cat\/#organization"},"potentialAction":[{"@type":"SearchAction","target":{"@type":"EntryPoint","urlTemplate":"https:\/\/mascasascruilles.cat\/?s={search_term_string}"},"query-input":{"@type":"PropertyValueSpecification","valueRequired":true,"valueName":"search_term_string"}}],"inLanguage":"en-GB"},{"@type":"Organization","@id":"https:\/\/mascasascruilles.cat\/#organization","name":"Mas Casas Cru\u00eflles","url":"https:\/\/mascasascruilles.cat\/","logo":{"@type":"ImageObject","inLanguage":"en-GB","@id":"https:\/\/mascasascruilles.cat\/#\/schema\/logo\/image\/","url":"https:\/\/mascasascruilles.cat\/wp-content\/uploads\/2022\/02\/cropped-logo_mascasas_negre.jpg","contentUrl":"https:\/\/mascasascruilles.cat\/wp-content\/uploads\/2022\/02\/cropped-logo_mascasas_negre.jpg","width":756,"height":756,"caption":"Mas Casas Cru\u00eflles"},"image":{"@id":"https:\/\/mascasascruilles.cat\/#\/schema\/logo\/image\/"}}]}},"taxonomy_info":{"product_cat":[{"value":44,"label":"Llana"}]},"featured_image_src_large":["https:\/\/mascasascruilles.cat\/wp-content\/uploads\/2022\/02\/@MasCasasCruilles-Coixins-farcits-ow8vm5e614the09kcr54ose3c0nw9h2fymlvffo69k.jpg",500,300,false],"author_info":[],"comment_info":"","_links":{"self":[{"href":"https:\/\/mascasascruilles.cat\/en\/wp-json\/wp\/v2\/product\/594","targetHints":{"allow":["GET"]}}],"collection":[{"href":"https:\/\/mascasascruilles.cat\/en\/wp-json\/wp\/v2\/product"}],"about":[{"href":"https:\/\/mascasascruilles.cat\/en\/wp-json\/wp\/v2\/types\/product"}],"wp:featuredmedia":[{"embeddable":true,"href":"https:\/\/mascasascruilles.cat\/en\/wp-json\/wp\/v2\/media\/1447"}],"wp:attachment":[{"href":"https:\/\/mascasascruilles.cat\/en\/wp-json\/wp\/v2\/media?parent=594"}],"wp:term":[{"taxonomy":"product_brand","embeddable":true,"href":"https:\/\/mascasascruilles.cat\/en\/wp-json\/wp\/v2\/product_brand?post=594"},{"taxonomy":"product_cat","embeddable":true,"href":"https:\/\/mascasascruilles.cat\/en\/wp-json\/wp\/v2\/product_cat?post=594"},{"taxonomy":"product_tag","embeddable":true,"href":"https:\/\/mascasascruilles.cat\/en\/wp-json\/wp\/v2\/product_tag?post=594"}],"curies":[{"name":"wp","href":"https:\/\/api.w.org\/{rel}","templated":true}]}}