{"id":48,"date":"2022-02-07T16:10:34","date_gmt":"2022-02-07T16:10:34","guid":{"rendered":"https:\/\/mascasascruilles.cat\/index.php\/productes-de-pages\/"},"modified":"2024-07-12T10:48:58","modified_gmt":"2024-07-12T08:48:58","slug":"productes-de-pages","status":"publish","type":"page","link":"https:\/\/mascasascruilles.cat\/es\/productes-de-pages\/","title":{"rendered":"Productos de pay\u00e9s"},"content":{"rendered":"<figure class=\"wp-block-image\"><img decoding=\"async\" src=\"https:\/\/mascasascruilles.cat\/wp-content\/uploads\/elementor\/thumbs\/@MasCasasCruilles-Verdura-hort-p9yr7vri2q8qdw1xw4ypj1tfvmthjf3lfwyq45qi4g-pk6e6sorq2ksckwah4i0vawpoxh3spyp4l7ee0ln28.jpeg\" alt=\"@MasCasasCruilles-Verdura-hort-p9yr7vri2q8qdw1xw4ypj1tfvmthjf3lfwyq45qi4g\" title=\"@MasCasasCruilles-Verdura-huerto-p9yr7vri2q8qdw1xw4ypj1tfvmthjf3lfwyq45qi4g\"\/><\/figure>\n\n\n\n<p>Mas Casas es una casa de pay\u00e9s tradicional y, como tal, se encuentra en un lugar elevado y soleado, con puntos de agua, edificaciones anexas con ganado, un gallinero muy cerca del huerto y del estercolero. Adem\u00e1s, en los m\u00e1rgenes y campos de alrededor tenemos \u00e1rboles frutales, almendros y olivos. Intentamos conseguir la m\u00e1xima eficiencia energ\u00e9tica y de recursos, como hac\u00edan nuestros antepasados. Entendemos el huerto, el corral y los \u00e1rboles frutales como una extensi\u00f3n de nuestros fogones, como una parte imprescindible m\u00e1s de la infraestructura de la mas\u00eda. Tenemos un poco de todo, pero en peque\u00f1as cantidades. \u00a1Os ofrecemos la posibilidad de comprar estos productos y disfrutar tanto como lo hacemos nosotros!<\/p>\n\n\n\n<h2 class=\"wp-block-heading\">Huevos de gallina<\/h2>\n\n\n\n<p>Los huevos son un producto natural, procedente de nuestras gallinas rubias y negras, criadas en el suelo y alimentadas con pienso de cereales propios y restos de los productos del huerto. Realizamos los controles de salmonela y otros controles que requiere la Generalitat de Catalunya.<\/p>\n\n\n\n<p>Se comercializan con hueveras de 12 o 6 huevos. \u00a1Premiamos a los clientes que traen hueveras de casa con una reducci\u00f3n de precio!<\/p>\n\n\n\n<h2 class=\"wp-block-heading\">PRODUCTOS DEL HUERTO<\/h2>\n\n\n\n<p>En los meses de verano, el huerto de Mas Casas suele estar lleno de tomates, lechugas y otros vegetales que se han cultivado sin ning\u00fan tipo de producto qu\u00edmico, bas\u00e1ndonos en los pilares que sustentan la agroecolog\u00eda y la permacultura con el objetivo de invertir la m\u00ednima mano de obra y obtener los m\u00e1ximos beneficios.<\/p>\n\n\n\n<p>La permacultura es una ciencia que busca aplicar los mecanismos que ocurren de forma natural en los ecosistemas salvajes y aplicarlos a nuestro agroecosistema cultivado. Con estos principios aplicados en la huerta buscamos crear ecosistemas sanos, resistentes y estables buscando tener unas plantas sanas que no sean vulnerables a plagas y enfermedades. No buscamos sustituir productos qu\u00edmicos de s\u00edntesis por productos qu\u00edmicos naturales menos contaminantes. Nuestro objetivo es crear plantas y ecosistemas resistentes y sanos que funcionen con la m\u00ednima intervenci\u00f3n de la mano del hombre.<\/p>\n\n\n\n<p>Si vienes a una de nuestras tiendas ver\u00e1s qu\u00e9 tenemos seg\u00fan la temporada y la producci\u00f3n disponible en ese momento.<\/p>\n\n\n\n<h2 class=\"wp-block-heading\">ALMENDRAS<\/h2>\n\n\n\n<p>Las almendras son un fruto seco arraigado en nuestra cultura y una aut\u00e9ntica fuente de nutrientes y beneficios para nuestro organismo. \u00a1Pon un pu\u00f1ado peque\u00f1o de almendras en tu vida todos los d\u00edas y empieza a experimentar un gran cambio! Adem\u00e1s, romper almendras puede ser una actividad entretenida y divertida para compartir con los m\u00e1s peque\u00f1os de la casa.<\/p>\n\n\n\n<p>Se comercializan almendras con c\u00e1scara por kg.<\/p>\n\n\n\n<p>Actualmente ya hemos agotado todas las almendras. Esperamos tener una buena cosecha y ofrecerte este producto de nuevo la pr\u00f3xima temporada.<\/p>\n\n\n\n<h2 class=\"wp-block-heading\">Aceite de oliva<\/h2>\n\n\n\n<p>El aceite de oliva virgen extra es uno de los productos gastron\u00f3micos m\u00e1s apreciados de la dieta mediterr\u00e1nea y cada cultura tiene su forma de producirlo y comerlo. Nuestro aceite de oliva virgen extra se elabora con aceitunas Argudell, variedad del Empord\u00e0, procedentes de nuestros olivares. La recogida de las aceitunas no est\u00e1 mecanizada.<\/p>\n\n\n\n<p>Se comercializa el aceite de oliva virgen envasado en botellas de 25 CL, 2 L y 5 L.<\/p>\n\n\n\n<p>Actualmente ya hemos agotado todo el \u00f3leo. Esperamos tener una buena cosecha y ofrecerte este producto de nuevo la pr\u00f3xima temporada.<\/p>","protected":false},"excerpt":{"rendered":"<p>Mas Casas es una casa de pay\u00e9s tradicional y, como tal, se encuentra en un lugar elevado y soleado, con puntos de agua, edificaciones anexas con ganado, un gallinero muy cerca del huerto y del estercolero. Adem\u00e1s, en los m\u00e1rgenes y campos de alrededor tenemos \u00e1rboles frutales, almendros y olivos. Intentamos conseguir la\u2026<\/p>","protected":false},"author":3,"featured_media":0,"parent":0,"menu_order":21,"comment_status":"closed","ping_status":"closed","template":"","meta":{"_kad_blocks_custom_css":"","_kad_blocks_head_custom_js":"","_kad_blocks_body_custom_js":"","_kad_blocks_footer_custom_js":"","_kadence_starter_templates_imported_post":false,"_kad_post_transparent":"","_kad_post_title":"","_kad_post_layout":"","_kad_post_sidebar_id":"","_kad_post_content_style":"","_kad_post_vertical_padding":"","_kad_post_feature":"","_kad_post_feature_position":"","_kad_post_header":false,"_kad_post_footer":false,"_kad_post_classname":"","footnotes":""},"class_list":["post-48","page","type-page","status-publish","hentry"],"yoast_head":"<!-- This site is optimized with the Yoast SEO plugin v27.5 - https:\/\/yoast.com\/product\/yoast-seo-wordpress\/ -->\n<title>Productes de pag\u00e8s - Mas Casas Cru\u00eflles<\/title>\n<meta name=\"robots\" content=\"index, follow, max-snippet:-1, max-image-preview:large, max-video-preview:-1\" \/>\n<link rel=\"canonical\" href=\"https:\/\/mascasascruilles.cat\/es\/productes-de-pages\/\" \/>\n<meta property=\"og:locale\" content=\"es_ES\" \/>\n<meta property=\"og:type\" content=\"article\" \/>\n<meta property=\"og:title\" content=\"Productes de pag\u00e8s - Mas Casas Cru\u00eflles\" \/>\n<meta property=\"og:description\" content=\"Mas Casas \u00e9s una casa de pag\u00e8s tradicional i, com a tal, es troba en un lloc elevat i assolellat, amb punts d&#8217;aigua, edificacions annexes amb bestiar, un galliner molt a prop de l&#8217;hort i del femer. A m\u00e9s, als marges i camps del voltant hi tenim arbres fruiters, ametllers i oliveres. Intentem aconseguir la...\" \/>\n<meta property=\"og:url\" content=\"https:\/\/mascasascruilles.cat\/es\/productes-de-pages\/\" \/>\n<meta property=\"og:site_name\" content=\"Mas Casas Cru\u00eflles\" \/>\n<meta property=\"article:modified_time\" content=\"2024-07-12T08:48:58+00:00\" \/>\n<meta property=\"og:image\" content=\"https:\/\/mascasascruilles.cat\/wp-content\/uploads\/elementor\/thumbs\/@MasCasasCruilles-Verdura-hort-p9yr7vri2q8qdw1xw4ypj1tfvmthjf3lfwyq45qi4g-pk6e6sorq2ksckwah4i0vawpoxh3spyp4l7ee0ln28.jpeg\" \/>\n<meta name=\"twitter:card\" content=\"summary_large_image\" \/>\n<meta name=\"twitter:label1\" content=\"Tiempo de lectura\" \/>\n\t<meta name=\"twitter:data1\" content=\"3 minutos\" \/>\n<script type=\"application\/ld+json\" class=\"yoast-schema-graph\">{\"@context\":\"https:\\\/\\\/schema.org\",\"@graph\":[{\"@type\":\"WebPage\",\"@id\":\"https:\\\/\\\/mascasascruilles.cat\\\/productes-de-pages\\\/\",\"url\":\"https:\\\/\\\/mascasascruilles.cat\\\/productes-de-pages\\\/\",\"name\":\"Productes de pag\u00e8s - Mas Casas Cru\u00eflles\",\"isPartOf\":{\"@id\":\"https:\\\/\\\/mascasascruilles.cat\\\/#website\"},\"primaryImageOfPage\":{\"@id\":\"https:\\\/\\\/mascasascruilles.cat\\\/productes-de-pages\\\/#primaryimage\"},\"image\":{\"@id\":\"https:\\\/\\\/mascasascruilles.cat\\\/productes-de-pages\\\/#primaryimage\"},\"thumbnailUrl\":\"https:\\\/\\\/mascasascruilles.cat\\\/wp-content\\\/uploads\\\/elementor\\\/thumbs\\\/@MasCasasCruilles-Verdura-hort-p9yr7vri2q8qdw1xw4ypj1tfvmthjf3lfwyq45qi4g-pk6e6sorq2ksckwah4i0vawpoxh3spyp4l7ee0ln28.jpeg\",\"datePublished\":\"2022-02-07T16:10:34+00:00\",\"dateModified\":\"2024-07-12T08:48:58+00:00\",\"breadcrumb\":{\"@id\":\"https:\\\/\\\/mascasascruilles.cat\\\/productes-de-pages\\\/#breadcrumb\"},\"inLanguage\":\"es\",\"potentialAction\":[{\"@type\":\"ReadAction\",\"target\":[\"https:\\\/\\\/mascasascruilles.cat\\\/productes-de-pages\\\/\"]}]},{\"@type\":\"ImageObject\",\"inLanguage\":\"es\",\"@id\":\"https:\\\/\\\/mascasascruilles.cat\\\/productes-de-pages\\\/#primaryimage\",\"url\":\"https:\\\/\\\/mascasascruilles.cat\\\/wp-content\\\/uploads\\\/elementor\\\/thumbs\\\/@MasCasasCruilles-Verdura-hort-p9yr7vri2q8qdw1xw4ypj1tfvmthjf3lfwyq45qi4g-pk6e6sorq2ksckwah4i0vawpoxh3spyp4l7ee0ln28.jpeg\",\"contentUrl\":\"https:\\\/\\\/mascasascruilles.cat\\\/wp-content\\\/uploads\\\/elementor\\\/thumbs\\\/@MasCasasCruilles-Verdura-hort-p9yr7vri2q8qdw1xw4ypj1tfvmthjf3lfwyq45qi4g-pk6e6sorq2ksckwah4i0vawpoxh3spyp4l7ee0ln28.jpeg\"},{\"@type\":\"BreadcrumbList\",\"@id\":\"https:\\\/\\\/mascasascruilles.cat\\\/productes-de-pages\\\/#breadcrumb\",\"itemListElement\":[{\"@type\":\"ListItem\",\"position\":1,\"name\":\"Inici\",\"item\":\"https:\\\/\\\/mascasascruilles.cat\\\/\"},{\"@type\":\"ListItem\",\"position\":2,\"name\":\"Productes de pag\u00e8s\"}]},{\"@type\":\"WebSite\",\"@id\":\"https:\\\/\\\/mascasascruilles.cat\\\/#website\",\"url\":\"https:\\\/\\\/mascasascruilles.cat\\\/\",\"name\":\"Mas Casas Cru\u00eflles\",\"description\":\"Granja familiar amb ovelles a Empord\u00e0\",\"publisher\":{\"@id\":\"https:\\\/\\\/mascasascruilles.cat\\\/#organization\"},\"potentialAction\":[{\"@type\":\"SearchAction\",\"target\":{\"@type\":\"EntryPoint\",\"urlTemplate\":\"https:\\\/\\\/mascasascruilles.cat\\\/?s={search_term_string}\"},\"query-input\":{\"@type\":\"PropertyValueSpecification\",\"valueRequired\":true,\"valueName\":\"search_term_string\"}}],\"inLanguage\":\"es\"},{\"@type\":\"Organization\",\"@id\":\"https:\\\/\\\/mascasascruilles.cat\\\/#organization\",\"name\":\"Mas Casas Cru\u00eflles\",\"url\":\"https:\\\/\\\/mascasascruilles.cat\\\/\",\"logo\":{\"@type\":\"ImageObject\",\"inLanguage\":\"es\",\"@id\":\"https:\\\/\\\/mascasascruilles.cat\\\/#\\\/schema\\\/logo\\\/image\\\/\",\"url\":\"https:\\\/\\\/mascasascruilles.cat\\\/wp-content\\\/uploads\\\/2022\\\/02\\\/cropped-logo_mascasas_negre.jpg\",\"contentUrl\":\"https:\\\/\\\/mascasascruilles.cat\\\/wp-content\\\/uploads\\\/2022\\\/02\\\/cropped-logo_mascasas_negre.jpg\",\"width\":756,\"height\":756,\"caption\":\"Mas Casas Cru\u00eflles\"},\"image\":{\"@id\":\"https:\\\/\\\/mascasascruilles.cat\\\/#\\\/schema\\\/logo\\\/image\\\/\"}}]}<\/script>\n<!-- \/ Yoast SEO plugin. -->","yoast_head_json":{"title":"Productes de pag\u00e8s - Mas Casas Cru\u00eflles","robots":{"index":"index","follow":"follow","max-snippet":"max-snippet:-1","max-image-preview":"max-image-preview:large","max-video-preview":"max-video-preview:-1"},"canonical":"https:\/\/mascasascruilles.cat\/es\/productes-de-pages\/","og_locale":"es_ES","og_type":"article","og_title":"Productes de pag\u00e8s - Mas Casas Cru\u00eflles","og_description":"Mas Casas \u00e9s una casa de pag\u00e8s tradicional i, com a tal, es troba en un lloc elevat i assolellat, amb punts d&#8217;aigua, edificacions annexes amb bestiar, un galliner molt a prop de l&#8217;hort i del femer. A m\u00e9s, als marges i camps del voltant hi tenim arbres fruiters, ametllers i oliveres. Intentem aconseguir la...","og_url":"https:\/\/mascasascruilles.cat\/es\/productes-de-pages\/","og_site_name":"Mas Casas Cru\u00eflles","article_modified_time":"2024-07-12T08:48:58+00:00","og_image":[{"url":"https:\/\/mascasascruilles.cat\/wp-content\/uploads\/elementor\/thumbs\/@MasCasasCruilles-Verdura-hort-p9yr7vri2q8qdw1xw4ypj1tfvmthjf3lfwyq45qi4g-pk6e6sorq2ksckwah4i0vawpoxh3spyp4l7ee0ln28.jpeg","type":"","width":"","height":""}],"twitter_card":"summary_large_image","twitter_misc":{"Tiempo de lectura":"3 minutos"},"schema":{"@context":"https:\/\/schema.org","@graph":[{"@type":"WebPage","@id":"https:\/\/mascasascruilles.cat\/productes-de-pages\/","url":"https:\/\/mascasascruilles.cat\/productes-de-pages\/","name":"Productes de pag\u00e8s - Mas Casas Cru\u00eflles","isPartOf":{"@id":"https:\/\/mascasascruilles.cat\/#website"},"primaryImageOfPage":{"@id":"https:\/\/mascasascruilles.cat\/productes-de-pages\/#primaryimage"},"image":{"@id":"https:\/\/mascasascruilles.cat\/productes-de-pages\/#primaryimage"},"thumbnailUrl":"https:\/\/mascasascruilles.cat\/wp-content\/uploads\/elementor\/thumbs\/@MasCasasCruilles-Verdura-hort-p9yr7vri2q8qdw1xw4ypj1tfvmthjf3lfwyq45qi4g-pk6e6sorq2ksckwah4i0vawpoxh3spyp4l7ee0ln28.jpeg","datePublished":"2022-02-07T16:10:34+00:00","dateModified":"2024-07-12T08:48:58+00:00","breadcrumb":{"@id":"https:\/\/mascasascruilles.cat\/productes-de-pages\/#breadcrumb"},"inLanguage":"es","potentialAction":[{"@type":"ReadAction","target":["https:\/\/mascasascruilles.cat\/productes-de-pages\/"]}]},{"@type":"ImageObject","inLanguage":"es","@id":"https:\/\/mascasascruilles.cat\/productes-de-pages\/#primaryimage","url":"https:\/\/mascasascruilles.cat\/wp-content\/uploads\/elementor\/thumbs\/@MasCasasCruilles-Verdura-hort-p9yr7vri2q8qdw1xw4ypj1tfvmthjf3lfwyq45qi4g-pk6e6sorq2ksckwah4i0vawpoxh3spyp4l7ee0ln28.jpeg","contentUrl":"https:\/\/mascasascruilles.cat\/wp-content\/uploads\/elementor\/thumbs\/@MasCasasCruilles-Verdura-hort-p9yr7vri2q8qdw1xw4ypj1tfvmthjf3lfwyq45qi4g-pk6e6sorq2ksckwah4i0vawpoxh3spyp4l7ee0ln28.jpeg"},{"@type":"BreadcrumbList","@id":"https:\/\/mascasascruilles.cat\/productes-de-pages\/#breadcrumb","itemListElement":[{"@type":"ListItem","position":1,"name":"Inici","item":"https:\/\/mascasascruilles.cat\/"},{"@type":"ListItem","position":2,"name":"Productes de pag\u00e8s"}]},{"@type":"WebSite","@id":"https:\/\/mascasascruilles.cat\/#website","url":"https:\/\/mascasascruilles.cat\/","name":"Mas Casas Cru\u00eflles","description":"Granja familiar con ovejas en Empord\u00e0","publisher":{"@id":"https:\/\/mascasascruilles.cat\/#organization"},"potentialAction":[{"@type":"SearchAction","target":{"@type":"EntryPoint","urlTemplate":"https:\/\/mascasascruilles.cat\/?s={search_term_string}"},"query-input":{"@type":"PropertyValueSpecification","valueRequired":true,"valueName":"search_term_string"}}],"inLanguage":"es"},{"@type":"Organization","@id":"https:\/\/mascasascruilles.cat\/#organization","name":"Mas Casas Cru\u00eflles","url":"https:\/\/mascasascruilles.cat\/","logo":{"@type":"ImageObject","inLanguage":"es","@id":"https:\/\/mascasascruilles.cat\/#\/schema\/logo\/image\/","url":"https:\/\/mascasascruilles.cat\/wp-content\/uploads\/2022\/02\/cropped-logo_mascasas_negre.jpg","contentUrl":"https:\/\/mascasascruilles.cat\/wp-content\/uploads\/2022\/02\/cropped-logo_mascasas_negre.jpg","width":756,"height":756,"caption":"Mas Casas Cru\u00eflles"},"image":{"@id":"https:\/\/mascasascruilles.cat\/#\/schema\/logo\/image\/"}}]}},"taxonomy_info":[],"featured_image_src_large":false,"author_info":{"display_name":"mascasascruilles","author_link":"https:\/\/mascasascruilles.cat\/es\/author\/mascasascruilles\/"},"comment_info":0,"_links":{"self":[{"href":"https:\/\/mascasascruilles.cat\/es\/wp-json\/wp\/v2\/pages\/48","targetHints":{"allow":["GET"]}}],"collection":[{"href":"https:\/\/mascasascruilles.cat\/es\/wp-json\/wp\/v2\/pages"}],"about":[{"href":"https:\/\/mascasascruilles.cat\/es\/wp-json\/wp\/v2\/types\/page"}],"author":[{"embeddable":true,"href":"https:\/\/mascasascruilles.cat\/es\/wp-json\/wp\/v2\/users\/3"}],"replies":[{"embeddable":true,"href":"https:\/\/mascasascruilles.cat\/es\/wp-json\/wp\/v2\/comments?post=48"}],"version-history":[{"count":0,"href":"https:\/\/mascasascruilles.cat\/es\/wp-json\/wp\/v2\/pages\/48\/revisions"}],"wp:attachment":[{"href":"https:\/\/mascasascruilles.cat\/es\/wp-json\/wp\/v2\/media?parent=48"}],"curies":[{"name":"wp","href":"https:\/\/api.w.org\/{rel}","templated":true}]}}