{"id":2493,"date":"2023-01-21T20:17:13","date_gmt":"2023-01-21T19:17:13","guid":{"rendered":"https:\/\/mascasascruilles.cat\/?post_type=product&#038;p=2493"},"modified":"2023-08-01T21:03:31","modified_gmt":"2023-08-01T19:03:31","slug":"taller-de-llana-sabo-enfeltrat","status":"publish","type":"product","link":"https:\/\/mascasascruilles.cat\/es\/producto\/taller-de-llana-sabo-enfeltrat\/","title":{"rendered":"Taller de lana. Jab\u00f3n fieltrado"},"content":{"rendered":"<p><strong>\u00a1Elabora tu propia esponja haciendo un jab\u00f3n fieltrado con lana de oveja!<\/strong><\/p>\n<p>Despu\u00e9s de una breve descripci\u00f3n del proyecto familiar, empezaremos la experiencia visitando los corderos para tocar su lana. La actividad continuar\u00e1 con una explicaci\u00f3n sobre la lana y peque\u00f1as demostraciones para aprender c\u00f3mo trabajar para que tenga diferentes texturas, para finalmente descubrir qu\u00e9 usos le podemos dar actualmente.<\/p>\n<p>A continuaci\u00f3n, el taller consistir\u00e1 en la elaboraci\u00f3n de un producto de lana, natural y de residuo cero: una esponja haciendo jab\u00f3n fieltrado de lana que se llevar\u00e1 a su casa.<\/p>\n<p>Este taller en la granja de Mas Casas, en Cru\u00eflles, es una manera de aprender sobre las propiedades, beneficios y usos de una fibra natural, local y sostenible que hay que poner en valor.<\/p>\n<p>Durante la actividad, apta para todas las edades, se transita por distintos espacios al aire libre o cerrados de la granja. La sala de orde\u00f1o y el obrador l\u00e1cteo no son visitables.<\/p>\n<p>Adem\u00e1s, antes o despu\u00e9s de la visita, si lo desea, podr\u00e1 disfrutar de nuestro espacio de ocio y de nuestros productos.<\/p>\n<ul>\n<li>Actividad en catal\u00e1n, castellano, ingl\u00e9s y\/o franc\u00e9s.<\/li>\n<li>No se admiten animales de compa\u00f1\u00eda en la finca, excepto los perros lazarillo.<\/li>\n<li>Posibilidad de organizar visitas guiadas en otros d\u00edas no programados con un m\u00ednimo de 4 personas.<\/li>\n<\/ul>","protected":false},"excerpt":{"rendered":"<p><strong>\u00a1Elabora tu propia esponja haciendo un jab\u00f3n fieltrado con lana de oveja!<\/strong><\/p>\n<p>Despu\u00e9s de una breve descripci\u00f3n del proyecto familiar, visitaremos los corderos para tocar su lana, explicaremos sobre la lana con demostraciones para aprender c\u00f3mo se trabaja y qu\u00e9 usos le podemos dar. A continuaci\u00f3n, el taller consistir\u00e1 en la elaboraci\u00f3n de un producto de lana, natural y de residuo cero: una esponja haciendo jab\u00f3n fieltrado de lana que se llevar\u00e1 a su casa. Este taller en la granja de Mas Casas, en Cru\u00eflles, es una manera de aprender sobre las propiedades, beneficios y usos de una fibra natural, local y sostenible que hay que poner en valor.<\/p>\n<p>Actividad apta para todas las edades.<\/p>","protected":false},"featured_media":1718,"template":"","meta":{"_kad_blocks_custom_css":"","_kad_blocks_head_custom_js":"","_kad_blocks_body_custom_js":"","_kad_blocks_footer_custom_js":"","_kadence_starter_templates_imported_post":false,"_kad_post_transparent":"default","_kad_post_title":"","_kad_post_layout":"default","_kad_post_sidebar_id":"","_kad_post_content_style":"default","_kad_post_vertical_padding":"default","_kad_post_feature":"","_kad_post_feature_position":"","_kad_post_header":false,"_kad_post_footer":false,"_kad_post_classname":""},"product_brand":[],"product_cat":[27,44],"product_tag":[],"class_list":{"0":"post-2493","1":"product","2":"type-product","3":"status-publish","4":"has-post-thumbnail","6":"product_cat-experiencies","7":"product_cat-llana","9":"first","10":"instock","11":"virtual","12":"taxable","13":"product-type-ticket-event","14":"entry","15":"content-bg","16":"loop-entry"},"yoast_head":"<!-- This site is optimized with the Yoast SEO plugin v27.4 - https:\/\/yoast.com\/product\/yoast-seo-wordpress\/ -->\n<title>Taller de llana. Sab\u00f3 enfeltrat - Mas Casas Cru\u00eflles<\/title>\n<meta name=\"robots\" content=\"index, follow, max-snippet:-1, max-image-preview:large, max-video-preview:-1\" \/>\n<link rel=\"canonical\" href=\"https:\/\/mascasascruilles.cat\/es\/producto\/taller-de-llana-sabo-enfeltrat\/\" \/>\n<meta property=\"og:locale\" content=\"es_ES\" \/>\n<meta property=\"og:type\" content=\"article\" \/>\n<meta property=\"og:title\" content=\"Taller de llana. Sab\u00f3 enfeltrat - Mas Casas Cru\u00eflles\" \/>\n<meta property=\"og:description\" content=\"Elabora la teva pr\u00f2pia esponja fent un sab\u00f3 enfeltrat amb llana d\u2019ovella!  Despr\u00e9s d\u2019una breu descripci\u00f3 del projecte familiar, visitarem els xais per tocar la seva llana, explicarem sobre la llana amb demostracions per aprendre com es treballa i quins usos li podem donar. A continuaci\u00f3, el taller consistir\u00e0 en la elaboraci\u00f3 d&#039;un producte de llana, natural i de residu cero: una esponja fent sab\u00f3 enfeltrat de llana que us endureu a casa vostra. Aquest taller a la granja de Mas Casas, a Cru\u00eflles, \u00e9s una manera d&#039;aprendre sobre les propietats, els beneficis i els usos d&#039;una fibra natural, local i sostenible que cal posar en valor.  Activitat apta per a totes les edats.\" \/>\n<meta property=\"og:url\" content=\"https:\/\/mascasascruilles.cat\/es\/producto\/taller-de-llana-sabo-enfeltrat\/\" \/>\n<meta property=\"og:site_name\" content=\"Mas Casas Cru\u00eflles\" \/>\n<meta property=\"article:modified_time\" content=\"2023-08-01T19:03:31+00:00\" \/>\n<meta property=\"og:image\" content=\"https:\/\/mascasascruilles.cat\/wp-content\/uploads\/2022\/03\/@MasCasasCruilles-taller-sabo-mans-infants-horitzontal-scaled.jpg\" \/>\n\t<meta property=\"og:image:width\" content=\"2560\" \/>\n\t<meta property=\"og:image:height\" content=\"2047\" \/>\n\t<meta property=\"og:image:type\" content=\"image\/jpeg\" \/>\n<meta name=\"twitter:card\" content=\"summary_large_image\" \/>\n<meta name=\"twitter:label1\" content=\"Tiempo de lectura\" \/>\n\t<meta name=\"twitter:data1\" content=\"2 minutos\" \/>\n<script type=\"application\/ld+json\" class=\"yoast-schema-graph\">{\"@context\":\"https:\\\/\\\/schema.org\",\"@graph\":[{\"@type\":\"WebPage\",\"@id\":\"https:\\\/\\\/mascasascruilles.cat\\\/producte\\\/taller-de-llana-sabo-enfeltrat\\\/\",\"url\":\"https:\\\/\\\/mascasascruilles.cat\\\/producte\\\/taller-de-llana-sabo-enfeltrat\\\/\",\"name\":\"Taller de llana. Sab\u00f3 enfeltrat - Mas Casas Cru\u00eflles\",\"isPartOf\":{\"@id\":\"https:\\\/\\\/mascasascruilles.cat\\\/#website\"},\"primaryImageOfPage\":{\"@id\":\"https:\\\/\\\/mascasascruilles.cat\\\/producte\\\/taller-de-llana-sabo-enfeltrat\\\/#primaryimage\"},\"image\":{\"@id\":\"https:\\\/\\\/mascasascruilles.cat\\\/producte\\\/taller-de-llana-sabo-enfeltrat\\\/#primaryimage\"},\"thumbnailUrl\":\"https:\\\/\\\/mascasascruilles.cat\\\/wp-content\\\/uploads\\\/2022\\\/03\\\/@MasCasasCruilles-taller-sabo-mans-infants-horitzontal-scaled.jpg\",\"datePublished\":\"2023-01-21T19:17:13+00:00\",\"dateModified\":\"2023-08-01T19:03:31+00:00\",\"breadcrumb\":{\"@id\":\"https:\\\/\\\/mascasascruilles.cat\\\/producte\\\/taller-de-llana-sabo-enfeltrat\\\/#breadcrumb\"},\"inLanguage\":\"es\",\"potentialAction\":[{\"@type\":\"ReadAction\",\"target\":[\"https:\\\/\\\/mascasascruilles.cat\\\/producte\\\/taller-de-llana-sabo-enfeltrat\\\/\"]}]},{\"@type\":\"ImageObject\",\"inLanguage\":\"es\",\"@id\":\"https:\\\/\\\/mascasascruilles.cat\\\/producte\\\/taller-de-llana-sabo-enfeltrat\\\/#primaryimage\",\"url\":\"https:\\\/\\\/mascasascruilles.cat\\\/wp-content\\\/uploads\\\/2022\\\/03\\\/@MasCasasCruilles-taller-sabo-mans-infants-horitzontal-scaled.jpg\",\"contentUrl\":\"https:\\\/\\\/mascasascruilles.cat\\\/wp-content\\\/uploads\\\/2022\\\/03\\\/@MasCasasCruilles-taller-sabo-mans-infants-horitzontal-scaled.jpg\",\"width\":2560,\"height\":2047,\"caption\":\"Taller llana sab\u00f3 enfeltrat granja mas casas\"},{\"@type\":\"BreadcrumbList\",\"@id\":\"https:\\\/\\\/mascasascruilles.cat\\\/producte\\\/taller-de-llana-sabo-enfeltrat\\\/#breadcrumb\",\"itemListElement\":[{\"@type\":\"ListItem\",\"position\":1,\"name\":\"Inici\",\"item\":\"https:\\\/\\\/mascasascruilles.cat\\\/\"},{\"@type\":\"ListItem\",\"position\":2,\"name\":\"Botiga\",\"item\":\"https:\\\/\\\/mascasascruilles.cat\\\/botiga\\\/\"},{\"@type\":\"ListItem\",\"position\":3,\"name\":\"Taller de llana. Sab\u00f3 enfeltrat\"}]},{\"@type\":\"WebSite\",\"@id\":\"https:\\\/\\\/mascasascruilles.cat\\\/#website\",\"url\":\"https:\\\/\\\/mascasascruilles.cat\\\/\",\"name\":\"Mas Casas Cru\u00eflles\",\"description\":\"Granja familiar amb ovelles a Empord\u00e0\",\"publisher\":{\"@id\":\"https:\\\/\\\/mascasascruilles.cat\\\/#organization\"},\"potentialAction\":[{\"@type\":\"SearchAction\",\"target\":{\"@type\":\"EntryPoint\",\"urlTemplate\":\"https:\\\/\\\/mascasascruilles.cat\\\/?s={search_term_string}\"},\"query-input\":{\"@type\":\"PropertyValueSpecification\",\"valueRequired\":true,\"valueName\":\"search_term_string\"}}],\"inLanguage\":\"es\"},{\"@type\":\"Organization\",\"@id\":\"https:\\\/\\\/mascasascruilles.cat\\\/#organization\",\"name\":\"Mas Casas Cru\u00eflles\",\"url\":\"https:\\\/\\\/mascasascruilles.cat\\\/\",\"logo\":{\"@type\":\"ImageObject\",\"inLanguage\":\"es\",\"@id\":\"https:\\\/\\\/mascasascruilles.cat\\\/#\\\/schema\\\/logo\\\/image\\\/\",\"url\":\"https:\\\/\\\/mascasascruilles.cat\\\/wp-content\\\/uploads\\\/2022\\\/02\\\/cropped-logo_mascasas_negre.jpg\",\"contentUrl\":\"https:\\\/\\\/mascasascruilles.cat\\\/wp-content\\\/uploads\\\/2022\\\/02\\\/cropped-logo_mascasas_negre.jpg\",\"width\":756,\"height\":756,\"caption\":\"Mas Casas Cru\u00eflles\"},\"image\":{\"@id\":\"https:\\\/\\\/mascasascruilles.cat\\\/#\\\/schema\\\/logo\\\/image\\\/\"}}]}<\/script>\n<!-- \/ Yoast SEO plugin. -->","yoast_head_json":{"title":"Taller de llana. Sab\u00f3 enfeltrat - Mas Casas Cru\u00eflles","robots":{"index":"index","follow":"follow","max-snippet":"max-snippet:-1","max-image-preview":"max-image-preview:large","max-video-preview":"max-video-preview:-1"},"canonical":"https:\/\/mascasascruilles.cat\/es\/producto\/taller-de-llana-sabo-enfeltrat\/","og_locale":"es_ES","og_type":"article","og_title":"Taller de llana. Sab\u00f3 enfeltrat - Mas Casas Cru\u00eflles","og_description":"Elabora la teva pr\u00f2pia esponja fent un sab\u00f3 enfeltrat amb llana d\u2019ovella!  Despr\u00e9s d\u2019una breu descripci\u00f3 del projecte familiar, visitarem els xais per tocar la seva llana, explicarem sobre la llana amb demostracions per aprendre com es treballa i quins usos li podem donar. A continuaci\u00f3, el taller consistir\u00e0 en la elaboraci\u00f3 d'un producte de llana, natural i de residu cero: una esponja fent sab\u00f3 enfeltrat de llana que us endureu a casa vostra. Aquest taller a la granja de Mas Casas, a Cru\u00eflles, \u00e9s una manera d'aprendre sobre les propietats, els beneficis i els usos d'una fibra natural, local i sostenible que cal posar en valor.  Activitat apta per a totes les edats.","og_url":"https:\/\/mascasascruilles.cat\/es\/producto\/taller-de-llana-sabo-enfeltrat\/","og_site_name":"Mas Casas Cru\u00eflles","article_modified_time":"2023-08-01T19:03:31+00:00","og_image":[{"width":2560,"height":2047,"url":"https:\/\/mascasascruilles.cat\/wp-content\/uploads\/2022\/03\/@MasCasasCruilles-taller-sabo-mans-infants-horitzontal-scaled.jpg","type":"image\/jpeg"}],"twitter_card":"summary_large_image","twitter_misc":{"Tiempo de lectura":"2 minutos"},"schema":{"@context":"https:\/\/schema.org","@graph":[{"@type":"WebPage","@id":"https:\/\/mascasascruilles.cat\/producte\/taller-de-llana-sabo-enfeltrat\/","url":"https:\/\/mascasascruilles.cat\/producte\/taller-de-llana-sabo-enfeltrat\/","name":"Taller de llana. Sab\u00f3 enfeltrat - Mas Casas Cru\u00eflles","isPartOf":{"@id":"https:\/\/mascasascruilles.cat\/#website"},"primaryImageOfPage":{"@id":"https:\/\/mascasascruilles.cat\/producte\/taller-de-llana-sabo-enfeltrat\/#primaryimage"},"image":{"@id":"https:\/\/mascasascruilles.cat\/producte\/taller-de-llana-sabo-enfeltrat\/#primaryimage"},"thumbnailUrl":"https:\/\/mascasascruilles.cat\/wp-content\/uploads\/2022\/03\/@MasCasasCruilles-taller-sabo-mans-infants-horitzontal-scaled.jpg","datePublished":"2023-01-21T19:17:13+00:00","dateModified":"2023-08-01T19:03:31+00:00","breadcrumb":{"@id":"https:\/\/mascasascruilles.cat\/producte\/taller-de-llana-sabo-enfeltrat\/#breadcrumb"},"inLanguage":"es","potentialAction":[{"@type":"ReadAction","target":["https:\/\/mascasascruilles.cat\/producte\/taller-de-llana-sabo-enfeltrat\/"]}]},{"@type":"ImageObject","inLanguage":"es","@id":"https:\/\/mascasascruilles.cat\/producte\/taller-de-llana-sabo-enfeltrat\/#primaryimage","url":"https:\/\/mascasascruilles.cat\/wp-content\/uploads\/2022\/03\/@MasCasasCruilles-taller-sabo-mans-infants-horitzontal-scaled.jpg","contentUrl":"https:\/\/mascasascruilles.cat\/wp-content\/uploads\/2022\/03\/@MasCasasCruilles-taller-sabo-mans-infants-horitzontal-scaled.jpg","width":2560,"height":2047,"caption":"Taller llana sab\u00f3 enfeltrat granja mas casas"},{"@type":"BreadcrumbList","@id":"https:\/\/mascasascruilles.cat\/producte\/taller-de-llana-sabo-enfeltrat\/#breadcrumb","itemListElement":[{"@type":"ListItem","position":1,"name":"Inici","item":"https:\/\/mascasascruilles.cat\/"},{"@type":"ListItem","position":2,"name":"Botiga","item":"https:\/\/mascasascruilles.cat\/botiga\/"},{"@type":"ListItem","position":3,"name":"Taller de llana. Sab\u00f3 enfeltrat"}]},{"@type":"WebSite","@id":"https:\/\/mascasascruilles.cat\/#website","url":"https:\/\/mascasascruilles.cat\/","name":"Mas Casas Cru\u00eflles","description":"Granja familiar con ovejas en Empord\u00e0","publisher":{"@id":"https:\/\/mascasascruilles.cat\/#organization"},"potentialAction":[{"@type":"SearchAction","target":{"@type":"EntryPoint","urlTemplate":"https:\/\/mascasascruilles.cat\/?s={search_term_string}"},"query-input":{"@type":"PropertyValueSpecification","valueRequired":true,"valueName":"search_term_string"}}],"inLanguage":"es"},{"@type":"Organization","@id":"https:\/\/mascasascruilles.cat\/#organization","name":"Mas Casas Cru\u00eflles","url":"https:\/\/mascasascruilles.cat\/","logo":{"@type":"ImageObject","inLanguage":"es","@id":"https:\/\/mascasascruilles.cat\/#\/schema\/logo\/image\/","url":"https:\/\/mascasascruilles.cat\/wp-content\/uploads\/2022\/02\/cropped-logo_mascasas_negre.jpg","contentUrl":"https:\/\/mascasascruilles.cat\/wp-content\/uploads\/2022\/02\/cropped-logo_mascasas_negre.jpg","width":756,"height":756,"caption":"Mas Casas Cru\u00eflles"},"image":{"@id":"https:\/\/mascasascruilles.cat\/#\/schema\/logo\/image\/"}}]}},"taxonomy_info":{"product_cat":[{"value":27,"label":"Experi\u00e8ncies"},{"value":44,"label":"Llana"}]},"featured_image_src_large":["https:\/\/mascasascruilles.cat\/wp-content\/uploads\/2022\/03\/@MasCasasCruilles-taller-sabo-mans-infants-horitzontal-1024x819.jpg",1024,819,true],"author_info":[],"comment_info":"","_links":{"self":[{"href":"https:\/\/mascasascruilles.cat\/es\/wp-json\/wp\/v2\/product\/2493","targetHints":{"allow":["GET"]}}],"collection":[{"href":"https:\/\/mascasascruilles.cat\/es\/wp-json\/wp\/v2\/product"}],"about":[{"href":"https:\/\/mascasascruilles.cat\/es\/wp-json\/wp\/v2\/types\/product"}],"wp:featuredmedia":[{"embeddable":true,"href":"https:\/\/mascasascruilles.cat\/es\/wp-json\/wp\/v2\/media\/1718"}],"wp:attachment":[{"href":"https:\/\/mascasascruilles.cat\/es\/wp-json\/wp\/v2\/media?parent=2493"}],"wp:term":[{"taxonomy":"product_brand","embeddable":true,"href":"https:\/\/mascasascruilles.cat\/es\/wp-json\/wp\/v2\/product_brand?post=2493"},{"taxonomy":"product_cat","embeddable":true,"href":"https:\/\/mascasascruilles.cat\/es\/wp-json\/wp\/v2\/product_cat?post=2493"},{"taxonomy":"product_tag","embeddable":true,"href":"https:\/\/mascasascruilles.cat\/es\/wp-json\/wp\/v2\/product_tag?post=2493"}],"curies":[{"name":"wp","href":"https:\/\/api.w.org\/{rel}","templated":true}]}}