{"id":2529,"date":"2023-02-22T16:50:53","date_gmt":"2023-02-22T15:50:53","guid":{"rendered":"https:\/\/mascasascruilles.cat\/?post_type=product&#038;p=2529"},"modified":"2023-03-12T08:42:28","modified_gmt":"2023-03-12T07:42:28","slug":"concert-de-musica-barroca-12-03-2022","status":"publish","type":"product","link":"https:\/\/mascasascruilles.cat\/es\/producto\/concert-de-musica-barroca-12-03-2022\/","title":{"rendered":"Concierto de m\u00fasica barroca entre ovejas \u2013 12\/03\/2022"},"content":{"rendered":"<div class=\"elementor-element elementor-element-6b7f72d elementor-widget elementor-widget-text-editor\" data-id=\"6b7f72d\" data-element_type=\"widget\" data-widget_type=\"text-editor.default\">\n<div class=\"elementor-widget-container\">\n<p><strong>Concierto de m\u00fasica barroca en la granja Mas Casas de Cru\u00eflles<\/strong><\/p>\n<\/div>\n<\/div>\n<div class=\"elementor-element elementor-element-3aa48bf7 elementor-widget elementor-widget-text-editor\" data-id=\"3aa48bf7\" data-element_type=\"widget\" data-widget_type=\"text-editor.default\">\n<div class=\"elementor-widget-container\">\n<p>Concierto de m\u00fasica barroca con la voz de la soprano Lorena Garc\u00eda y la m\u00fasica de la tiorba y la guitarra barroca a manos de Maike Burgdorf, acompa\u00f1adas de las ovejas de Mas Casas!<\/p>\n<p><strong>Lorena Garc\u00eda, soprano<\/strong>, nacida en Vitoria-Gasteiz, cursa estudios de piano, armon\u00eda y contrapunto en el Conservatorio \u201cJes\u00fas Guridi\u201d. Se traslada a Barcelona, donde estudia en el Conservatorio Superior de M\u00fasica del Liceo con Carmen Bustamante, obteniendo el T\u00edtulo de Profesora Superior de Canto con las m\u00e1ximas calificaciones. De la mano del contratenor vitoriano Carlos Mena comienza su especializaci\u00f3n en el campo de la m\u00fasica antigua, realizando posteriormente los estudios superiores de Canto Hist\u00f3rico en la Escuela Superior de M\u00fasica de Catalu\u00f1a con Lambert Climent. Ejerce una intensa actividad como solista, tanto en recitales como en colaboraci\u00f3n con grupos como La Capilla Real de Catalu\u00f1a, Capilla Real de Madrid, Capilla Penyaflorida, Il Nobile Diletto, Ensemble Elyma, Las Alys\u00e9s, Speculum, Magister Petrus, La Gran Chapelle, Ensemble Scandicus, Fundaci\u00f3n Bach zum mitsingen, o Ensemble Barroco de Toulouse entre otros, trabajando con directores de talla de Jordi Savall, Juanjo Mena, Enric Garcia Asensio, Oscar Gershenson, Mauricio Molina, Albert Recasens, Gabriel Garrido o Michel Brun. .Compagina su faceta art\u00edstica con la de investigadora, pedagoga y coacher vocal, y es profesora de canto en el Curso Internacional de M\u00fasica de Vitoria-Gasteiz, en los cursos de la Universidad y Conservatorio de Montpellier, en el Medieval Music Besal\u00fa, en los cursos Internacionales de M\u00fasica de San Marino (Italia), en la Universidad de las Islas Baleares y en la Academia de Direcci\u00f3n Coral del Pa\u00eds Vasco, entre otros.<\/p>\n<p><strong>Maike Burgdorf, tiorba y guitarra barroca<\/strong>, nace en Seesen (Alemania). En 2001 obtiene el T\u00edtulo Superior de guitarra cl\u00e1sica y Educaci\u00f3n Musical en la Hochschule f\u00fcr Musik und Theater de Hannover. Posteriormente estudia la\u00fad y guitarra barroca en la misma ciudad con Hans-Michael Koch y Axel Wolf (bajo continuo), y se diploma en 2005. Paralelamente (2003-2008), estudia en Barcelona en la Escuela Superior de M\u00fasica de Catalu\u00f1a con Xavier D\u00edaz Latorre y M\u00f3nica Pustilnik (bajo continuo), as\u00ed como tambi\u00e9n recibe clases de percusi\u00f3n hist\u00f3rica con Pedro Estevan. Ha participado en diferentes cursos magistrales con Hopkinson Smith, Eduardo Eg\u00fcez y Juan Carlos de Mulder y ha recibido clases de importantes profesores como Bruno Cocset, Pedro Memelsdorff, Manfredo Kraemer, Lambert Climent y Andrew Lawrence-King. Aparte de realizar conciertos como solista, colabora como continuista en Alemania, Francia, Espa\u00f1a y Catalu\u00f1a con grupos relevantes como la Orquesta Barroca de Barcelona, la Orquesta de C\u00e1mara del Liceo y Budapest Festival Orchestra. Tambi\u00e9n forma parte de varios grupos de m\u00fasica de c\u00e1mara como Il gesto Armonico o Ensamble Rigaudon en Catalu\u00f1a y en Francia. Adem\u00e1s de su actividad interpretativa, tambi\u00e9n ha ejercido de docente en diferentes escuelas municipales de Hannover y Barcelona y desde el a\u00f1o 2007 es profesora de cuerda pulsada, m\u00fasica de c\u00e1mara y lenguaje musical y pedagog\u00eda en el Conservatorio de M\u00fasica Isaac Alb\u00e9niz de la Diputaci\u00f3n de Gerona.<\/p>\n<p><em>Concierto solidario de 45 minutos para ayudar a sustituir los tejados de la granja da\u00f1ados por el impacto de la hist\u00f3rica granizada de la zona de la Bisbal de Empord\u00e0 del pasado 30 de agosto de 2022.<\/em><\/p>\n<p><strong>Programa<\/strong><\/p>\n<p>\u201cAmores y desamores\u201d<\/p>\n<p>M\u00fasica del primer barroco italiano: Giulio Caccini, Girolamo Frescobaldi, Tarquinio Merula, Alessandro Picinini, Stefano Landi, Barbara Strozzi y Benedetto Ferrari.<\/p>\n<\/div>\n<\/div>","protected":false},"excerpt":{"rendered":"<p><strong>Concierto de m\u00fasica barroca en la granja Mas Casas de Cru\u00eflles<\/strong><\/p>\n<p>Concierto de m\u00fasica barroca con la voz de la soprano Lorena Garc\u00eda y la m\u00fasica de la tiorba y la guitarra barroca a manos de Maike Burgdorf, acompa\u00f1adas de las ovejas de Mas Casas!<\/p>\n<p><em>Concierto solidario para ayudar a sustituir los tejados de la granja da\u00f1ados por el impacto de la hist\u00f3rica granizada de la zona de la Bisbal de Empord\u00e0 del pasado 30 de agosto de 2022.<\/em><\/p>","protected":false},"featured_media":2531,"template":"","meta":{"_kad_blocks_custom_css":"","_kad_blocks_head_custom_js":"","_kad_blocks_body_custom_js":"","_kad_blocks_footer_custom_js":"","_kadence_starter_templates_imported_post":false,"_kad_post_transparent":"","_kad_post_title":"","_kad_post_layout":"","_kad_post_sidebar_id":"","_kad_post_content_style":"","_kad_post_vertical_padding":"","_kad_post_feature":"","_kad_post_feature_position":"","_kad_post_header":false,"_kad_post_footer":false,"_kad_post_classname":""},"product_brand":[],"product_cat":[27],"product_tag":[],"class_list":{"0":"post-2529","1":"product","2":"type-product","3":"status-publish","4":"has-post-thumbnail","6":"product_cat-experiencies","8":"first","9":"instock","10":"virtual","11":"taxable","12":"product-type-ticket-event","13":"entry","14":"content-bg","15":"loop-entry"},"yoast_head":"<!-- This site is optimized with the Yoast SEO plugin v27.4 - https:\/\/yoast.com\/product\/yoast-seo-wordpress\/ -->\n<title>Concert de m\u00fasica barroca entre ovelles - 12\/03\/2022 - Mas Casas Cru\u00eflles<\/title>\n<meta name=\"robots\" content=\"index, follow, max-snippet:-1, max-image-preview:large, max-video-preview:-1\" \/>\n<link rel=\"canonical\" href=\"https:\/\/mascasascruilles.cat\/es\/producto\/concert-de-musica-barroca-12-03-2022\/\" \/>\n<meta property=\"og:locale\" content=\"es_ES\" \/>\n<meta property=\"og:type\" content=\"article\" \/>\n<meta property=\"og:title\" content=\"Concert de m\u00fasica barroca entre ovelles - 12\/03\/2022 - Mas Casas Cru\u00eflles\" \/>\n<meta property=\"og:description\" content=\"Concert de m\u00fasica barroca a la granja Mas Casas de Cru\u00eflles  Concert de m\u00fasica barroca amb la veu de la soprano Lorena Garc\u00eda i la m\u00fasica de la tiorba i la guitarra barroca a les mans de Maike Burgdorf, acompanyades de les ovelles de Mas Casas!  Concert solidari per ajudar a substituir els teulats de la granja malmesos per l&#039;impacte de la hist\u00f2rica pedregada de la zona de la Bisbal d&#039;Empord\u00e0 del passat 30 d&#039;agost de 2022.\" \/>\n<meta property=\"og:url\" content=\"https:\/\/mascasascruilles.cat\/es\/producto\/concert-de-musica-barroca-12-03-2022\/\" \/>\n<meta property=\"og:site_name\" content=\"Mas Casas Cru\u00eflles\" \/>\n<meta property=\"article:modified_time\" content=\"2023-03-12T07:42:28+00:00\" \/>\n<meta property=\"og:image\" content=\"https:\/\/mascasascruilles.cat\/wp-content\/uploads\/2023\/02\/WhatsApp-Image-2022-09-01-at-22.23.14.jpeg\" \/>\n\t<meta property=\"og:image:width\" content=\"1385\" \/>\n\t<meta property=\"og:image:height\" content=\"780\" \/>\n\t<meta property=\"og:image:type\" content=\"image\/jpeg\" \/>\n<meta name=\"twitter:card\" content=\"summary_large_image\" \/>\n<meta name=\"twitter:label1\" content=\"Tiempo de lectura\" \/>\n\t<meta name=\"twitter:data1\" content=\"3 minutos\" \/>\n<script type=\"application\/ld+json\" class=\"yoast-schema-graph\">{\"@context\":\"https:\\\/\\\/schema.org\",\"@graph\":[{\"@type\":\"WebPage\",\"@id\":\"https:\\\/\\\/mascasascruilles.cat\\\/producte\\\/concert-de-musica-barroca-12-03-2022\\\/\",\"url\":\"https:\\\/\\\/mascasascruilles.cat\\\/producte\\\/concert-de-musica-barroca-12-03-2022\\\/\",\"name\":\"Concert de m\u00fasica barroca entre ovelles - 12\\\/03\\\/2022 - Mas Casas Cru\u00eflles\",\"isPartOf\":{\"@id\":\"https:\\\/\\\/mascasascruilles.cat\\\/#website\"},\"primaryImageOfPage\":{\"@id\":\"https:\\\/\\\/mascasascruilles.cat\\\/producte\\\/concert-de-musica-barroca-12-03-2022\\\/#primaryimage\"},\"image\":{\"@id\":\"https:\\\/\\\/mascasascruilles.cat\\\/producte\\\/concert-de-musica-barroca-12-03-2022\\\/#primaryimage\"},\"thumbnailUrl\":\"https:\\\/\\\/mascasascruilles.cat\\\/wp-content\\\/uploads\\\/2023\\\/02\\\/WhatsApp-Image-2022-09-01-at-22.23.14.jpeg\",\"datePublished\":\"2023-02-22T15:50:53+00:00\",\"dateModified\":\"2023-03-12T07:42:28+00:00\",\"breadcrumb\":{\"@id\":\"https:\\\/\\\/mascasascruilles.cat\\\/producte\\\/concert-de-musica-barroca-12-03-2022\\\/#breadcrumb\"},\"inLanguage\":\"es\",\"potentialAction\":[{\"@type\":\"ReadAction\",\"target\":[\"https:\\\/\\\/mascasascruilles.cat\\\/producte\\\/concert-de-musica-barroca-12-03-2022\\\/\"]}]},{\"@type\":\"ImageObject\",\"inLanguage\":\"es\",\"@id\":\"https:\\\/\\\/mascasascruilles.cat\\\/producte\\\/concert-de-musica-barroca-12-03-2022\\\/#primaryimage\",\"url\":\"https:\\\/\\\/mascasascruilles.cat\\\/wp-content\\\/uploads\\\/2023\\\/02\\\/WhatsApp-Image-2022-09-01-at-22.23.14.jpeg\",\"contentUrl\":\"https:\\\/\\\/mascasascruilles.cat\\\/wp-content\\\/uploads\\\/2023\\\/02\\\/WhatsApp-Image-2022-09-01-at-22.23.14.jpeg\",\"width\":1385,\"height\":780},{\"@type\":\"BreadcrumbList\",\"@id\":\"https:\\\/\\\/mascasascruilles.cat\\\/producte\\\/concert-de-musica-barroca-12-03-2022\\\/#breadcrumb\",\"itemListElement\":[{\"@type\":\"ListItem\",\"position\":1,\"name\":\"Inici\",\"item\":\"https:\\\/\\\/mascasascruilles.cat\\\/\"},{\"@type\":\"ListItem\",\"position\":2,\"name\":\"Botiga\",\"item\":\"https:\\\/\\\/mascasascruilles.cat\\\/botiga\\\/\"},{\"@type\":\"ListItem\",\"position\":3,\"name\":\"Concert de m\u00fasica barroca entre ovelles &#8211; 12\\\/03\\\/2022\"}]},{\"@type\":\"WebSite\",\"@id\":\"https:\\\/\\\/mascasascruilles.cat\\\/#website\",\"url\":\"https:\\\/\\\/mascasascruilles.cat\\\/\",\"name\":\"Mas Casas Cru\u00eflles\",\"description\":\"Granja familiar amb ovelles a Empord\u00e0\",\"publisher\":{\"@id\":\"https:\\\/\\\/mascasascruilles.cat\\\/#organization\"},\"potentialAction\":[{\"@type\":\"SearchAction\",\"target\":{\"@type\":\"EntryPoint\",\"urlTemplate\":\"https:\\\/\\\/mascasascruilles.cat\\\/?s={search_term_string}\"},\"query-input\":{\"@type\":\"PropertyValueSpecification\",\"valueRequired\":true,\"valueName\":\"search_term_string\"}}],\"inLanguage\":\"es\"},{\"@type\":\"Organization\",\"@id\":\"https:\\\/\\\/mascasascruilles.cat\\\/#organization\",\"name\":\"Mas Casas Cru\u00eflles\",\"url\":\"https:\\\/\\\/mascasascruilles.cat\\\/\",\"logo\":{\"@type\":\"ImageObject\",\"inLanguage\":\"es\",\"@id\":\"https:\\\/\\\/mascasascruilles.cat\\\/#\\\/schema\\\/logo\\\/image\\\/\",\"url\":\"https:\\\/\\\/mascasascruilles.cat\\\/wp-content\\\/uploads\\\/2022\\\/02\\\/cropped-logo_mascasas_negre.jpg\",\"contentUrl\":\"https:\\\/\\\/mascasascruilles.cat\\\/wp-content\\\/uploads\\\/2022\\\/02\\\/cropped-logo_mascasas_negre.jpg\",\"width\":756,\"height\":756,\"caption\":\"Mas Casas Cru\u00eflles\"},\"image\":{\"@id\":\"https:\\\/\\\/mascasascruilles.cat\\\/#\\\/schema\\\/logo\\\/image\\\/\"}}]}<\/script>\n<!-- \/ Yoast SEO plugin. -->","yoast_head_json":{"title":"Concert de m\u00fasica barroca entre ovelles - 12\/03\/2022 - Mas Casas Cru\u00eflles","robots":{"index":"index","follow":"follow","max-snippet":"max-snippet:-1","max-image-preview":"max-image-preview:large","max-video-preview":"max-video-preview:-1"},"canonical":"https:\/\/mascasascruilles.cat\/es\/producto\/concert-de-musica-barroca-12-03-2022\/","og_locale":"es_ES","og_type":"article","og_title":"Concert de m\u00fasica barroca entre ovelles - 12\/03\/2022 - Mas Casas Cru\u00eflles","og_description":"Concert de m\u00fasica barroca a la granja Mas Casas de Cru\u00eflles  Concert de m\u00fasica barroca amb la veu de la soprano Lorena Garc\u00eda i la m\u00fasica de la tiorba i la guitarra barroca a les mans de Maike Burgdorf, acompanyades de les ovelles de Mas Casas!  Concert solidari per ajudar a substituir els teulats de la granja malmesos per l'impacte de la hist\u00f2rica pedregada de la zona de la Bisbal d'Empord\u00e0 del passat 30 d'agost de 2022.","og_url":"https:\/\/mascasascruilles.cat\/es\/producto\/concert-de-musica-barroca-12-03-2022\/","og_site_name":"Mas Casas Cru\u00eflles","article_modified_time":"2023-03-12T07:42:28+00:00","og_image":[{"width":1385,"height":780,"url":"https:\/\/mascasascruilles.cat\/wp-content\/uploads\/2023\/02\/WhatsApp-Image-2022-09-01-at-22.23.14.jpeg","type":"image\/jpeg"}],"twitter_card":"summary_large_image","twitter_misc":{"Tiempo de lectura":"3 minutos"},"schema":{"@context":"https:\/\/schema.org","@graph":[{"@type":"WebPage","@id":"https:\/\/mascasascruilles.cat\/producte\/concert-de-musica-barroca-12-03-2022\/","url":"https:\/\/mascasascruilles.cat\/producte\/concert-de-musica-barroca-12-03-2022\/","name":"Concert de m\u00fasica barroca entre ovelles - 12\/03\/2022 - Mas Casas Cru\u00eflles","isPartOf":{"@id":"https:\/\/mascasascruilles.cat\/#website"},"primaryImageOfPage":{"@id":"https:\/\/mascasascruilles.cat\/producte\/concert-de-musica-barroca-12-03-2022\/#primaryimage"},"image":{"@id":"https:\/\/mascasascruilles.cat\/producte\/concert-de-musica-barroca-12-03-2022\/#primaryimage"},"thumbnailUrl":"https:\/\/mascasascruilles.cat\/wp-content\/uploads\/2023\/02\/WhatsApp-Image-2022-09-01-at-22.23.14.jpeg","datePublished":"2023-02-22T15:50:53+00:00","dateModified":"2023-03-12T07:42:28+00:00","breadcrumb":{"@id":"https:\/\/mascasascruilles.cat\/producte\/concert-de-musica-barroca-12-03-2022\/#breadcrumb"},"inLanguage":"es","potentialAction":[{"@type":"ReadAction","target":["https:\/\/mascasascruilles.cat\/producte\/concert-de-musica-barroca-12-03-2022\/"]}]},{"@type":"ImageObject","inLanguage":"es","@id":"https:\/\/mascasascruilles.cat\/producte\/concert-de-musica-barroca-12-03-2022\/#primaryimage","url":"https:\/\/mascasascruilles.cat\/wp-content\/uploads\/2023\/02\/WhatsApp-Image-2022-09-01-at-22.23.14.jpeg","contentUrl":"https:\/\/mascasascruilles.cat\/wp-content\/uploads\/2023\/02\/WhatsApp-Image-2022-09-01-at-22.23.14.jpeg","width":1385,"height":780},{"@type":"BreadcrumbList","@id":"https:\/\/mascasascruilles.cat\/producte\/concert-de-musica-barroca-12-03-2022\/#breadcrumb","itemListElement":[{"@type":"ListItem","position":1,"name":"Inici","item":"https:\/\/mascasascruilles.cat\/"},{"@type":"ListItem","position":2,"name":"Botiga","item":"https:\/\/mascasascruilles.cat\/botiga\/"},{"@type":"ListItem","position":3,"name":"Concert de m\u00fasica barroca entre ovelles &#8211; 12\/03\/2022"}]},{"@type":"WebSite","@id":"https:\/\/mascasascruilles.cat\/#website","url":"https:\/\/mascasascruilles.cat\/","name":"Mas Casas Cru\u00eflles","description":"Granja familiar con ovejas en Empord\u00e0","publisher":{"@id":"https:\/\/mascasascruilles.cat\/#organization"},"potentialAction":[{"@type":"SearchAction","target":{"@type":"EntryPoint","urlTemplate":"https:\/\/mascasascruilles.cat\/?s={search_term_string}"},"query-input":{"@type":"PropertyValueSpecification","valueRequired":true,"valueName":"search_term_string"}}],"inLanguage":"es"},{"@type":"Organization","@id":"https:\/\/mascasascruilles.cat\/#organization","name":"Mas Casas Cru\u00eflles","url":"https:\/\/mascasascruilles.cat\/","logo":{"@type":"ImageObject","inLanguage":"es","@id":"https:\/\/mascasascruilles.cat\/#\/schema\/logo\/image\/","url":"https:\/\/mascasascruilles.cat\/wp-content\/uploads\/2022\/02\/cropped-logo_mascasas_negre.jpg","contentUrl":"https:\/\/mascasascruilles.cat\/wp-content\/uploads\/2022\/02\/cropped-logo_mascasas_negre.jpg","width":756,"height":756,"caption":"Mas Casas Cru\u00eflles"},"image":{"@id":"https:\/\/mascasascruilles.cat\/#\/schema\/logo\/image\/"}}]}},"taxonomy_info":{"product_cat":[{"value":27,"label":"Experi\u00e8ncies"}]},"featured_image_src_large":["https:\/\/mascasascruilles.cat\/wp-content\/uploads\/2023\/02\/WhatsApp-Image-2022-09-01-at-22.23.14-1024x577.jpeg",1024,577,true],"author_info":[],"comment_info":"","_links":{"self":[{"href":"https:\/\/mascasascruilles.cat\/es\/wp-json\/wp\/v2\/product\/2529","targetHints":{"allow":["GET"]}}],"collection":[{"href":"https:\/\/mascasascruilles.cat\/es\/wp-json\/wp\/v2\/product"}],"about":[{"href":"https:\/\/mascasascruilles.cat\/es\/wp-json\/wp\/v2\/types\/product"}],"wp:featuredmedia":[{"embeddable":true,"href":"https:\/\/mascasascruilles.cat\/es\/wp-json\/wp\/v2\/media\/2531"}],"wp:attachment":[{"href":"https:\/\/mascasascruilles.cat\/es\/wp-json\/wp\/v2\/media?parent=2529"}],"wp:term":[{"taxonomy":"product_brand","embeddable":true,"href":"https:\/\/mascasascruilles.cat\/es\/wp-json\/wp\/v2\/product_brand?post=2529"},{"taxonomy":"product_cat","embeddable":true,"href":"https:\/\/mascasascruilles.cat\/es\/wp-json\/wp\/v2\/product_cat?post=2529"},{"taxonomy":"product_tag","embeddable":true,"href":"https:\/\/mascasascruilles.cat\/es\/wp-json\/wp\/v2\/product_tag?post=2529"}],"curies":[{"name":"wp","href":"https:\/\/api.w.org\/{rel}","templated":true}]}}