{"id":2584,"date":"2023-03-27T11:40:03","date_gmt":"2023-03-27T09:40:03","guid":{"rendered":"https:\/\/mascasascruilles.cat\/?post_type=product&#038;p=2584"},"modified":"2023-07-26T08:04:44","modified_gmt":"2023-07-26T06:04:44","slug":"visita-guiada-a-la-granja","status":"publish","type":"product","link":"https:\/\/mascasascruilles.cat\/es\/producto\/visita-guiada-a-la-granja\/","title":{"rendered":"Visita guiada a la granja"},"content":{"rendered":"<p><strong>\u00a1Visita una granja donde todo gira alrededor de una oveja!<\/strong><\/p>\n<p>La visita guiada a la granja de Mas Casas, en Cru\u00eflles, es una forma de explicar la importancia de la ganader\u00eda extensiva, el aprovechamiento de los recursos naturales y el consumo de productos de proximidad.<\/p>\n<p>La visita empieza descubriendo la vida existente en los primeros 30cm de la tierra, donde viven todos los microorganismos que generan vida en el planeta, y la importancia del pasto de un reba\u00f1o de ovejas para combatir el cambio clim\u00e1tico.<\/p>\n<p>A continuaci\u00f3n, se explica c\u00f3mo se cuida un reba\u00f1o de ovejas, respetando los ritmos vitales naturales de los animales. Tambi\u00e9n se explican curiosidades sobre este animal y se ofrece la posibilidad de tocar un cordero.<\/p>\n<p>Por \u00faltimo, se explican la variedad de productos que se pueden obtener a partir de una oveja: carne de cordero, pieles, lana y leche.<\/p>\n<p>Durante la actividad, apta para todas las edades, se transita por distintos espacios al aire libre o cerrados de la granja. La sala de orde\u00f1o y el obrador l\u00e1cteo no son visitables.<\/p>\n<p>Adem\u00e1s, antes o despu\u00e9s de la visita, si lo desea, podr\u00e1 disfrutar de nuestro espacio de ocio y de nuestros productos.<\/p>\n<ul>\n<li>Actividad en catal\u00e1n, castellano, ingl\u00e9s y\/o franc\u00e9s.<\/li>\n<li>No se admiten animales de compa\u00f1\u00eda en la finca, excepto los perros lazarillo.<\/li>\n<li>Posibilidad de organizar visitas guiadas otros d\u00edas no programados con un m\u00ednimo de 4 personas mayores de 12 a\u00f1os<\/li>\n<\/ul>","protected":false},"excerpt":{"rendered":"<p><strong>\u00a1Visita una granja donde todo gira alrededor de una oveja!<\/strong><\/p>\n<p>La visita comienza descubriendo la vida existente en la tierra y la importancia del pasto de un reba\u00f1o de ovejas para combatir el cambio clim\u00e1tico. A continuaci\u00f3n, se explica c\u00f3mo se cuida un reba\u00f1o de ovejas, con posibilidad de tocar un cordero. Por \u00faltimo, se explican la variedad de productos que se pueden obtener a partir de una oveja: carne de cordero, pieles, lana y leche. La visita es una forma de explicar la importancia de la ganader\u00eda extensiva, el aprovechamiento de los recursos naturales y el consumo de productos de proximidad.<\/p>\n<p>Actividad apta para todas las edades. Gratuidad para ni\u00f1os de hasta 12 a\u00f1os.<\/p>\n<p><strong><a style=\"color: red;\" href=\"https:\/\/mascasascruilles.cat\/es\/mep_cat\/visita-guiada-a-la-granja\/\">Consulta pr\u00f3ximas fechas<\/a><\/strong><\/p>","protected":false},"featured_media":1448,"template":"","meta":{"_kad_blocks_custom_css":"","_kad_blocks_head_custom_js":"","_kad_blocks_body_custom_js":"","_kad_blocks_footer_custom_js":"","_kadence_starter_templates_imported_post":false,"_kad_post_transparent":"default","_kad_post_title":"","_kad_post_layout":"default","_kad_post_sidebar_id":"","_kad_post_content_style":"default","_kad_post_vertical_padding":"default","_kad_post_feature":"","_kad_post_feature_position":"","_kad_post_header":false,"_kad_post_footer":false,"_kad_post_classname":""},"product_brand":[],"product_cat":[27],"product_tag":[],"class_list":{"0":"post-2584","1":"product","2":"type-product","3":"status-publish","4":"has-post-thumbnail","6":"product_cat-experiencies","8":"first","9":"outofstock","10":"virtual","11":"taxable","12":"purchasable","13":"product-type-ticket-event","14":"entry","15":"content-bg","16":"loop-entry"},"yoast_head":"<!-- This site is optimized with the Yoast SEO plugin v27.4 - https:\/\/yoast.com\/product\/yoast-seo-wordpress\/ -->\n<title>Visita guiada a la granja - Mas Casas Cru\u00eflles<\/title>\n<meta name=\"robots\" content=\"index, follow, max-snippet:-1, max-image-preview:large, max-video-preview:-1\" \/>\n<link rel=\"canonical\" href=\"https:\/\/mascasascruilles.cat\/es\/producto\/visita-guiada-a-la-granja\/\" \/>\n<meta property=\"og:locale\" content=\"es_ES\" \/>\n<meta property=\"og:type\" content=\"article\" \/>\n<meta property=\"og:title\" content=\"Visita guiada a la granja - Mas Casas Cru\u00eflles\" \/>\n<meta property=\"og:description\" content=\"Visita una granja on tot gira al voltant d\u2019una ovella!  La visita comen\u00e7a descobrint la vida existent dins la terra i la import\u00e0ncia de la pastura d&#039;un ramat d&#039;ovelles per combatre el canvi clim\u00e0tic. A continuaci\u00f3, s&#039;explica com es cuida un ramat d&#039;ovelles, amb possibilitat de tocar un xai. Per acabar, s&#039;expliquen la varietat de productes que es poden obtenir a partir d&#039;una ovella: carn de xai, pells, llana i llet. La visita \u00e9s una manera d\u2019explicar la import\u00e0ncia de la ramaderia extensiva, l\u2019aprofitament dels recursos naturals i el consum de productes de proximitat.  Activitat apta per a totes les edats. Gratu\u00eftat per a infants fins a 12 anys.  Consulta properes dates\" \/>\n<meta property=\"og:url\" content=\"https:\/\/mascasascruilles.cat\/es\/producto\/visita-guiada-a-la-granja\/\" \/>\n<meta property=\"og:site_name\" content=\"Mas Casas Cru\u00eflles\" \/>\n<meta property=\"article:modified_time\" content=\"2023-07-26T06:04:44+00:00\" \/>\n<meta property=\"og:image\" content=\"https:\/\/mascasascruilles.cat\/wp-content\/uploads\/2022\/02\/@MasCasasCruilles-Xai-corral-ow8ys67d2mwnr4n3jjgwnik1honszoq9azja6slxh4.jpg\" \/>\n\t<meta property=\"og:image:width\" content=\"500\" \/>\n\t<meta property=\"og:image:height\" content=\"300\" \/>\n\t<meta property=\"og:image:type\" content=\"image\/jpeg\" \/>\n<meta name=\"twitter:card\" content=\"summary_large_image\" \/>\n<meta name=\"twitter:label1\" content=\"Tiempo de lectura\" \/>\n\t<meta name=\"twitter:data1\" content=\"2 minutos\" \/>\n<script type=\"application\/ld+json\" class=\"yoast-schema-graph\">{\"@context\":\"https:\\\/\\\/schema.org\",\"@graph\":[{\"@type\":\"WebPage\",\"@id\":\"https:\\\/\\\/mascasascruilles.cat\\\/producte\\\/visita-guiada-a-la-granja\\\/\",\"url\":\"https:\\\/\\\/mascasascruilles.cat\\\/producte\\\/visita-guiada-a-la-granja\\\/\",\"name\":\"Visita guiada a la granja - Mas Casas Cru\u00eflles\",\"isPartOf\":{\"@id\":\"https:\\\/\\\/mascasascruilles.cat\\\/#website\"},\"primaryImageOfPage\":{\"@id\":\"https:\\\/\\\/mascasascruilles.cat\\\/producte\\\/visita-guiada-a-la-granja\\\/#primaryimage\"},\"image\":{\"@id\":\"https:\\\/\\\/mascasascruilles.cat\\\/producte\\\/visita-guiada-a-la-granja\\\/#primaryimage\"},\"thumbnailUrl\":\"https:\\\/\\\/mascasascruilles.cat\\\/wp-content\\\/uploads\\\/2022\\\/02\\\/@MasCasasCruilles-Xai-corral-ow8ys67d2mwnr4n3jjgwnik1honszoq9azja6slxh4.jpg\",\"datePublished\":\"2023-03-27T09:40:03+00:00\",\"dateModified\":\"2023-07-26T06:04:44+00:00\",\"breadcrumb\":{\"@id\":\"https:\\\/\\\/mascasascruilles.cat\\\/producte\\\/visita-guiada-a-la-granja\\\/#breadcrumb\"},\"inLanguage\":\"es\",\"potentialAction\":[{\"@type\":\"ReadAction\",\"target\":[\"https:\\\/\\\/mascasascruilles.cat\\\/producte\\\/visita-guiada-a-la-granja\\\/\"]}]},{\"@type\":\"ImageObject\",\"inLanguage\":\"es\",\"@id\":\"https:\\\/\\\/mascasascruilles.cat\\\/producte\\\/visita-guiada-a-la-granja\\\/#primaryimage\",\"url\":\"https:\\\/\\\/mascasascruilles.cat\\\/wp-content\\\/uploads\\\/2022\\\/02\\\/@MasCasasCruilles-Xai-corral-ow8ys67d2mwnr4n3jjgwnik1honszoq9azja6slxh4.jpg\",\"contentUrl\":\"https:\\\/\\\/mascasascruilles.cat\\\/wp-content\\\/uploads\\\/2022\\\/02\\\/@MasCasasCruilles-Xai-corral-ow8ys67d2mwnr4n3jjgwnik1honszoq9azja6slxh4.jpg\",\"width\":500,\"height\":300},{\"@type\":\"BreadcrumbList\",\"@id\":\"https:\\\/\\\/mascasascruilles.cat\\\/producte\\\/visita-guiada-a-la-granja\\\/#breadcrumb\",\"itemListElement\":[{\"@type\":\"ListItem\",\"position\":1,\"name\":\"Inici\",\"item\":\"https:\\\/\\\/mascasascruilles.cat\\\/\"},{\"@type\":\"ListItem\",\"position\":2,\"name\":\"Botiga\",\"item\":\"https:\\\/\\\/mascasascruilles.cat\\\/botiga\\\/\"},{\"@type\":\"ListItem\",\"position\":3,\"name\":\"Visita guiada a la granja\"}]},{\"@type\":\"WebSite\",\"@id\":\"https:\\\/\\\/mascasascruilles.cat\\\/#website\",\"url\":\"https:\\\/\\\/mascasascruilles.cat\\\/\",\"name\":\"Mas Casas Cru\u00eflles\",\"description\":\"Granja familiar amb ovelles a Empord\u00e0\",\"publisher\":{\"@id\":\"https:\\\/\\\/mascasascruilles.cat\\\/#organization\"},\"potentialAction\":[{\"@type\":\"SearchAction\",\"target\":{\"@type\":\"EntryPoint\",\"urlTemplate\":\"https:\\\/\\\/mascasascruilles.cat\\\/?s={search_term_string}\"},\"query-input\":{\"@type\":\"PropertyValueSpecification\",\"valueRequired\":true,\"valueName\":\"search_term_string\"}}],\"inLanguage\":\"es\"},{\"@type\":\"Organization\",\"@id\":\"https:\\\/\\\/mascasascruilles.cat\\\/#organization\",\"name\":\"Mas Casas Cru\u00eflles\",\"url\":\"https:\\\/\\\/mascasascruilles.cat\\\/\",\"logo\":{\"@type\":\"ImageObject\",\"inLanguage\":\"es\",\"@id\":\"https:\\\/\\\/mascasascruilles.cat\\\/#\\\/schema\\\/logo\\\/image\\\/\",\"url\":\"https:\\\/\\\/mascasascruilles.cat\\\/wp-content\\\/uploads\\\/2022\\\/02\\\/cropped-logo_mascasas_negre.jpg\",\"contentUrl\":\"https:\\\/\\\/mascasascruilles.cat\\\/wp-content\\\/uploads\\\/2022\\\/02\\\/cropped-logo_mascasas_negre.jpg\",\"width\":756,\"height\":756,\"caption\":\"Mas Casas Cru\u00eflles\"},\"image\":{\"@id\":\"https:\\\/\\\/mascasascruilles.cat\\\/#\\\/schema\\\/logo\\\/image\\\/\"}}]}<\/script>\n<!-- \/ Yoast SEO plugin. -->","yoast_head_json":{"title":"Visita guiada a la granja - Mas Casas Cru\u00eflles","robots":{"index":"index","follow":"follow","max-snippet":"max-snippet:-1","max-image-preview":"max-image-preview:large","max-video-preview":"max-video-preview:-1"},"canonical":"https:\/\/mascasascruilles.cat\/es\/producto\/visita-guiada-a-la-granja\/","og_locale":"es_ES","og_type":"article","og_title":"Visita guiada a la granja - Mas Casas Cru\u00eflles","og_description":"Visita una granja on tot gira al voltant d\u2019una ovella!  La visita comen\u00e7a descobrint la vida existent dins la terra i la import\u00e0ncia de la pastura d'un ramat d'ovelles per combatre el canvi clim\u00e0tic. A continuaci\u00f3, s'explica com es cuida un ramat d'ovelles, amb possibilitat de tocar un xai. Per acabar, s'expliquen la varietat de productes que es poden obtenir a partir d'una ovella: carn de xai, pells, llana i llet. La visita \u00e9s una manera d\u2019explicar la import\u00e0ncia de la ramaderia extensiva, l\u2019aprofitament dels recursos naturals i el consum de productes de proximitat.  Activitat apta per a totes les edats. Gratu\u00eftat per a infants fins a 12 anys.  Consulta properes dates","og_url":"https:\/\/mascasascruilles.cat\/es\/producto\/visita-guiada-a-la-granja\/","og_site_name":"Mas Casas Cru\u00eflles","article_modified_time":"2023-07-26T06:04:44+00:00","og_image":[{"width":500,"height":300,"url":"https:\/\/mascasascruilles.cat\/wp-content\/uploads\/2022\/02\/@MasCasasCruilles-Xai-corral-ow8ys67d2mwnr4n3jjgwnik1honszoq9azja6slxh4.jpg","type":"image\/jpeg"}],"twitter_card":"summary_large_image","twitter_misc":{"Tiempo de lectura":"2 minutos"},"schema":{"@context":"https:\/\/schema.org","@graph":[{"@type":"WebPage","@id":"https:\/\/mascasascruilles.cat\/producte\/visita-guiada-a-la-granja\/","url":"https:\/\/mascasascruilles.cat\/producte\/visita-guiada-a-la-granja\/","name":"Visita guiada a la granja - Mas Casas Cru\u00eflles","isPartOf":{"@id":"https:\/\/mascasascruilles.cat\/#website"},"primaryImageOfPage":{"@id":"https:\/\/mascasascruilles.cat\/producte\/visita-guiada-a-la-granja\/#primaryimage"},"image":{"@id":"https:\/\/mascasascruilles.cat\/producte\/visita-guiada-a-la-granja\/#primaryimage"},"thumbnailUrl":"https:\/\/mascasascruilles.cat\/wp-content\/uploads\/2022\/02\/@MasCasasCruilles-Xai-corral-ow8ys67d2mwnr4n3jjgwnik1honszoq9azja6slxh4.jpg","datePublished":"2023-03-27T09:40:03+00:00","dateModified":"2023-07-26T06:04:44+00:00","breadcrumb":{"@id":"https:\/\/mascasascruilles.cat\/producte\/visita-guiada-a-la-granja\/#breadcrumb"},"inLanguage":"es","potentialAction":[{"@type":"ReadAction","target":["https:\/\/mascasascruilles.cat\/producte\/visita-guiada-a-la-granja\/"]}]},{"@type":"ImageObject","inLanguage":"es","@id":"https:\/\/mascasascruilles.cat\/producte\/visita-guiada-a-la-granja\/#primaryimage","url":"https:\/\/mascasascruilles.cat\/wp-content\/uploads\/2022\/02\/@MasCasasCruilles-Xai-corral-ow8ys67d2mwnr4n3jjgwnik1honszoq9azja6slxh4.jpg","contentUrl":"https:\/\/mascasascruilles.cat\/wp-content\/uploads\/2022\/02\/@MasCasasCruilles-Xai-corral-ow8ys67d2mwnr4n3jjgwnik1honszoq9azja6slxh4.jpg","width":500,"height":300},{"@type":"BreadcrumbList","@id":"https:\/\/mascasascruilles.cat\/producte\/visita-guiada-a-la-granja\/#breadcrumb","itemListElement":[{"@type":"ListItem","position":1,"name":"Inici","item":"https:\/\/mascasascruilles.cat\/"},{"@type":"ListItem","position":2,"name":"Botiga","item":"https:\/\/mascasascruilles.cat\/botiga\/"},{"@type":"ListItem","position":3,"name":"Visita guiada a la granja"}]},{"@type":"WebSite","@id":"https:\/\/mascasascruilles.cat\/#website","url":"https:\/\/mascasascruilles.cat\/","name":"Mas Casas Cru\u00eflles","description":"Granja familiar con ovejas en Empord\u00e0","publisher":{"@id":"https:\/\/mascasascruilles.cat\/#organization"},"potentialAction":[{"@type":"SearchAction","target":{"@type":"EntryPoint","urlTemplate":"https:\/\/mascasascruilles.cat\/?s={search_term_string}"},"query-input":{"@type":"PropertyValueSpecification","valueRequired":true,"valueName":"search_term_string"}}],"inLanguage":"es"},{"@type":"Organization","@id":"https:\/\/mascasascruilles.cat\/#organization","name":"Mas Casas Cru\u00eflles","url":"https:\/\/mascasascruilles.cat\/","logo":{"@type":"ImageObject","inLanguage":"es","@id":"https:\/\/mascasascruilles.cat\/#\/schema\/logo\/image\/","url":"https:\/\/mascasascruilles.cat\/wp-content\/uploads\/2022\/02\/cropped-logo_mascasas_negre.jpg","contentUrl":"https:\/\/mascasascruilles.cat\/wp-content\/uploads\/2022\/02\/cropped-logo_mascasas_negre.jpg","width":756,"height":756,"caption":"Mas Casas Cru\u00eflles"},"image":{"@id":"https:\/\/mascasascruilles.cat\/#\/schema\/logo\/image\/"}}]}},"taxonomy_info":{"product_cat":[{"value":27,"label":"Experi\u00e8ncies"}]},"featured_image_src_large":["https:\/\/mascasascruilles.cat\/wp-content\/uploads\/2022\/02\/@MasCasasCruilles-Xai-corral-ow8ys67d2mwnr4n3jjgwnik1honszoq9azja6slxh4.jpg",500,300,false],"author_info":[],"comment_info":"","_links":{"self":[{"href":"https:\/\/mascasascruilles.cat\/es\/wp-json\/wp\/v2\/product\/2584","targetHints":{"allow":["GET"]}}],"collection":[{"href":"https:\/\/mascasascruilles.cat\/es\/wp-json\/wp\/v2\/product"}],"about":[{"href":"https:\/\/mascasascruilles.cat\/es\/wp-json\/wp\/v2\/types\/product"}],"wp:featuredmedia":[{"embeddable":true,"href":"https:\/\/mascasascruilles.cat\/es\/wp-json\/wp\/v2\/media\/1448"}],"wp:attachment":[{"href":"https:\/\/mascasascruilles.cat\/es\/wp-json\/wp\/v2\/media?parent=2584"}],"wp:term":[{"taxonomy":"product_brand","embeddable":true,"href":"https:\/\/mascasascruilles.cat\/es\/wp-json\/wp\/v2\/product_brand?post=2584"},{"taxonomy":"product_cat","embeddable":true,"href":"https:\/\/mascasascruilles.cat\/es\/wp-json\/wp\/v2\/product_cat?post=2584"},{"taxonomy":"product_tag","embeddable":true,"href":"https:\/\/mascasascruilles.cat\/es\/wp-json\/wp\/v2\/product_tag?post=2584"}],"curies":[{"name":"wp","href":"https:\/\/api.w.org\/{rel}","templated":true}]}}