{"id":2596,"date":"2023-03-29T23:26:28","date_gmt":"2023-03-29T21:26:28","guid":{"rendered":"https:\/\/mascasascruilles.cat\/?post_type=product&#038;p=2596"},"modified":"2023-05-07T09:44:34","modified_gmt":"2023-05-07T07:44:34","slug":"dia-de-lesquilada-07-05-2023","status":"publish","type":"product","link":"https:\/\/mascasascruilles.cat\/es\/producto\/dia-de-lesquilada-07-05-2023\/","title":{"rendered":"D\u00eda de la esquilada \u2013 07\/05\/2023"},"content":{"rendered":"<p><strong><span style=\"color: #212121; font-family: Roboto, RobotoDraft, Helvetica, Arial, sans-serif; font-size: 14px; font-style: normal; font-variant-ligatures: normal; font-variant-caps: normal; white-space: pre-wrap;\">\u00a1Conoce el proceso de la lana, de la oveja hasta un producto final!<\/span><\/strong><\/p>\n<p style=\"color: #212121; font-family: Roboto, RobotoDraft, Helvetica, Arial, sans-serif; font-size: 14px; font-style: normal; font-variant-ligatures: normal; font-variant-caps: normal; font-weight: 400; white-space: pre-wrap;\">La lana es una fibra natural que se obtiene de las ovejas mediante un proceso llamado esquella. Los esquiladores profesionales cortan muy cerca de la piel con esquiladoras mec\u00e1nicas. Las ovejas no sufren, por el contrario, agradecen la liberaci\u00f3n de peso y capa para pasar un verano m\u00e1s fresco. Nuestras ovejas se esquilan una vez al a\u00f1o, en primavera (normalmente en mayo). En tiempos antiguos, el d\u00eda de la esquilada era una gran fiesta con una buena comida.<\/p>\n<p>El d\u00eda de la esquilada en Mas Casas se convierte en la fiesta de la lana, una oportunidad para aprender y disfrutar de este material y todos los oficios que le rodean solo\/ao acompa\u00f1ado\/da de la familia y\/o amigos.<\/p>\n<p style=\"color: #212121; font-family: Roboto, RobotoDraft, Helvetica, Arial, sans-serif; font-size: 14px; font-style: normal; font-variant-ligatures: normal; font-variant-caps: normal; font-weight: 400; white-space: pre-wrap;\">Ofrecemos la posibilidad de visitar Mas Casas Cru\u00eflles el d\u00eda de la esquilada, durante el cual podr\u00e1s:<\/p>\n<ul>\n<li style=\"color: #212121; font-family: Roboto, RobotoDraft, Helvetica, Arial, sans-serif; font-size: 14px; font-style: normal; font-variant-ligatures: normal; font-variant-caps: normal; font-weight: 400; white-space: pre-wrap;\"><span style=\"font-family: Roboto, RobotoDraft, Helvetica, Arial, sans-serif; font-size: 14px; font-style: normal; font-variant-ligatures: normal; font-variant-caps: normal; font-weight: 400;\">Ver c\u00f3mo trabajan los esquiladores<\/span><\/li>\n<li style=\"color: #212121; font-family: Roboto, RobotoDraft, Helvetica, Arial, sans-serif; font-size: 14px; font-style: normal; font-variant-ligatures: normal; font-variant-caps: normal; font-weight: 400; white-space: pre-wrap;\"><span style=\"font-family: Roboto, RobotoDraft, Helvetica, Arial, sans-serif; font-size: 14px; font-style: normal; font-variant-ligatures: normal; font-variant-caps: normal; font-weight: 400;\">Aprender sobre la lana, sus propiedades y sus usos actuales<\/span><\/li>\n<li style=\"color: #212121; font-family: Roboto, RobotoDraft, Helvetica, Arial, sans-serif; font-size: 14px; font-style: normal; font-variant-ligatures: normal; font-variant-caps: normal; font-weight: 400; white-space: pre-wrap;\"><span style=\"font-family: Roboto, RobotoDraft, Helvetica, Arial, sans-serif; font-size: 14px; font-style: normal; font-variant-ligatures: normal; font-variant-caps: normal; font-weight: 400;\">Participar en diversos talleres para follar, fieltrar, tejer\u2026<\/span><\/li>\n<li><span style=\"font-family: Roboto, RobotoDraft, Helvetica, Arial, sans-serif; font-size: 14px; font-style: normal; font-variant-ligatures: normal; font-variant-caps: normal; font-weight: 400;\">Conocer nuestro proyecto de ganader\u00eda sostenible<\/span><\/li>\n<li><span style=\"font-family: Roboto, RobotoDraft, Helvetica, Arial, sans-serif; font-size: 14px; font-style: normal; font-variant-ligatures: normal; font-variant-caps: normal; font-weight: 400;\">Probar nuestros productos l\u00e1cteos<\/span><\/li>\n<li style=\"font-variant-ligatures: normal; font-variant-caps: normal; font-family: Roboto, RobotoDraft, Helvetica, Arial, sans-serif; font-size: 14px; font-style: normal; font-weight: 400; color: #212121; white-space: pre-wrap;\"><span style=\"font-variant-ligatures: normal; font-variant-caps: normal; font-family: Roboto, RobotoDraft, Helvetica, Arial, sans-serif; font-size: 14px; font-style: normal; font-weight: 400;\">Disfrutar de un espacio al aire libre y en familia en nuestro espacio de ocio<\/span><\/li>\n<li style=\"font-variant-ligatures: normal; font-variant-caps: normal; font-family: Roboto, RobotoDraft, Helvetica, Arial, sans-serif; font-size: 14px; font-style: normal; font-weight: 400; color: #212121; white-space: pre-wrap;\"><span style=\"font-variant-ligatures: normal; font-variant-caps: normal; font-family: Roboto, RobotoDraft, Helvetica, Arial, sans-serif; font-size: 14px; font-style: normal; font-weight: 400;\">Comprar nuestros productos en torno a una oveja<\/span><\/li>\n<\/ul>\n<p>&nbsp;<\/p>\n<p>A tener en cuenta que:<\/p>\n<ul>\n<li>El horario de visita es de 10 ha 14 h.<\/li>\n<li>Actividad al aire libre. Recomendamos venir con ropa c\u00f3moda, llevar gorro y crema de protecci\u00f3n solar puesta.<\/li>\n<li>Actividad apta para todas las edades.<\/li>\n<li>No se admiten animales de compa\u00f1\u00eda en la finca, excepto los perros lazarillo.<\/li>\n<li>En caso de lluvia, la actividad se pospondr\u00e1 a otra fecha.<\/li>\n<li>Gratuidad para ni\u00f1os menores de 3 a\u00f1os y para ni\u00f1os portadores del carn\u00e9 SX3.<\/li>\n<\/ul>","protected":false},"excerpt":{"rendered":"<p><strong><span style=\"color: #212121; font-family: Roboto, RobotoDraft, Helvetica, Arial, sans-serif; font-size: 14px; font-style: normal; font-variant-ligatures: normal; font-variant-caps: normal; white-space: pre-wrap;\">\u00a1Conoce el proceso de la lana, de la oveja hasta un producto final!<\/span><\/strong><\/p>\n<p style=\"color: #212121; font-family: Roboto, RobotoDraft, Helvetica, Arial, sans-serif; font-size: 14px; font-style: normal; font-variant-ligatures: normal; font-variant-caps: normal; font-weight: 400; white-space: pre-wrap;\">Visita Mas Casas en Cru\u00eflles el D\u00eda de la esquilada, la gran fiesta de la lana en la granja, durante el cual podr\u00e1s conocer nuestro proyecto de ganader\u00eda sostenible, ver c\u00f3mo trabajan los esquiladores, aprender sobre la lana, sus propiedades y los sus usos actuales, participar en diversos talleres de lana, probar nuestros productos l\u00e1cteos, disfrutar de un espacio al aire libre en familia y\/o amigos y comprar nuestros productos en torno a una oveja.<\/p>\n<p style=\"color: #212121; font-family: Roboto, RobotoDraft, Helvetica, Arial, sans-serif; font-size: 14px; font-style: normal; font-variant-ligatures: normal; font-variant-caps: normal; font-weight: 400; white-space: pre-wrap;\">Actividad matinal al aire libre para todas las edades.<\/p>\n<p style=\"color: #212121; font-family: Roboto, RobotoDraft, Helvetica, Arial, sans-serif; font-size: 14px; font-style: normal; font-variant-ligatures: normal; font-variant-caps: normal; font-weight: 400; white-space: pre-wrap;\">Gratuidad para ni\u00f1os menores de 3 a\u00f1os y para ni\u00f1os portadores del carn\u00e9 SX3.<\/p>","protected":false},"featured_media":1509,"template":"","meta":{"_kad_blocks_custom_css":"","_kad_blocks_head_custom_js":"","_kad_blocks_body_custom_js":"","_kad_blocks_footer_custom_js":"","_kadence_starter_templates_imported_post":false,"_kad_post_transparent":"","_kad_post_title":"","_kad_post_layout":"","_kad_post_sidebar_id":"","_kad_post_content_style":"","_kad_post_vertical_padding":"","_kad_post_feature":"","_kad_post_feature_position":"","_kad_post_header":false,"_kad_post_footer":false,"_kad_post_classname":""},"product_brand":[],"product_cat":[27,44],"product_tag":[],"class_list":{"0":"post-2596","1":"product","2":"type-product","3":"status-publish","4":"has-post-thumbnail","6":"product_cat-experiencies","7":"product_cat-llana","9":"first","10":"instock","11":"virtual","12":"taxable","13":"product-type-ticket-event","14":"entry","15":"content-bg","16":"loop-entry"},"yoast_head":"<!-- This site is optimized with the Yoast SEO plugin v27.4 - https:\/\/yoast.com\/product\/yoast-seo-wordpress\/ -->\n<title>Dia de l&#039;esquilada - 07\/05\/2023 - Mas Casas Cru\u00eflles<\/title>\n<meta name=\"robots\" content=\"index, follow, max-snippet:-1, max-image-preview:large, max-video-preview:-1\" \/>\n<link rel=\"canonical\" href=\"https:\/\/mascasascruilles.cat\/es\/producto\/dia-de-lesquilada-07-05-2023\/\" \/>\n<meta property=\"og:locale\" content=\"es_ES\" \/>\n<meta property=\"og:type\" content=\"article\" \/>\n<meta property=\"og:title\" content=\"Dia de l&#039;esquilada - 07\/05\/2023 - Mas Casas Cru\u00eflles\" \/>\n<meta property=\"og:description\" content=\"Coneix el proc\u00e9s de la llana, de l\u2019ovella fins a un producte final! Visita Mas Casas a Cru\u00eflles el Dia de l&#039;esquilada, la gran festa de la llana a la granja, durant el qual podr\u00e0s con\u00e8ixer el nostre projecte de ramaderia sostenible, veure com treballen els esquiladors, aprendre sobre la llana, les seves propietats i els seus usos actuals, participar en diversos tallers de llana, tastar els nostres productes l\u00e0ctics, gaudir d&#039;un espai a l&#039;aire lliure en fam\u00edlia i\/o amics i comprar els nostres productes al voltant d&#039;una ovella. Activitat matinal a l&#039;aire lliure per a totes les edats. Gratu\u00eftat per a infants menors de 3 anys i per a infants portadors del carnet SX3.\" \/>\n<meta property=\"og:url\" content=\"https:\/\/mascasascruilles.cat\/es\/producto\/dia-de-lesquilada-07-05-2023\/\" \/>\n<meta property=\"og:site_name\" content=\"Mas Casas Cru\u00eflles\" \/>\n<meta property=\"article:modified_time\" content=\"2023-05-07T07:44:34+00:00\" \/>\n<meta property=\"og:image\" content=\"https:\/\/mascasascruilles.cat\/wp-content\/uploads\/2022\/02\/@MasCasasCruilles-detall-esquilada-1024x614-1.jpg\" \/>\n\t<meta property=\"og:image:width\" content=\"1024\" \/>\n\t<meta property=\"og:image:height\" content=\"614\" \/>\n\t<meta property=\"og:image:type\" content=\"image\/jpeg\" \/>\n<meta name=\"twitter:card\" content=\"summary_large_image\" \/>\n<meta name=\"twitter:label1\" content=\"Tiempo de lectura\" \/>\n\t<meta name=\"twitter:data1\" content=\"2 minutos\" \/>\n<script type=\"application\/ld+json\" class=\"yoast-schema-graph\">{\"@context\":\"https:\\\/\\\/schema.org\",\"@graph\":[{\"@type\":\"WebPage\",\"@id\":\"https:\\\/\\\/mascasascruilles.cat\\\/producte\\\/dia-de-lesquilada-07-05-2023\\\/\",\"url\":\"https:\\\/\\\/mascasascruilles.cat\\\/producte\\\/dia-de-lesquilada-07-05-2023\\\/\",\"name\":\"Dia de l'esquilada - 07\\\/05\\\/2023 - Mas Casas Cru\u00eflles\",\"isPartOf\":{\"@id\":\"https:\\\/\\\/mascasascruilles.cat\\\/#website\"},\"primaryImageOfPage\":{\"@id\":\"https:\\\/\\\/mascasascruilles.cat\\\/producte\\\/dia-de-lesquilada-07-05-2023\\\/#primaryimage\"},\"image\":{\"@id\":\"https:\\\/\\\/mascasascruilles.cat\\\/producte\\\/dia-de-lesquilada-07-05-2023\\\/#primaryimage\"},\"thumbnailUrl\":\"https:\\\/\\\/mascasascruilles.cat\\\/wp-content\\\/uploads\\\/2022\\\/02\\\/@MasCasasCruilles-detall-esquilada-1024x614-1.jpg\",\"datePublished\":\"2023-03-29T21:26:28+00:00\",\"dateModified\":\"2023-05-07T07:44:34+00:00\",\"breadcrumb\":{\"@id\":\"https:\\\/\\\/mascasascruilles.cat\\\/producte\\\/dia-de-lesquilada-07-05-2023\\\/#breadcrumb\"},\"inLanguage\":\"es\",\"potentialAction\":[{\"@type\":\"ReadAction\",\"target\":[\"https:\\\/\\\/mascasascruilles.cat\\\/producte\\\/dia-de-lesquilada-07-05-2023\\\/\"]}]},{\"@type\":\"ImageObject\",\"inLanguage\":\"es\",\"@id\":\"https:\\\/\\\/mascasascruilles.cat\\\/producte\\\/dia-de-lesquilada-07-05-2023\\\/#primaryimage\",\"url\":\"https:\\\/\\\/mascasascruilles.cat\\\/wp-content\\\/uploads\\\/2022\\\/02\\\/@MasCasasCruilles-detall-esquilada-1024x614-1.jpg\",\"contentUrl\":\"https:\\\/\\\/mascasascruilles.cat\\\/wp-content\\\/uploads\\\/2022\\\/02\\\/@MasCasasCruilles-detall-esquilada-1024x614-1.jpg\",\"width\":1024,\"height\":614},{\"@type\":\"BreadcrumbList\",\"@id\":\"https:\\\/\\\/mascasascruilles.cat\\\/producte\\\/dia-de-lesquilada-07-05-2023\\\/#breadcrumb\",\"itemListElement\":[{\"@type\":\"ListItem\",\"position\":1,\"name\":\"Inici\",\"item\":\"https:\\\/\\\/mascasascruilles.cat\\\/\"},{\"@type\":\"ListItem\",\"position\":2,\"name\":\"Botiga\",\"item\":\"https:\\\/\\\/mascasascruilles.cat\\\/botiga\\\/\"},{\"@type\":\"ListItem\",\"position\":3,\"name\":\"Dia de l&#8217;esquilada &#8211; 07\\\/05\\\/2023\"}]},{\"@type\":\"WebSite\",\"@id\":\"https:\\\/\\\/mascasascruilles.cat\\\/#website\",\"url\":\"https:\\\/\\\/mascasascruilles.cat\\\/\",\"name\":\"Mas Casas Cru\u00eflles\",\"description\":\"Granja familiar amb ovelles a Empord\u00e0\",\"publisher\":{\"@id\":\"https:\\\/\\\/mascasascruilles.cat\\\/#organization\"},\"potentialAction\":[{\"@type\":\"SearchAction\",\"target\":{\"@type\":\"EntryPoint\",\"urlTemplate\":\"https:\\\/\\\/mascasascruilles.cat\\\/?s={search_term_string}\"},\"query-input\":{\"@type\":\"PropertyValueSpecification\",\"valueRequired\":true,\"valueName\":\"search_term_string\"}}],\"inLanguage\":\"es\"},{\"@type\":\"Organization\",\"@id\":\"https:\\\/\\\/mascasascruilles.cat\\\/#organization\",\"name\":\"Mas Casas Cru\u00eflles\",\"url\":\"https:\\\/\\\/mascasascruilles.cat\\\/\",\"logo\":{\"@type\":\"ImageObject\",\"inLanguage\":\"es\",\"@id\":\"https:\\\/\\\/mascasascruilles.cat\\\/#\\\/schema\\\/logo\\\/image\\\/\",\"url\":\"https:\\\/\\\/mascasascruilles.cat\\\/wp-content\\\/uploads\\\/2022\\\/02\\\/cropped-logo_mascasas_negre.jpg\",\"contentUrl\":\"https:\\\/\\\/mascasascruilles.cat\\\/wp-content\\\/uploads\\\/2022\\\/02\\\/cropped-logo_mascasas_negre.jpg\",\"width\":756,\"height\":756,\"caption\":\"Mas Casas Cru\u00eflles\"},\"image\":{\"@id\":\"https:\\\/\\\/mascasascruilles.cat\\\/#\\\/schema\\\/logo\\\/image\\\/\"}}]}<\/script>\n<!-- \/ Yoast SEO plugin. -->","yoast_head_json":{"title":"Dia de l'esquilada - 07\/05\/2023 - Mas Casas Cru\u00eflles","robots":{"index":"index","follow":"follow","max-snippet":"max-snippet:-1","max-image-preview":"max-image-preview:large","max-video-preview":"max-video-preview:-1"},"canonical":"https:\/\/mascasascruilles.cat\/es\/producto\/dia-de-lesquilada-07-05-2023\/","og_locale":"es_ES","og_type":"article","og_title":"Dia de l'esquilada - 07\/05\/2023 - Mas Casas Cru\u00eflles","og_description":"Coneix el proc\u00e9s de la llana, de l\u2019ovella fins a un producte final! Visita Mas Casas a Cru\u00eflles el Dia de l'esquilada, la gran festa de la llana a la granja, durant el qual podr\u00e0s con\u00e8ixer el nostre projecte de ramaderia sostenible, veure com treballen els esquiladors, aprendre sobre la llana, les seves propietats i els seus usos actuals, participar en diversos tallers de llana, tastar els nostres productes l\u00e0ctics, gaudir d'un espai a l'aire lliure en fam\u00edlia i\/o amics i comprar els nostres productes al voltant d'una ovella. Activitat matinal a l'aire lliure per a totes les edats. Gratu\u00eftat per a infants menors de 3 anys i per a infants portadors del carnet SX3.","og_url":"https:\/\/mascasascruilles.cat\/es\/producto\/dia-de-lesquilada-07-05-2023\/","og_site_name":"Mas Casas Cru\u00eflles","article_modified_time":"2023-05-07T07:44:34+00:00","og_image":[{"width":1024,"height":614,"url":"https:\/\/mascasascruilles.cat\/wp-content\/uploads\/2022\/02\/@MasCasasCruilles-detall-esquilada-1024x614-1.jpg","type":"image\/jpeg"}],"twitter_card":"summary_large_image","twitter_misc":{"Tiempo de lectura":"2 minutos"},"schema":{"@context":"https:\/\/schema.org","@graph":[{"@type":"WebPage","@id":"https:\/\/mascasascruilles.cat\/producte\/dia-de-lesquilada-07-05-2023\/","url":"https:\/\/mascasascruilles.cat\/producte\/dia-de-lesquilada-07-05-2023\/","name":"Dia de l'esquilada - 07\/05\/2023 - Mas Casas Cru\u00eflles","isPartOf":{"@id":"https:\/\/mascasascruilles.cat\/#website"},"primaryImageOfPage":{"@id":"https:\/\/mascasascruilles.cat\/producte\/dia-de-lesquilada-07-05-2023\/#primaryimage"},"image":{"@id":"https:\/\/mascasascruilles.cat\/producte\/dia-de-lesquilada-07-05-2023\/#primaryimage"},"thumbnailUrl":"https:\/\/mascasascruilles.cat\/wp-content\/uploads\/2022\/02\/@MasCasasCruilles-detall-esquilada-1024x614-1.jpg","datePublished":"2023-03-29T21:26:28+00:00","dateModified":"2023-05-07T07:44:34+00:00","breadcrumb":{"@id":"https:\/\/mascasascruilles.cat\/producte\/dia-de-lesquilada-07-05-2023\/#breadcrumb"},"inLanguage":"es","potentialAction":[{"@type":"ReadAction","target":["https:\/\/mascasascruilles.cat\/producte\/dia-de-lesquilada-07-05-2023\/"]}]},{"@type":"ImageObject","inLanguage":"es","@id":"https:\/\/mascasascruilles.cat\/producte\/dia-de-lesquilada-07-05-2023\/#primaryimage","url":"https:\/\/mascasascruilles.cat\/wp-content\/uploads\/2022\/02\/@MasCasasCruilles-detall-esquilada-1024x614-1.jpg","contentUrl":"https:\/\/mascasascruilles.cat\/wp-content\/uploads\/2022\/02\/@MasCasasCruilles-detall-esquilada-1024x614-1.jpg","width":1024,"height":614},{"@type":"BreadcrumbList","@id":"https:\/\/mascasascruilles.cat\/producte\/dia-de-lesquilada-07-05-2023\/#breadcrumb","itemListElement":[{"@type":"ListItem","position":1,"name":"Inici","item":"https:\/\/mascasascruilles.cat\/"},{"@type":"ListItem","position":2,"name":"Botiga","item":"https:\/\/mascasascruilles.cat\/botiga\/"},{"@type":"ListItem","position":3,"name":"Dia de l&#8217;esquilada &#8211; 07\/05\/2023"}]},{"@type":"WebSite","@id":"https:\/\/mascasascruilles.cat\/#website","url":"https:\/\/mascasascruilles.cat\/","name":"Mas Casas Cru\u00eflles","description":"Granja familiar con ovejas en Empord\u00e0","publisher":{"@id":"https:\/\/mascasascruilles.cat\/#organization"},"potentialAction":[{"@type":"SearchAction","target":{"@type":"EntryPoint","urlTemplate":"https:\/\/mascasascruilles.cat\/?s={search_term_string}"},"query-input":{"@type":"PropertyValueSpecification","valueRequired":true,"valueName":"search_term_string"}}],"inLanguage":"es"},{"@type":"Organization","@id":"https:\/\/mascasascruilles.cat\/#organization","name":"Mas Casas Cru\u00eflles","url":"https:\/\/mascasascruilles.cat\/","logo":{"@type":"ImageObject","inLanguage":"es","@id":"https:\/\/mascasascruilles.cat\/#\/schema\/logo\/image\/","url":"https:\/\/mascasascruilles.cat\/wp-content\/uploads\/2022\/02\/cropped-logo_mascasas_negre.jpg","contentUrl":"https:\/\/mascasascruilles.cat\/wp-content\/uploads\/2022\/02\/cropped-logo_mascasas_negre.jpg","width":756,"height":756,"caption":"Mas Casas Cru\u00eflles"},"image":{"@id":"https:\/\/mascasascruilles.cat\/#\/schema\/logo\/image\/"}}]}},"taxonomy_info":{"product_cat":[{"value":27,"label":"Experi\u00e8ncies"},{"value":44,"label":"Llana"}]},"featured_image_src_large":["https:\/\/mascasascruilles.cat\/wp-content\/uploads\/2022\/02\/@MasCasasCruilles-detall-esquilada-1024x614-1.jpg",1024,614,false],"author_info":[],"comment_info":"","_links":{"self":[{"href":"https:\/\/mascasascruilles.cat\/es\/wp-json\/wp\/v2\/product\/2596","targetHints":{"allow":["GET"]}}],"collection":[{"href":"https:\/\/mascasascruilles.cat\/es\/wp-json\/wp\/v2\/product"}],"about":[{"href":"https:\/\/mascasascruilles.cat\/es\/wp-json\/wp\/v2\/types\/product"}],"wp:featuredmedia":[{"embeddable":true,"href":"https:\/\/mascasascruilles.cat\/es\/wp-json\/wp\/v2\/media\/1509"}],"wp:attachment":[{"href":"https:\/\/mascasascruilles.cat\/es\/wp-json\/wp\/v2\/media?parent=2596"}],"wp:term":[{"taxonomy":"product_brand","embeddable":true,"href":"https:\/\/mascasascruilles.cat\/es\/wp-json\/wp\/v2\/product_brand?post=2596"},{"taxonomy":"product_cat","embeddable":true,"href":"https:\/\/mascasascruilles.cat\/es\/wp-json\/wp\/v2\/product_cat?post=2596"},{"taxonomy":"product_tag","embeddable":true,"href":"https:\/\/mascasascruilles.cat\/es\/wp-json\/wp\/v2\/product_tag?post=2596"}],"curies":[{"name":"wp","href":"https:\/\/api.w.org\/{rel}","templated":true}]}}