{"id":592,"date":"2022-02-07T16:10:35","date_gmt":"2022-02-07T16:10:35","guid":{"rendered":"http:\/\/dp2zbneb"},"modified":"2026-04-14T10:04:23","modified_gmt":"2026-04-14T08:04:23","slug":"llana_ovella_neta","status":"publish","type":"product","link":"https:\/\/mascasascruilles.cat\/es\/producto\/llana_ovella_neta\/","title":{"rendered":"Lana de oveja limpia"},"content":{"rendered":"<p>La lana de oveja es una fibra natural obtenida del proceso de esquilar el reba\u00f1o de ovejas antes del verano. Despu\u00e9s de un proceso de limpieza por parte de una empresa especializada, la lana limpia es un material ideal para hacer fieltro o rellenar colchones, pufs, almohadas, peluches o lo que desee! La lana de oveja limpia se comercializa en bolsas de un kilo.<\/p>\n<section class=\"elementor-section elementor-top-section elementor-element elementor-element-afe05e7 elementor-section-boxed elementor-section-height-default elementor-section-height-default\" data-id=\"afe05e7\" data-element_type=\"section\">\n<div class=\"elementor-container elementor-column-gap-default\">\n<div class=\"elementor-column elementor-col-100 elementor-top-column elementor-element elementor-element-47e0f9b\" data-id=\"47e0f9b\" data-element_type=\"column\">\n<div class=\"elementor-widget-wrap elementor-element-populated\">\n<div class=\"elementor-element elementor-element-aef44c9 elementor-widget elementor-widget-text-editor\" data-id=\"aef44c9\" data-element_type=\"widget\" data-widget_type=\"text-editor.default\">\n<div class=\"elementor-widget-container\">\n<p><strong>Las caracter\u00edsticas de la lana var\u00edan seg\u00fan la raza de la oveja, la parte del animal de donde provenga y su edad, pero \u00bfqu\u00e9 caracter\u00edsticas tiene la lana respecto a otros materiales?<\/strong><\/p>\n<ul>\n<li>La lana es reutilizable y biodegradable. La lana es una fibra natural m\u00e1s costosa que los tejidos sint\u00e9ticos, pero tiende a durar m\u00e1s tiempo y obtener mejores resultados. Adem\u00e1s es muy f\u00e1cil de reciclar y, eventualmente, se degrada naturalmente sin dejar subproductos contaminantes.<\/li>\n<li>Para el tratamiento de la lana se necesita mucha menos energ\u00eda que para producir fibras sint\u00e9ticas, provenientes de combustibles f\u00f3siles.<\/li>\n<li>La lana se compone de la misma prote\u00edna que la capa protectora externa de la piel y trabaja en total armon\u00eda con los mecanismos propios de protecci\u00f3n del cuerpo.<\/li>\n<li>La lana tiene alta capacidad higrosc\u00f3pica, es decir, absorbe la humedad ambiente cuando \u00e9sta es alta y libera humedad cuando el ambiente es seco. Esta caracter\u00edstica le permite tomar la humedad de la transpiraci\u00f3n y liberarla en el ambiente alej\u00e1ndola del cuerpo. Adem\u00e1s, este proceso f\u00edsico libera o consume calor, por lo que en un d\u00eda h\u00famedo y fr\u00edo, la lana absorbe la humedad liberando calor hacia el cuerpo y en un d\u00eda seco y c\u00e1lido, libera humedad y absorbe el calor del cuerpo dando una sensaci\u00f3n de frescura. \u00c9sta es una de las razones de su extraordinario confort.<\/li>\n<li>La lana tiene una alta resistencia al fuego. La lana se quema, pero a muy altas temperaturas, quema lentamente y es autoestingible. No se derrite y no se pega en la piel en caso de incendio.<\/li>\n<li>La lana es un gran aislante t\u00e9rmico y el\u00e9ctrico -no almacena electricidad est\u00e1tica-.<\/li>\n<li>La superficie encerada de la fibra retrasa la absorci\u00f3n de l\u00edquidos y, por tanto, de las manchas. La lana contiene caracter\u00edsticas anti-microbianas que previenen los malos olores y cuenta con una funci\u00f3n autolimpiante donde los olores del ambiente son repelidos inmediatamente y s\u00f3lo ventil\u00e1ndola al aire libre, la pieza recupera su olor neutro.<\/li>\n<li>La estructura de la lana, en escamas, le permite, en determinadas condiciones de humedad, calor y fricci\u00f3n, formar fuertes enlaces entre fibras que crean una densa trama (fieltro) sin necesidad de hilar o tejer las fibras.<\/li>\n<\/ul>\n<\/div>\n<\/div>\n<\/div>\n<\/div>\n<\/div>\n<\/section>\n<section class=\"elementor-section elementor-top-section elementor-element elementor-element-6994850 elementor-section-boxed elementor-section-height-default elementor-section-height-default\" data-id=\"6994850\" data-element_type=\"section\">\n<div class=\"elementor-container elementor-column-gap-default\">\n<div class=\"elementor-column elementor-col-100 elementor-top-column elementor-element elementor-element-ec8b052\" data-id=\"ec8b052\" data-element_type=\"column\">\n<div class=\"elementor-widget-wrap elementor-element-populated\"><\/div>\n<\/div>\n<div class=\"elementor-column elementor-col-100 elementor-top-column elementor-element elementor-element-9338dba\" data-id=\"9338dba\" data-element_type=\"column\">\n<div class=\"elementor-widget-wrap elementor-element-populated\">\n<div class=\"elementor-element elementor-element-c532dc5 elementor-widget elementor-widget-text-editor\" data-id=\"c532dc5\" data-element_type=\"widget\" data-widget_type=\"text-editor.default\">\n<div class=\"elementor-widget-container\">\n<p><strong>Y despu\u00e9s de comprar un producto de lana, \u00bfqu\u00e9?<\/strong><\/p>\n<p>La lana presenta cierta resistencia a las bacterias y hongos, pero estos microorganismos pueden atacarla si la lana se almacena en una atm\u00f3sfera h\u00fameda y con polvo. A continuaci\u00f3n te damos varios consejos para su correcto mantenimiento.<\/p>\n<ul>\n<li>La limpieza debe realizarse a mano, con agua fr\u00eda, o en la lavadora, con un programa de lana, sin centrifugado. No utilice detergentes o productos qu\u00edmicos. La forma m\u00e1s natural de hacerlo es con un chorro de vinagre. Mantener la misma temperatura del agua durante el lavado es tan importante como que \u00e9ste sea corto. Una vez limpia la puede secar estirada en horizontal para que no coja malas formas pero nunca con la secadora.<\/li>\n<li>\u00a0La lana es una fibra natural y, por tanto, propicia a que se cr\u00eden colmenas que la pueden estropear muy r\u00e1pidamente. Le aconsejamos que sea cuidadoso y ponga un tratamiento preventivo. Por ejemplo, poner unas gotas de aceite esencial de cedro, bolas de madera de cedro o un ramito de ajedrea seca o de lavanda dentro de sus armarios y cajones.<\/li>\n<\/ul>\n<\/div>\n<\/div>\n<\/div>\n<\/div>\n<\/div>\n<\/section>","protected":false},"excerpt":{"rendered":"<p>Lana de oveja limpia, material natural ideal para hacer fieltro o rellenar colchones, pufs, almohadas, peluches o lo que desee!<\/p>\n<p>Se comercializa en bolsas de un kilo.<\/p>","protected":false},"featured_media":1644,"template":"","meta":{"_kad_blocks_custom_css":"","_kad_blocks_head_custom_js":"","_kad_blocks_body_custom_js":"","_kad_blocks_footer_custom_js":"","_kadence_starter_templates_imported_post":false,"_kad_post_transparent":"default","_kad_post_title":"","_kad_post_layout":"default","_kad_post_sidebar_id":"","_kad_post_content_style":"default","_kad_post_vertical_padding":"default","_kad_post_feature":"","_kad_post_feature_position":"","_kad_post_header":false,"_kad_post_footer":false,"_kad_post_classname":""},"product_brand":[],"product_cat":[44],"product_tag":[],"class_list":{"0":"post-592","1":"product","2":"type-product","3":"status-publish","4":"has-post-thumbnail","6":"product_cat-llana","7":"product_shipping_class-enviament-nacional","9":"first","10":"instock","11":"taxable","12":"shipping-taxable","13":"purchasable","14":"product-type-simple","15":"entry","16":"content-bg","17":"loop-entry"},"yoast_head":"<!-- This site is optimized with the Yoast SEO plugin v27.4 - https:\/\/yoast.com\/product\/yoast-seo-wordpress\/ -->\n<title>Llana d&#039;ovella neta - Mas Casas Cru\u00eflles<\/title>\n<meta name=\"description\" content=\"Llana d\u2019ovella neta, material natural ideal per fer feltre o farcir matalassos, pufs, coixins, peluixos o el que vulgueu!\" \/>\n<meta name=\"robots\" content=\"index, follow, max-snippet:-1, max-image-preview:large, max-video-preview:-1\" \/>\n<link rel=\"canonical\" href=\"https:\/\/mascasascruilles.cat\/es\/producto\/llana_ovella_neta\/\" \/>\n<meta property=\"og:locale\" content=\"es_ES\" \/>\n<meta property=\"og:type\" content=\"article\" \/>\n<meta property=\"og:title\" content=\"Llana d&#039;ovella neta - Mas Casas Cru\u00eflles\" \/>\n<meta property=\"og:description\" content=\"Llana d\u2019ovella neta, material natural ideal per fer feltre o farcir matalassos, pufs, coixins, peluixos o el que vulgueu!\" \/>\n<meta property=\"og:url\" content=\"https:\/\/mascasascruilles.cat\/es\/producto\/llana_ovella_neta\/\" \/>\n<meta property=\"og:site_name\" content=\"Mas Casas Cru\u00eflles\" \/>\n<meta property=\"article:modified_time\" content=\"2026-04-14T08:04:23+00:00\" \/>\n<meta property=\"og:image\" content=\"https:\/\/mascasascruilles.cat\/wp-content\/uploads\/2022\/02\/@MasCasasCruilles-llana-neta-scaled.jpg\" \/>\n\t<meta property=\"og:image:width\" content=\"1920\" \/>\n\t<meta property=\"og:image:height\" content=\"2560\" \/>\n\t<meta property=\"og:image:type\" content=\"image\/jpeg\" \/>\n<meta name=\"twitter:card\" content=\"summary_large_image\" \/>\n<meta name=\"twitter:label1\" content=\"Tiempo de lectura\" \/>\n\t<meta name=\"twitter:data1\" content=\"4 minutos\" \/>\n<script type=\"application\/ld+json\" class=\"yoast-schema-graph\">{\"@context\":\"https:\\\/\\\/schema.org\",\"@graph\":[{\"@type\":\"WebPage\",\"@id\":\"https:\\\/\\\/mascasascruilles.cat\\\/producte\\\/llana_ovella_neta\\\/\",\"url\":\"https:\\\/\\\/mascasascruilles.cat\\\/producte\\\/llana_ovella_neta\\\/\",\"name\":\"Llana d'ovella neta - Mas Casas Cru\u00eflles\",\"isPartOf\":{\"@id\":\"https:\\\/\\\/mascasascruilles.cat\\\/#website\"},\"primaryImageOfPage\":{\"@id\":\"https:\\\/\\\/mascasascruilles.cat\\\/producte\\\/llana_ovella_neta\\\/#primaryimage\"},\"image\":{\"@id\":\"https:\\\/\\\/mascasascruilles.cat\\\/producte\\\/llana_ovella_neta\\\/#primaryimage\"},\"thumbnailUrl\":\"https:\\\/\\\/mascasascruilles.cat\\\/wp-content\\\/uploads\\\/2022\\\/02\\\/@MasCasasCruilles-llana-neta-scaled.jpg\",\"datePublished\":\"2022-02-07T16:10:35+00:00\",\"dateModified\":\"2026-04-14T08:04:23+00:00\",\"description\":\"Llana d\u2019ovella neta, material natural ideal per fer feltre o farcir matalassos, pufs, coixins, peluixos o el que vulgueu!\",\"breadcrumb\":{\"@id\":\"https:\\\/\\\/mascasascruilles.cat\\\/producte\\\/llana_ovella_neta\\\/#breadcrumb\"},\"inLanguage\":\"es\",\"potentialAction\":[{\"@type\":\"ReadAction\",\"target\":[\"https:\\\/\\\/mascasascruilles.cat\\\/producte\\\/llana_ovella_neta\\\/\"]}]},{\"@type\":\"ImageObject\",\"inLanguage\":\"es\",\"@id\":\"https:\\\/\\\/mascasascruilles.cat\\\/producte\\\/llana_ovella_neta\\\/#primaryimage\",\"url\":\"https:\\\/\\\/mascasascruilles.cat\\\/wp-content\\\/uploads\\\/2022\\\/02\\\/@MasCasasCruilles-llana-neta-scaled.jpg\",\"contentUrl\":\"https:\\\/\\\/mascasascruilles.cat\\\/wp-content\\\/uploads\\\/2022\\\/02\\\/@MasCasasCruilles-llana-neta-scaled.jpg\",\"width\":1920,\"height\":2560,\"caption\":\"Llana ovella neta per farcir\"},{\"@type\":\"BreadcrumbList\",\"@id\":\"https:\\\/\\\/mascasascruilles.cat\\\/producte\\\/llana_ovella_neta\\\/#breadcrumb\",\"itemListElement\":[{\"@type\":\"ListItem\",\"position\":1,\"name\":\"Inici\",\"item\":\"https:\\\/\\\/mascasascruilles.cat\\\/\"},{\"@type\":\"ListItem\",\"position\":2,\"name\":\"Botiga\",\"item\":\"https:\\\/\\\/mascasascruilles.cat\\\/botiga\\\/\"},{\"@type\":\"ListItem\",\"position\":3,\"name\":\"Llana d&#8217;ovella neta\"}]},{\"@type\":\"WebSite\",\"@id\":\"https:\\\/\\\/mascasascruilles.cat\\\/#website\",\"url\":\"https:\\\/\\\/mascasascruilles.cat\\\/\",\"name\":\"Mas Casas Cru\u00eflles\",\"description\":\"Granja familiar amb ovelles a Empord\u00e0\",\"publisher\":{\"@id\":\"https:\\\/\\\/mascasascruilles.cat\\\/#organization\"},\"potentialAction\":[{\"@type\":\"SearchAction\",\"target\":{\"@type\":\"EntryPoint\",\"urlTemplate\":\"https:\\\/\\\/mascasascruilles.cat\\\/?s={search_term_string}\"},\"query-input\":{\"@type\":\"PropertyValueSpecification\",\"valueRequired\":true,\"valueName\":\"search_term_string\"}}],\"inLanguage\":\"es\"},{\"@type\":\"Organization\",\"@id\":\"https:\\\/\\\/mascasascruilles.cat\\\/#organization\",\"name\":\"Mas Casas Cru\u00eflles\",\"url\":\"https:\\\/\\\/mascasascruilles.cat\\\/\",\"logo\":{\"@type\":\"ImageObject\",\"inLanguage\":\"es\",\"@id\":\"https:\\\/\\\/mascasascruilles.cat\\\/#\\\/schema\\\/logo\\\/image\\\/\",\"url\":\"https:\\\/\\\/mascasascruilles.cat\\\/wp-content\\\/uploads\\\/2022\\\/02\\\/cropped-logo_mascasas_negre.jpg\",\"contentUrl\":\"https:\\\/\\\/mascasascruilles.cat\\\/wp-content\\\/uploads\\\/2022\\\/02\\\/cropped-logo_mascasas_negre.jpg\",\"width\":756,\"height\":756,\"caption\":\"Mas Casas Cru\u00eflles\"},\"image\":{\"@id\":\"https:\\\/\\\/mascasascruilles.cat\\\/#\\\/schema\\\/logo\\\/image\\\/\"}}]}<\/script>\n<!-- \/ Yoast SEO plugin. -->","yoast_head_json":{"title":"Llana d'ovella neta - Mas Casas Cru\u00eflles","description":"Llana d\u2019ovella neta, material natural ideal per fer feltre o farcir matalassos, pufs, coixins, peluixos o el que vulgueu!","robots":{"index":"index","follow":"follow","max-snippet":"max-snippet:-1","max-image-preview":"max-image-preview:large","max-video-preview":"max-video-preview:-1"},"canonical":"https:\/\/mascasascruilles.cat\/es\/producto\/llana_ovella_neta\/","og_locale":"es_ES","og_type":"article","og_title":"Llana d'ovella neta - Mas Casas Cru\u00eflles","og_description":"Llana d\u2019ovella neta, material natural ideal per fer feltre o farcir matalassos, pufs, coixins, peluixos o el que vulgueu!","og_url":"https:\/\/mascasascruilles.cat\/es\/producto\/llana_ovella_neta\/","og_site_name":"Mas Casas Cru\u00eflles","article_modified_time":"2026-04-14T08:04:23+00:00","og_image":[{"width":1920,"height":2560,"url":"https:\/\/mascasascruilles.cat\/wp-content\/uploads\/2022\/02\/@MasCasasCruilles-llana-neta-scaled.jpg","type":"image\/jpeg"}],"twitter_card":"summary_large_image","twitter_misc":{"Tiempo de lectura":"4 minutos"},"schema":{"@context":"https:\/\/schema.org","@graph":[{"@type":"WebPage","@id":"https:\/\/mascasascruilles.cat\/producte\/llana_ovella_neta\/","url":"https:\/\/mascasascruilles.cat\/producte\/llana_ovella_neta\/","name":"Llana d'ovella neta - Mas Casas Cru\u00eflles","isPartOf":{"@id":"https:\/\/mascasascruilles.cat\/#website"},"primaryImageOfPage":{"@id":"https:\/\/mascasascruilles.cat\/producte\/llana_ovella_neta\/#primaryimage"},"image":{"@id":"https:\/\/mascasascruilles.cat\/producte\/llana_ovella_neta\/#primaryimage"},"thumbnailUrl":"https:\/\/mascasascruilles.cat\/wp-content\/uploads\/2022\/02\/@MasCasasCruilles-llana-neta-scaled.jpg","datePublished":"2022-02-07T16:10:35+00:00","dateModified":"2026-04-14T08:04:23+00:00","description":"Llana d\u2019ovella neta, material natural ideal per fer feltre o farcir matalassos, pufs, coixins, peluixos o el que vulgueu!","breadcrumb":{"@id":"https:\/\/mascasascruilles.cat\/producte\/llana_ovella_neta\/#breadcrumb"},"inLanguage":"es","potentialAction":[{"@type":"ReadAction","target":["https:\/\/mascasascruilles.cat\/producte\/llana_ovella_neta\/"]}]},{"@type":"ImageObject","inLanguage":"es","@id":"https:\/\/mascasascruilles.cat\/producte\/llana_ovella_neta\/#primaryimage","url":"https:\/\/mascasascruilles.cat\/wp-content\/uploads\/2022\/02\/@MasCasasCruilles-llana-neta-scaled.jpg","contentUrl":"https:\/\/mascasascruilles.cat\/wp-content\/uploads\/2022\/02\/@MasCasasCruilles-llana-neta-scaled.jpg","width":1920,"height":2560,"caption":"Llana ovella neta per farcir"},{"@type":"BreadcrumbList","@id":"https:\/\/mascasascruilles.cat\/producte\/llana_ovella_neta\/#breadcrumb","itemListElement":[{"@type":"ListItem","position":1,"name":"Inici","item":"https:\/\/mascasascruilles.cat\/"},{"@type":"ListItem","position":2,"name":"Botiga","item":"https:\/\/mascasascruilles.cat\/botiga\/"},{"@type":"ListItem","position":3,"name":"Llana d&#8217;ovella neta"}]},{"@type":"WebSite","@id":"https:\/\/mascasascruilles.cat\/#website","url":"https:\/\/mascasascruilles.cat\/","name":"Mas Casas Cru\u00eflles","description":"Granja familiar con ovejas en Empord\u00e0","publisher":{"@id":"https:\/\/mascasascruilles.cat\/#organization"},"potentialAction":[{"@type":"SearchAction","target":{"@type":"EntryPoint","urlTemplate":"https:\/\/mascasascruilles.cat\/?s={search_term_string}"},"query-input":{"@type":"PropertyValueSpecification","valueRequired":true,"valueName":"search_term_string"}}],"inLanguage":"es"},{"@type":"Organization","@id":"https:\/\/mascasascruilles.cat\/#organization","name":"Mas Casas Cru\u00eflles","url":"https:\/\/mascasascruilles.cat\/","logo":{"@type":"ImageObject","inLanguage":"es","@id":"https:\/\/mascasascruilles.cat\/#\/schema\/logo\/image\/","url":"https:\/\/mascasascruilles.cat\/wp-content\/uploads\/2022\/02\/cropped-logo_mascasas_negre.jpg","contentUrl":"https:\/\/mascasascruilles.cat\/wp-content\/uploads\/2022\/02\/cropped-logo_mascasas_negre.jpg","width":756,"height":756,"caption":"Mas Casas Cru\u00eflles"},"image":{"@id":"https:\/\/mascasascruilles.cat\/#\/schema\/logo\/image\/"}}]}},"taxonomy_info":{"product_cat":[{"value":44,"label":"Llana"}]},"featured_image_src_large":["https:\/\/mascasascruilles.cat\/wp-content\/uploads\/2022\/02\/@MasCasasCruilles-llana-neta-768x1024.jpg",768,1024,true],"author_info":[],"comment_info":"","_links":{"self":[{"href":"https:\/\/mascasascruilles.cat\/es\/wp-json\/wp\/v2\/product\/592","targetHints":{"allow":["GET"]}}],"collection":[{"href":"https:\/\/mascasascruilles.cat\/es\/wp-json\/wp\/v2\/product"}],"about":[{"href":"https:\/\/mascasascruilles.cat\/es\/wp-json\/wp\/v2\/types\/product"}],"wp:featuredmedia":[{"embeddable":true,"href":"https:\/\/mascasascruilles.cat\/es\/wp-json\/wp\/v2\/media\/1644"}],"wp:attachment":[{"href":"https:\/\/mascasascruilles.cat\/es\/wp-json\/wp\/v2\/media?parent=592"}],"wp:term":[{"taxonomy":"product_brand","embeddable":true,"href":"https:\/\/mascasascruilles.cat\/es\/wp-json\/wp\/v2\/product_brand?post=592"},{"taxonomy":"product_cat","embeddable":true,"href":"https:\/\/mascasascruilles.cat\/es\/wp-json\/wp\/v2\/product_cat?post=592"},{"taxonomy":"product_tag","embeddable":true,"href":"https:\/\/mascasascruilles.cat\/es\/wp-json\/wp\/v2\/product_tag?post=592"}],"curies":[{"name":"wp","href":"https:\/\/api.w.org\/{rel}","templated":true}]}}