{"id":602,"date":"2022-02-07T16:10:35","date_gmt":"2022-02-07T16:10:35","guid":{"rendered":"http:\/\/dp2zbneb"},"modified":"2026-01-25T23:00:40","modified_gmt":"2026-01-25T22:00:40","slug":"conjunt_crema_hidratant_i_gel_de_dutxa","status":"publish","type":"product","link":"https:\/\/mascasascruilles.cat\/es\/producto\/conjunt_crema_hidratant_i_gel_de_dutxa\/","title":{"rendered":"Conjunto de crema hidratante y gel de ducha a base de leche de oveja"},"content":{"rendered":"<p><strong>Conjunto de crema hidratante y gel de ducha con ingredientes naturales de alta calidad, a base de leche de oveja del propio reba\u00f1o. Productos de cosm\u00e9tica natural para personas de todas las edades y todo tipo de pieles, especialmente para pieles at\u00f3picas y sensibles que necesitan una hidrataci\u00f3n profunda y duradera.<\/strong><\/p>\n<p>Adem\u00e1s de hidratar y ofrecer un cuidado especial y delicado, la crema y el hielo se pueden utilizar tanto por el cuerpo como por la cara. La crema hidratante lleva aceite esencial de lavanda que permite disfrutar el olor de esta planta arom\u00e1tica que hay en nuestra finca. El gel de ducha desprende el olor del bosque y de la hierba de los campos donde pasta nuestro reba\u00f1o.<\/p>\n<p><strong>Modo de aplicaci\u00f3n:<\/strong><\/p>\n<p>Gel de ducha: Humedecer el cuerpo con agua abundante tibia. Verter el hielo sobre una esponja de ba\u00f1o y aplicarlo al cuerpo, masajear circularmente y con suavidad hasta conseguir una abundante y cremosa espuma. Enjuague con abundante agua tibia hasta no dejar restos del hielo de ba\u00f1o.<\/p>\n<p>Crema hidratante: Aplicar con las manos sobre la piel con masajes suaves hasta su completa absorci\u00f3n, evitando el contacto con heridas y ojos.<\/p>\n<p><strong>Precauciones:<\/strong><\/p>\n<ul>\n<li>Guardar los productos en lugar fresco y seco con los envases bien cerrados y sin exposici\u00f3n a la luz solar.<\/li>\n<li>Uso exclusivamente t\u00f3pico. Evitar su ingesta y el contacto con heridas y ojos.<\/li>\n<li>En caso de sentir molestias al aplicarlos, aclarar con abundante agua.<\/li>\n<\/ul>\n<p><strong>Ingredientes: <\/strong><\/p>\n<p>Gel de ducha:Aqua, Sodium laureth sulfate, Cocamidopropyl betaine, Sodium chloride, Glycerin, Disodium cocoamphodiacetate, Sheep milk, Persea gratissima oil, Citrus paradisi seed extract, Potasio sorbate, Sodium benzoate, Parfum, Sodiumcito Limonene*.<br \/>\n* Al\u00e9rgenos del perfume.<\/p>\n<p>Crema hidratante: Aqua, Sheep milk, Cetearyl alcohol, Butyrospermum parkii butter, Glyceryl stearate, Prunus armeniaca kernel oil, Persea gratissima oil, Glycerin, Tocopheryl acetate, Panthenol, Citrus paradisi seed extract, Xanthan gum glucoside, Potasio sorbate, Sodium benzoate, Parfum, Citric \u00e1cido, Limonene*, Hydroxycitronellal*, .Citronellol*, Linalool*, Eugenol*, Coumarin*, Geraniol*.<br \/>\n* Al\u00e9rgenos del perfume.<\/p>\n<p><strong>Fabricaci\u00f3n:<\/strong><\/p>\n<ul>\n<li>Fabricaci\u00f3n en un peque\u00f1o laboratorio cosm\u00e9tico ubicado en Catalu\u00f1a.<\/li>\n<li>La fabricaci\u00f3n de los productos cumplen los requisitos dispuestos en el art\u00edculo 8 del Reglamento (CE) N\u00ba. 1223\/2009, de 30 de noviembre, del Parlamento Europeo y del Consejo sobre productos cosm\u00e9ticos y de las directrices de buenas pr\u00e1cticas de fabricaci\u00f3n establecidas en la norma UNE-EN ISO 22716.<\/li>\n<li>Los productos se han realizado con los ingredientes especificados en el INCI.<\/li>\n<li>No se ha realizado, ni con la materia prima ni con el producto final, ning\u00fan experimento con animales, siguiendo los par\u00e1metros marcados por la legislaci\u00f3n vigente.<\/li>\n<\/ul>\n<p><strong>Envasado:<\/strong><\/p>\n<p>Tanto el hielo como la crema hidratante van en un envase PET de una capacidad de 200ml. Estamos muy comprometidos con el medio ambiente, por lo que te pedimos que introduzcas el producto en su contenedor de reciclaje correspondiente al final de su vida \u00fatil. Recicla estos materiales para completar su ciclo de vida.<\/p>\n<p>El hielo y la crema hidratante se presentan en una bolsa reutlizable ofreciendo una presentaci\u00f3n ideal como regalo.<\/p>","protected":false},"excerpt":{"rendered":"<ul>\n<li>Conjunto de gel de ducha y crema hidratante con ingredientes naturales de alta calidad, a base de leche de oveja del propio reba\u00f1o.<\/li>\n<li>Productos de cosm\u00e9tica natural para personas de todas las edades y todo tipo de pieles, especialmente para pieles at\u00f3picas y sensibles que necesitan una hidrataci\u00f3n profunda y duradera.<\/li>\n<li>Adem\u00e1s de hidratar y ofrecer un cuidado especial y delicado, el hielo y la crema hidratante se pueden utilizar tanto por el cuerpo como por la cara.<\/li>\n<li>Envases de una capacidad de 200ml en una bolsa reutilizable. Presentaci\u00f3n ideal como regalo.<\/li>\n<li>Elaborado en Catalu\u00f1a.<\/li>\n<\/ul>","protected":false},"featured_media":1637,"template":"","meta":{"_kad_blocks_custom_css":"","_kad_blocks_head_custom_js":"","_kad_blocks_body_custom_js":"","_kad_blocks_footer_custom_js":"","_kadence_starter_templates_imported_post":false,"_kad_post_transparent":"default","_kad_post_title":"","_kad_post_layout":"default","_kad_post_sidebar_id":"","_kad_post_content_style":"default","_kad_post_vertical_padding":"default","_kad_post_feature":"","_kad_post_feature_position":"","_kad_post_header":false,"_kad_post_footer":false,"_kad_post_classname":""},"product_brand":[],"product_cat":[43],"product_tag":[],"class_list":{"0":"post-602","1":"product","2":"type-product","3":"status-publish","4":"has-post-thumbnail","6":"product_cat-cosmetica-natural","7":"product_shipping_class-enviament-nacional","9":"first","10":"instock","11":"taxable","12":"shipping-taxable","13":"purchasable","14":"product-type-simple","15":"entry","16":"content-bg","17":"loop-entry"},"yoast_head":"<!-- This site is optimized with the Yoast SEO plugin v27.5 - https:\/\/yoast.com\/product\/yoast-seo-wordpress\/ -->\n<title>Conjunt de crema hidratant i gel de dutxa a base de llet d&#039;ovella - Mas Casas Cru\u00eflles<\/title>\n<meta name=\"robots\" content=\"index, follow, max-snippet:-1, max-image-preview:large, max-video-preview:-1\" \/>\n<link rel=\"canonical\" href=\"https:\/\/mascasascruilles.cat\/es\/producto\/conjunt_crema_hidratant_i_gel_de_dutxa\/\" \/>\n<meta property=\"og:locale\" content=\"es_ES\" \/>\n<meta property=\"og:type\" content=\"article\" \/>\n<meta property=\"og:title\" content=\"Conjunt de crema hidratant i gel de dutxa a base de llet d&#039;ovella - Mas Casas Cru\u00eflles\" \/>\n<meta property=\"og:description\" content=\"Conjunt de gel de dutxa i crema hidratant amb ingredients naturals d&#039;alta qualitat, a base de llet d&#039;ovella del propi ramat.  Productes de cosm\u00e8tica natural per a persones de totes les edats i per a tot tipus de pells, especialment per a pells at\u00f2piques i sensibles que necessiten una hidrataci\u00f3 profunda i duradera.  A m\u00e9s d&#039;hidratar i oferir un cuidat especial i delicat, el gel i la crema hidratant es poden utilitzar tant pel cos com per la cara.  Envasos d&#039;una capacitat de 200ml dins una bossa reutilitzable. Presentaci\u00f3 ideal com a regal.  Elaborat a Catalunya.\" \/>\n<meta property=\"og:url\" content=\"https:\/\/mascasascruilles.cat\/es\/producto\/conjunt_crema_hidratant_i_gel_de_dutxa\/\" \/>\n<meta property=\"og:site_name\" content=\"Mas Casas Cru\u00eflles\" \/>\n<meta property=\"article:modified_time\" content=\"2026-01-25T22:00:40+00:00\" \/>\n<meta property=\"og:image\" content=\"https:\/\/mascasascruilles.cat\/wp-content\/uploads\/2022\/02\/@MasCasasCruilles-pack-cosmetica-scaled.jpg\" \/>\n\t<meta property=\"og:image:width\" content=\"1920\" \/>\n\t<meta property=\"og:image:height\" content=\"2560\" \/>\n\t<meta property=\"og:image:type\" content=\"image\/jpeg\" \/>\n<meta name=\"twitter:card\" content=\"summary_large_image\" \/>\n<meta name=\"twitter:label1\" content=\"Tiempo de lectura\" \/>\n\t<meta name=\"twitter:data1\" content=\"3 minutos\" \/>\n<script type=\"application\/ld+json\" class=\"yoast-schema-graph\">{\"@context\":\"https:\\\/\\\/schema.org\",\"@graph\":[{\"@type\":\"WebPage\",\"@id\":\"https:\\\/\\\/mascasascruilles.cat\\\/producte\\\/conjunt_crema_hidratant_i_gel_de_dutxa\\\/\",\"url\":\"https:\\\/\\\/mascasascruilles.cat\\\/producte\\\/conjunt_crema_hidratant_i_gel_de_dutxa\\\/\",\"name\":\"Conjunt de crema hidratant i gel de dutxa a base de llet d'ovella - Mas Casas Cru\u00eflles\",\"isPartOf\":{\"@id\":\"https:\\\/\\\/mascasascruilles.cat\\\/#website\"},\"primaryImageOfPage\":{\"@id\":\"https:\\\/\\\/mascasascruilles.cat\\\/producte\\\/conjunt_crema_hidratant_i_gel_de_dutxa\\\/#primaryimage\"},\"image\":{\"@id\":\"https:\\\/\\\/mascasascruilles.cat\\\/producte\\\/conjunt_crema_hidratant_i_gel_de_dutxa\\\/#primaryimage\"},\"thumbnailUrl\":\"https:\\\/\\\/mascasascruilles.cat\\\/wp-content\\\/uploads\\\/2022\\\/02\\\/@MasCasasCruilles-pack-cosmetica-scaled.jpg\",\"datePublished\":\"2022-02-07T16:10:35+00:00\",\"dateModified\":\"2026-01-25T22:00:40+00:00\",\"breadcrumb\":{\"@id\":\"https:\\\/\\\/mascasascruilles.cat\\\/producte\\\/conjunt_crema_hidratant_i_gel_de_dutxa\\\/#breadcrumb\"},\"inLanguage\":\"es\",\"potentialAction\":[{\"@type\":\"ReadAction\",\"target\":[\"https:\\\/\\\/mascasascruilles.cat\\\/producte\\\/conjunt_crema_hidratant_i_gel_de_dutxa\\\/\"]}]},{\"@type\":\"ImageObject\",\"inLanguage\":\"es\",\"@id\":\"https:\\\/\\\/mascasascruilles.cat\\\/producte\\\/conjunt_crema_hidratant_i_gel_de_dutxa\\\/#primaryimage\",\"url\":\"https:\\\/\\\/mascasascruilles.cat\\\/wp-content\\\/uploads\\\/2022\\\/02\\\/@MasCasasCruilles-pack-cosmetica-scaled.jpg\",\"contentUrl\":\"https:\\\/\\\/mascasascruilles.cat\\\/wp-content\\\/uploads\\\/2022\\\/02\\\/@MasCasasCruilles-pack-cosmetica-scaled.jpg\",\"width\":1920,\"height\":2560},{\"@type\":\"BreadcrumbList\",\"@id\":\"https:\\\/\\\/mascasascruilles.cat\\\/producte\\\/conjunt_crema_hidratant_i_gel_de_dutxa\\\/#breadcrumb\",\"itemListElement\":[{\"@type\":\"ListItem\",\"position\":1,\"name\":\"Inici\",\"item\":\"https:\\\/\\\/mascasascruilles.cat\\\/\"},{\"@type\":\"ListItem\",\"position\":2,\"name\":\"Botiga\",\"item\":\"https:\\\/\\\/mascasascruilles.cat\\\/botiga\\\/\"},{\"@type\":\"ListItem\",\"position\":3,\"name\":\"Conjunt de crema hidratant i gel de dutxa a base de llet d&#8217;ovella\"}]},{\"@type\":\"WebSite\",\"@id\":\"https:\\\/\\\/mascasascruilles.cat\\\/#website\",\"url\":\"https:\\\/\\\/mascasascruilles.cat\\\/\",\"name\":\"Mas Casas Cru\u00eflles\",\"description\":\"Granja familiar amb ovelles a Empord\u00e0\",\"publisher\":{\"@id\":\"https:\\\/\\\/mascasascruilles.cat\\\/#organization\"},\"potentialAction\":[{\"@type\":\"SearchAction\",\"target\":{\"@type\":\"EntryPoint\",\"urlTemplate\":\"https:\\\/\\\/mascasascruilles.cat\\\/?s={search_term_string}\"},\"query-input\":{\"@type\":\"PropertyValueSpecification\",\"valueRequired\":true,\"valueName\":\"search_term_string\"}}],\"inLanguage\":\"es\"},{\"@type\":\"Organization\",\"@id\":\"https:\\\/\\\/mascasascruilles.cat\\\/#organization\",\"name\":\"Mas Casas Cru\u00eflles\",\"url\":\"https:\\\/\\\/mascasascruilles.cat\\\/\",\"logo\":{\"@type\":\"ImageObject\",\"inLanguage\":\"es\",\"@id\":\"https:\\\/\\\/mascasascruilles.cat\\\/#\\\/schema\\\/logo\\\/image\\\/\",\"url\":\"https:\\\/\\\/mascasascruilles.cat\\\/wp-content\\\/uploads\\\/2022\\\/02\\\/cropped-logo_mascasas_negre.jpg\",\"contentUrl\":\"https:\\\/\\\/mascasascruilles.cat\\\/wp-content\\\/uploads\\\/2022\\\/02\\\/cropped-logo_mascasas_negre.jpg\",\"width\":756,\"height\":756,\"caption\":\"Mas Casas Cru\u00eflles\"},\"image\":{\"@id\":\"https:\\\/\\\/mascasascruilles.cat\\\/#\\\/schema\\\/logo\\\/image\\\/\"}}]}<\/script>\n<!-- \/ Yoast SEO plugin. -->","yoast_head_json":{"title":"Conjunt de crema hidratant i gel de dutxa a base de llet d'ovella - Mas Casas Cru\u00eflles","robots":{"index":"index","follow":"follow","max-snippet":"max-snippet:-1","max-image-preview":"max-image-preview:large","max-video-preview":"max-video-preview:-1"},"canonical":"https:\/\/mascasascruilles.cat\/es\/producto\/conjunt_crema_hidratant_i_gel_de_dutxa\/","og_locale":"es_ES","og_type":"article","og_title":"Conjunt de crema hidratant i gel de dutxa a base de llet d'ovella - Mas Casas Cru\u00eflles","og_description":"Conjunt de gel de dutxa i crema hidratant amb ingredients naturals d'alta qualitat, a base de llet d'ovella del propi ramat.  Productes de cosm\u00e8tica natural per a persones de totes les edats i per a tot tipus de pells, especialment per a pells at\u00f2piques i sensibles que necessiten una hidrataci\u00f3 profunda i duradera.  A m\u00e9s d'hidratar i oferir un cuidat especial i delicat, el gel i la crema hidratant es poden utilitzar tant pel cos com per la cara.  Envasos d'una capacitat de 200ml dins una bossa reutilitzable. Presentaci\u00f3 ideal com a regal.  Elaborat a Catalunya.","og_url":"https:\/\/mascasascruilles.cat\/es\/producto\/conjunt_crema_hidratant_i_gel_de_dutxa\/","og_site_name":"Mas Casas Cru\u00eflles","article_modified_time":"2026-01-25T22:00:40+00:00","og_image":[{"width":1920,"height":2560,"url":"https:\/\/mascasascruilles.cat\/wp-content\/uploads\/2022\/02\/@MasCasasCruilles-pack-cosmetica-scaled.jpg","type":"image\/jpeg"}],"twitter_card":"summary_large_image","twitter_misc":{"Tiempo de lectura":"3 minutos"},"schema":{"@context":"https:\/\/schema.org","@graph":[{"@type":"WebPage","@id":"https:\/\/mascasascruilles.cat\/producte\/conjunt_crema_hidratant_i_gel_de_dutxa\/","url":"https:\/\/mascasascruilles.cat\/producte\/conjunt_crema_hidratant_i_gel_de_dutxa\/","name":"Conjunt de crema hidratant i gel de dutxa a base de llet d'ovella - Mas Casas Cru\u00eflles","isPartOf":{"@id":"https:\/\/mascasascruilles.cat\/#website"},"primaryImageOfPage":{"@id":"https:\/\/mascasascruilles.cat\/producte\/conjunt_crema_hidratant_i_gel_de_dutxa\/#primaryimage"},"image":{"@id":"https:\/\/mascasascruilles.cat\/producte\/conjunt_crema_hidratant_i_gel_de_dutxa\/#primaryimage"},"thumbnailUrl":"https:\/\/mascasascruilles.cat\/wp-content\/uploads\/2022\/02\/@MasCasasCruilles-pack-cosmetica-scaled.jpg","datePublished":"2022-02-07T16:10:35+00:00","dateModified":"2026-01-25T22:00:40+00:00","breadcrumb":{"@id":"https:\/\/mascasascruilles.cat\/producte\/conjunt_crema_hidratant_i_gel_de_dutxa\/#breadcrumb"},"inLanguage":"es","potentialAction":[{"@type":"ReadAction","target":["https:\/\/mascasascruilles.cat\/producte\/conjunt_crema_hidratant_i_gel_de_dutxa\/"]}]},{"@type":"ImageObject","inLanguage":"es","@id":"https:\/\/mascasascruilles.cat\/producte\/conjunt_crema_hidratant_i_gel_de_dutxa\/#primaryimage","url":"https:\/\/mascasascruilles.cat\/wp-content\/uploads\/2022\/02\/@MasCasasCruilles-pack-cosmetica-scaled.jpg","contentUrl":"https:\/\/mascasascruilles.cat\/wp-content\/uploads\/2022\/02\/@MasCasasCruilles-pack-cosmetica-scaled.jpg","width":1920,"height":2560},{"@type":"BreadcrumbList","@id":"https:\/\/mascasascruilles.cat\/producte\/conjunt_crema_hidratant_i_gel_de_dutxa\/#breadcrumb","itemListElement":[{"@type":"ListItem","position":1,"name":"Inici","item":"https:\/\/mascasascruilles.cat\/"},{"@type":"ListItem","position":2,"name":"Botiga","item":"https:\/\/mascasascruilles.cat\/botiga\/"},{"@type":"ListItem","position":3,"name":"Conjunt de crema hidratant i gel de dutxa a base de llet d&#8217;ovella"}]},{"@type":"WebSite","@id":"https:\/\/mascasascruilles.cat\/#website","url":"https:\/\/mascasascruilles.cat\/","name":"Mas Casas Cru\u00eflles","description":"Granja familiar con ovejas en Empord\u00e0","publisher":{"@id":"https:\/\/mascasascruilles.cat\/#organization"},"potentialAction":[{"@type":"SearchAction","target":{"@type":"EntryPoint","urlTemplate":"https:\/\/mascasascruilles.cat\/?s={search_term_string}"},"query-input":{"@type":"PropertyValueSpecification","valueRequired":true,"valueName":"search_term_string"}}],"inLanguage":"es"},{"@type":"Organization","@id":"https:\/\/mascasascruilles.cat\/#organization","name":"Mas Casas Cru\u00eflles","url":"https:\/\/mascasascruilles.cat\/","logo":{"@type":"ImageObject","inLanguage":"es","@id":"https:\/\/mascasascruilles.cat\/#\/schema\/logo\/image\/","url":"https:\/\/mascasascruilles.cat\/wp-content\/uploads\/2022\/02\/cropped-logo_mascasas_negre.jpg","contentUrl":"https:\/\/mascasascruilles.cat\/wp-content\/uploads\/2022\/02\/cropped-logo_mascasas_negre.jpg","width":756,"height":756,"caption":"Mas Casas Cru\u00eflles"},"image":{"@id":"https:\/\/mascasascruilles.cat\/#\/schema\/logo\/image\/"}}]}},"taxonomy_info":{"product_cat":[{"value":43,"label":"Cosm\u00e8tica natural"}]},"featured_image_src_large":["https:\/\/mascasascruilles.cat\/wp-content\/uploads\/2022\/02\/@MasCasasCruilles-pack-cosmetica-768x1024.jpg",768,1024,true],"author_info":[],"comment_info":"","_links":{"self":[{"href":"https:\/\/mascasascruilles.cat\/es\/wp-json\/wp\/v2\/product\/602","targetHints":{"allow":["GET"]}}],"collection":[{"href":"https:\/\/mascasascruilles.cat\/es\/wp-json\/wp\/v2\/product"}],"about":[{"href":"https:\/\/mascasascruilles.cat\/es\/wp-json\/wp\/v2\/types\/product"}],"wp:featuredmedia":[{"embeddable":true,"href":"https:\/\/mascasascruilles.cat\/es\/wp-json\/wp\/v2\/media\/1637"}],"wp:attachment":[{"href":"https:\/\/mascasascruilles.cat\/es\/wp-json\/wp\/v2\/media?parent=602"}],"wp:term":[{"taxonomy":"product_brand","embeddable":true,"href":"https:\/\/mascasascruilles.cat\/es\/wp-json\/wp\/v2\/product_brand?post=602"},{"taxonomy":"product_cat","embeddable":true,"href":"https:\/\/mascasascruilles.cat\/es\/wp-json\/wp\/v2\/product_cat?post=602"},{"taxonomy":"product_tag","embeddable":true,"href":"https:\/\/mascasascruilles.cat\/es\/wp-json\/wp\/v2\/product_tag?post=602"}],"curies":[{"name":"wp","href":"https:\/\/api.w.org\/{rel}","templated":true}]}}